{"id":1881,"date":"2022-03-31T10:56:07","date_gmt":"2022-03-31T04:56:07","guid":{"rendered":"https:\/\/r2-toys.com\/?post_type=product&#038;p=1881"},"modified":"2024-03-07T07:54:03","modified_gmt":"2024-03-07T01:54:03","slug":"halcon-milenario","status":"publish","type":"product","link":"https:\/\/r2-toys.com\/index.php\/product\/halcon-milenario\/","title":{"rendered":"Halc\u00f3n Milenario"},"content":{"rendered":"<p>Carguero ligero corelliano<span class=\"Apple-converted-space\">\u00a0 <\/span>modificado, el Halc\u00f3n Milenario es una leyenda en los c\u00edrculos de contrabandistas. Considerado la chatarra m\u00e1s r\u00e1pido de la galaxia que hizo el Kessel Run en menos de 12 parsecs. Ha jugado un papel en algunas de las mayores victorias de la Alianza Rebelde y la Nueva Rep\u00fablica. A pesar de sus defectos, sus due\u00f1os la aman: Han Solo y Chewbacca pasaron a\u00f1os buscando en la galaxia la nave que alguna vez llamaron hogar, y se regocijaron cuando finalmente la recuperaron.<\/p>\n<p>En empaque Vintage original para<span class=\"Apple-converted-space\">\u00a0 <\/span>figuras de 9.5cm con detalles<span class=\"Apple-converted-space\">\u00a0 <\/span>incre\u00edbles.<\/p>\n<p>El Veh\u00edculo incluye c\u00e1psula de escape, 2 figuras, 6 figuras de Porg y 2 accesorios.<\/p>\n<p>Edad recomendada: 4 a\u00f1os en adelante<\/p>\n<p>\u26a0\ufe0fADVERTENCIA: PELIGRO DE ASFIXIA &#8211; Piezas peque\u00f1as. No apto para ni\u00f1os menores de 4 a\u00f1os.<\/p>\n<p>Los productos Star Wars son producidos por Hasbro bajo licencia de Lucasfilm Ltd.<\/p>\n<p>Hasbro y todos los t\u00e9rminos relacionados son marcas registradas de Hasbro.<\/p>\n","protected":false},"excerpt":{"rendered":"<p>Carguero ligero corelliano<span class=\"Apple-converted-space\">\u00a0 <\/span>modificado, el Halc\u00f3n Milenario es una leyenda en los c\u00edrculos de contrabandistas. Considerado la chatarra m\u00e1s r\u00e1pido de la galaxia que hizo el Kessel Run en menos de 12 parsecs. Ha jugado un papel en algunas de las mayores victorias de la Alianza Rebelde y la Nueva Rep\u00fablica. A pesar de sus defectos, sus due\u00f1os la aman: Han Solo y Chewbacca pasaron a\u00f1os buscando en la galaxia la nave que alguna vez llamaron hogar, y se regocijaron cuando finalmente la recuperaron.<\/p>\n","protected":false},"featured_media":4310,"comment_status":"open","ping_status":"closed","template":"","meta":[],"product_brand":[],"product_cat":[27],"product_tag":[],"class_list":{"0":"post-1881","1":"product","2":"type-product","3":"status-publish","4":"has-post-thumbnail","6":"product_cat-naves","8":"first","9":"outofstock","10":"taxable","11":"shipping-taxable","12":"purchasable","13":"product-type-simple"},"_links":{"self":[{"href":"https:\/\/r2-toys.com\/index.php\/wp-json\/wp\/v2\/product\/1881","targetHints":{"allow":["GET"]}}],"collection":[{"href":"https:\/\/r2-toys.com\/index.php\/wp-json\/wp\/v2\/product"}],"about":[{"href":"https:\/\/r2-toys.com\/index.php\/wp-json\/wp\/v2\/types\/product"}],"replies":[{"embeddable":true,"href":"https:\/\/r2-toys.com\/index.php\/wp-json\/wp\/v2\/comments?post=1881"}],"wp:featuredmedia":[{"embeddable":true,"href":"https:\/\/r2-toys.com\/index.php\/wp-json\/wp\/v2\/media\/4310"}],"wp:attachment":[{"href":"https:\/\/r2-toys.com\/index.php\/wp-json\/wp\/v2\/media?parent=1881"}],"wp:term":[{"taxonomy":"product_brand","embeddable":true,"href":"https:\/\/r2-toys.com\/index.php\/wp-json\/wp\/v2\/product_brand?post=1881"},{"taxonomy":"product_cat","embeddable":true,"href":"https:\/\/r2-toys.com\/index.php\/wp-json\/wp\/v2\/product_cat?post=1881"},{"taxonomy":"product_tag","embeddable":true,"href":"https:\/\/r2-toys.com\/index.php\/wp-json\/wp\/v2\/product_tag?post=1881"}],"curies":[{"name":"wp","href":"https:\/\/api.w.org\/{rel}","templated":true}]}}