{"id":1884,"date":"2022-03-25T04:07:22","date_gmt":"2022-03-24T22:07:22","guid":{"rendered":"https:\/\/r2-toys.com\/?post_type=product&#038;p=1884"},"modified":"2023-06-05T09:57:54","modified_gmt":"2023-06-05T03:57:54","slug":"speeder-bike-scout-trooper-and-the-child","status":"publish","type":"product","link":"https:\/\/r2-toys.com\/index.php\/product\/speeder-bike-scout-trooper-and-the-child\/","title":{"rendered":"Speeder Bike Scout Trooper and The Child"},"content":{"rendered":"<p>Los Troopers Scout estaban ligeramente blindados en comparaci\u00f3n con otros Troopers, lo que les permiti\u00f3 moverse m\u00e1s r\u00e1pida y f\u00e1cilmente en diferentes ambientes, Las Speeder Bike son comunes en toda la galaxia, tanto modelos civiles como militares y son capaces de viajar a alta velocidad pero requieren habilidad y reflejos r\u00e1pidos. Figura de 15 cm basada en The Mandalorian<span class=\"Apple-converted-space\">\u00a0 <\/span>totalmente articulado e incluye accesorios.<\/p>\n<p>Edad recomendada: 4 a\u00f1os en adelante<\/p>\n<p>\u26a0\ufe0fADVERTENCIA: PELIGRO DE ASFIXIA &#8211; Piezas peque\u00f1as. No apto para ni\u00f1os menores de 4 a\u00f1os.<\/p>\n<p>Los productos Star Wars son producidos por Hasbro bajo licencia de Lucasfilm Ltd.<\/p>\n<p>Hasbro y todos los t\u00e9rminos relacionados son marcas registradas de Hasbro.<\/p>\n","protected":false},"excerpt":{"rendered":"<p>Los Troopers Scout estaban ligeramente blindados en comparaci\u00f3n con otros Troopers, lo que les permiti\u00f3 moverse m\u00e1s r\u00e1pida y f\u00e1cilmente en diferentes ambientes, Las Speeder Bike son comunes en toda la galaxia, tanto modelos civiles como militares y son capaces de viajar a alta velocidad pero requieren habilidad y reflejos r\u00e1pidos.<\/p>\n","protected":false},"featured_media":2749,"comment_status":"open","ping_status":"closed","template":"","meta":[],"product_brand":[],"product_cat":[27],"product_tag":[],"class_list":{"0":"post-1884","1":"product","2":"type-product","3":"status-publish","4":"has-post-thumbnail","6":"product_cat-naves","8":"first","9":"instock","10":"taxable","11":"shipping-taxable","12":"purchasable","13":"product-type-simple"},"_links":{"self":[{"href":"https:\/\/r2-toys.com\/index.php\/wp-json\/wp\/v2\/product\/1884","targetHints":{"allow":["GET"]}}],"collection":[{"href":"https:\/\/r2-toys.com\/index.php\/wp-json\/wp\/v2\/product"}],"about":[{"href":"https:\/\/r2-toys.com\/index.php\/wp-json\/wp\/v2\/types\/product"}],"replies":[{"embeddable":true,"href":"https:\/\/r2-toys.com\/index.php\/wp-json\/wp\/v2\/comments?post=1884"}],"wp:featuredmedia":[{"embeddable":true,"href":"https:\/\/r2-toys.com\/index.php\/wp-json\/wp\/v2\/media\/2749"}],"wp:attachment":[{"href":"https:\/\/r2-toys.com\/index.php\/wp-json\/wp\/v2\/media?parent=1884"}],"wp:term":[{"taxonomy":"product_brand","embeddable":true,"href":"https:\/\/r2-toys.com\/index.php\/wp-json\/wp\/v2\/product_brand?post=1884"},{"taxonomy":"product_cat","embeddable":true,"href":"https:\/\/r2-toys.com\/index.php\/wp-json\/wp\/v2\/product_cat?post=1884"},{"taxonomy":"product_tag","embeddable":true,"href":"https:\/\/r2-toys.com\/index.php\/wp-json\/wp\/v2\/product_tag?post=1884"}],"curies":[{"name":"wp","href":"https:\/\/api.w.org\/{rel}","templated":true}]}}