{"id":1885,"date":"2022-03-25T04:19:23","date_gmt":"2022-03-24T22:19:23","guid":{"rendered":"https:\/\/r2-toys.com\/?post_type=product&#038;p=1885"},"modified":"2023-09-20T21:52:23","modified_gmt":"2023-09-20T15:52:23","slug":"tatooine-skiff","status":"publish","type":"product","link":"https:\/\/r2-toys.com\/index.php\/product\/tatooine-skiff\/","title":{"rendered":"Tatooine Skiff"},"content":{"rendered":"<p>Jabba The Hutt ordena que Luke Skywalker caminen por el tabl\u00f3n del Skiff. Esperando debajo de Luke est\u00e1 la boca del Sarlacc. La batalla comienza, Luke, Han solo, Chewbacca, y Lando Calrissian intentan luchar contra el Sindicado Hutt y escapar.<\/p>\n<p>En empaque Vintage para<span class=\"Apple-converted-space\">\u00a0 <\/span>figuras de 9.5cm, cuentan con la marca Kenner original con detalles<span class=\"Apple-converted-space\">\u00a0 <\/span>incre\u00edbles.<\/p>\n<p>Edad recomendada: 4 a\u00f1os en adelante<\/p>\n<p>\u26a0\ufe0fADVERTENCIA: PELIGRO DE ASFIXIA &#8211; Piezas peque\u00f1as. No apto para ni\u00f1os menores de 4 a\u00f1os.<\/p>\n<p>Los productos Star Wars son producidos por Hasbro bajo licencia de Lucasfilm Ltd.<\/p>\n<p>Hasbro y todos los t\u00e9rminos relacionados son marcas registradas de Hasbro.<\/p>\n","protected":false},"excerpt":{"rendered":"<p>Jabba The Hutt ordena que Luke Skywalker caminen por el tabl\u00f3n del Skiff. Esperando debajo de Luke est\u00e1 la boca del Sarlacc. La batalla comienza, Luke, Han solo, Chewbacca, y Lando Calrissian intentan luchar contra el Sindicado Hutt y escapar.<\/p>\n","protected":false},"featured_media":2754,"comment_status":"open","ping_status":"closed","template":"","meta":[],"product_brand":[],"product_cat":[27],"product_tag":[],"class_list":{"0":"post-1885","1":"product","2":"type-product","3":"status-publish","4":"has-post-thumbnail","6":"product_cat-naves","8":"first","9":"outofstock","10":"taxable","11":"shipping-taxable","12":"purchasable","13":"product-type-simple"},"_links":{"self":[{"href":"https:\/\/r2-toys.com\/index.php\/wp-json\/wp\/v2\/product\/1885","targetHints":{"allow":["GET"]}}],"collection":[{"href":"https:\/\/r2-toys.com\/index.php\/wp-json\/wp\/v2\/product"}],"about":[{"href":"https:\/\/r2-toys.com\/index.php\/wp-json\/wp\/v2\/types\/product"}],"replies":[{"embeddable":true,"href":"https:\/\/r2-toys.com\/index.php\/wp-json\/wp\/v2\/comments?post=1885"}],"wp:featuredmedia":[{"embeddable":true,"href":"https:\/\/r2-toys.com\/index.php\/wp-json\/wp\/v2\/media\/2754"}],"wp:attachment":[{"href":"https:\/\/r2-toys.com\/index.php\/wp-json\/wp\/v2\/media?parent=1885"}],"wp:term":[{"taxonomy":"product_brand","embeddable":true,"href":"https:\/\/r2-toys.com\/index.php\/wp-json\/wp\/v2\/product_brand?post=1885"},{"taxonomy":"product_cat","embeddable":true,"href":"https:\/\/r2-toys.com\/index.php\/wp-json\/wp\/v2\/product_cat?post=1885"},{"taxonomy":"product_tag","embeddable":true,"href":"https:\/\/r2-toys.com\/index.php\/wp-json\/wp\/v2\/product_tag?post=1885"}],"curies":[{"name":"wp","href":"https:\/\/api.w.org\/{rel}","templated":true}]}}