{"id":1886,"date":"2022-03-25T04:21:25","date_gmt":"2022-03-24T22:21:25","guid":{"rendered":"https:\/\/r2-toys.com\/?post_type=product&#038;p=1886"},"modified":"2022-08-02T00:02:46","modified_gmt":"2022-08-01T18:02:46","slug":"v-wing-fighter","status":"publish","type":"product","link":"https:\/\/r2-toys.com\/index.php\/product\/v-wing-fighter\/","title":{"rendered":"V-WING FIGHTER"},"content":{"rendered":"<p>Lazado por primera vez en los \u00faltimos d\u00edas de la Rep\u00fablica, el caza V-wing incorpor\u00f3 avances tecnol\u00f3gicos del ARC-170 y el V-19 y el dise\u00f1o de los cazas estelares Jedi. El veloz caza demostr\u00f3 ser ideal para tareas de escolta, y acompa\u00f1aron al Emperador hacia y desde el sistema Mustafar cuando Palpatine rescat\u00f3 a Darth Vader.<\/p>\n<p>Edad recomendada: 4 a\u00f1os en adelante<\/p>\n<p>\u26a0\ufe0fADVERTENCIA: PELIGRO DE ASFIXIA &#8211; Piezas peque\u00f1as. No apto para ni\u00f1os menores de 4 a\u00f1os.<\/p>\n<p>Los productos Star Wars son producidos por Hasbro bajo licencia de Lucasfilm Ltd.<\/p>\n<p>Hasbro y todos los t\u00e9rminos relacionados son marcas registradas de Hasbro.<\/p>\n","protected":false},"excerpt":{"rendered":"<p>Lazado por primera vez en los \u00faltimos d\u00edas de la Rep\u00fablica, el caza V-wing incorpor\u00f3 avances tecnol\u00f3gicos del ARC-170 y el V-19 y el dise\u00f1o de los cazas estelares Jedi. El veloz caza demostr\u00f3 ser ideal para tareas de escolta, y acompa\u00f1aron al Emperador hacia y desde el sistema Mustafar cuando Palpatine rescat\u00f3 a Darth Vader.<\/p>\n","protected":false},"featured_media":2760,"comment_status":"open","ping_status":"closed","template":"","meta":[],"product_brand":[],"product_cat":[27],"product_tag":[],"class_list":{"0":"post-1886","1":"product","2":"type-product","3":"status-publish","4":"has-post-thumbnail","6":"product_cat-naves","8":"first","9":"instock","10":"taxable","11":"shipping-taxable","12":"purchasable","13":"product-type-simple"},"_links":{"self":[{"href":"https:\/\/r2-toys.com\/index.php\/wp-json\/wp\/v2\/product\/1886","targetHints":{"allow":["GET"]}}],"collection":[{"href":"https:\/\/r2-toys.com\/index.php\/wp-json\/wp\/v2\/product"}],"about":[{"href":"https:\/\/r2-toys.com\/index.php\/wp-json\/wp\/v2\/types\/product"}],"replies":[{"embeddable":true,"href":"https:\/\/r2-toys.com\/index.php\/wp-json\/wp\/v2\/comments?post=1886"}],"wp:featuredmedia":[{"embeddable":true,"href":"https:\/\/r2-toys.com\/index.php\/wp-json\/wp\/v2\/media\/2760"}],"wp:attachment":[{"href":"https:\/\/r2-toys.com\/index.php\/wp-json\/wp\/v2\/media?parent=1886"}],"wp:term":[{"taxonomy":"product_brand","embeddable":true,"href":"https:\/\/r2-toys.com\/index.php\/wp-json\/wp\/v2\/product_brand?post=1886"},{"taxonomy":"product_cat","embeddable":true,"href":"https:\/\/r2-toys.com\/index.php\/wp-json\/wp\/v2\/product_cat?post=1886"},{"taxonomy":"product_tag","embeddable":true,"href":"https:\/\/r2-toys.com\/index.php\/wp-json\/wp\/v2\/product_tag?post=1886"}],"curies":[{"name":"wp","href":"https:\/\/api.w.org\/{rel}","templated":true}]}}