{"id":1889,"date":"2022-03-25T00:45:58","date_gmt":"2022-03-24T18:45:58","guid":{"rendered":"https:\/\/r2-toys.com\/?post_type=product&#038;p=1889"},"modified":"2022-08-02T00:02:47","modified_gmt":"2022-08-01T18:02:47","slug":"boba-fett-re-armored","status":"publish","type":"product","link":"https:\/\/r2-toys.com\/index.php\/product\/boba-fett-re-armored\/","title":{"rendered":"BOBA FETT (RE-ARMORED)"},"content":{"rendered":"<p>Una vez considerado como uno de los cazarrecompensas m\u00e1s temibles y capaces de la galaxia, Boba Fett aparentemente muri\u00f3 en el pozo Sarlacc en Tatooine. Fett ha sobrevivido a la bestia y ahora ha recuperado su distintiva armadura mandaloriana.<\/p>\n<p>Con una decoraci\u00f3n muy detallada, acolchado interior, ajustable y luces electr\u00f3nicas.<\/p>\n<p>Con solo presionar un bot\u00f3n, el visor desciende, activando 2 LED rojos que parpadean en un patr\u00f3n de &#8220;caza&#8221;, as\u00ed como un HUD de tel\u00e9metro iluminado con LED blanco<\/p>\n<p>Inspirado en El Mandalorian con el Casco Electr\u00f3nico de Boba Fett<\/p>\n<p>REQUIERE BATER\u00cdAS ALCALINAS AAA DE 1.5v. No incluidas.<\/p>\n<p>Edad recomendada: 14 a\u00f1os en adelante<\/p>\n<p>\u26a0\ufe0fADVERTENCIA: PELIGRO DE ASFIXIA &#8211; Piezas peque\u00f1as. No apto para ni\u00f1os menores de 14 a\u00f1os.<\/p>\n<p>Los productos Star Wars son producidos por Hasbro bajo licencia de Lucasfilm Ltd.<\/p>\n<p>Hasbro y todos los t\u00e9rminos relacionados son marcas registradas de Hasbro.<\/p>\n","protected":false},"excerpt":{"rendered":"<p>Una vez considerado como uno de los cazarrecompensas m\u00e1s temibles y capaces de la galaxia, Boba Fett aparentemente muri\u00f3 en el pozo Sarlacc en Tatooine. Fett ha sobrevivido a la bestia y ahora ha recuperado su distintiva armadura mandaloriana.<\/p>\n","protected":false},"featured_media":2619,"comment_status":"open","ping_status":"closed","template":"","meta":[],"product_brand":[],"product_cat":[26],"product_tag":[],"class_list":{"0":"post-1889","1":"product","2":"type-product","3":"status-publish","4":"has-post-thumbnail","6":"product_cat-cascos","8":"first","9":"instock","10":"taxable","11":"shipping-taxable","12":"purchasable","13":"product-type-simple"},"_links":{"self":[{"href":"https:\/\/r2-toys.com\/index.php\/wp-json\/wp\/v2\/product\/1889","targetHints":{"allow":["GET"]}}],"collection":[{"href":"https:\/\/r2-toys.com\/index.php\/wp-json\/wp\/v2\/product"}],"about":[{"href":"https:\/\/r2-toys.com\/index.php\/wp-json\/wp\/v2\/types\/product"}],"replies":[{"embeddable":true,"href":"https:\/\/r2-toys.com\/index.php\/wp-json\/wp\/v2\/comments?post=1889"}],"wp:featuredmedia":[{"embeddable":true,"href":"https:\/\/r2-toys.com\/index.php\/wp-json\/wp\/v2\/media\/2619"}],"wp:attachment":[{"href":"https:\/\/r2-toys.com\/index.php\/wp-json\/wp\/v2\/media?parent=1889"}],"wp:term":[{"taxonomy":"product_brand","embeddable":true,"href":"https:\/\/r2-toys.com\/index.php\/wp-json\/wp\/v2\/product_brand?post=1889"},{"taxonomy":"product_cat","embeddable":true,"href":"https:\/\/r2-toys.com\/index.php\/wp-json\/wp\/v2\/product_cat?post=1889"},{"taxonomy":"product_tag","embeddable":true,"href":"https:\/\/r2-toys.com\/index.php\/wp-json\/wp\/v2\/product_tag?post=1889"}],"curies":[{"name":"wp","href":"https:\/\/api.w.org\/{rel}","templated":true}]}}