{"id":1895,"date":"2022-03-25T01:11:57","date_gmt":"2022-03-24T19:11:57","guid":{"rendered":"https:\/\/r2-toys.com\/?post_type=product&#038;p=1895"},"modified":"2024-02-21T06:32:21","modified_gmt":"2024-02-21T00:32:21","slug":"luke-skywalker-battle-simulation","status":"publish","type":"product","link":"https:\/\/r2-toys.com\/index.php\/product\/luke-skywalker-battle-simulation\/","title":{"rendered":"Luke Skywalker Battle Simulation"},"content":{"rendered":"<p>Volando un X-wing o un Snowspeeder, Luke Skywalker us\u00f3 su ic\u00f3nico casco en la batalla contra el Imperio.<\/p>\n<p>Las luces LED sincronizadas dentro del visor simulan las explosiones de los veh\u00edculos enemigos y las 3 bocinas crean una experiencia de simulaci\u00f3n de batalla de sonido envolvente, con efectos especiales de disparo de energ\u00eda y comunicaci\u00f3n de R2-D2.<\/p>\n<p>Con una decoraci\u00f3n muy detallada y acolchado interior.<\/p>\n<p>REQUIERE BATER\u00cdAS ALCALINAS AAA DE 1.5v. No incluidas.<\/p>\n<p>Edad recomendada: 14 a\u00f1os en adelante<\/p>\n<p>\u26a0\ufe0fADVERTENCIA: PELIGRO DE ASFIXIA &#8211; Piezas peque\u00f1as. No apto para ni\u00f1os menores de 14 a\u00f1os.<\/p>\n<p>Los productos Star Wars son producidos por Hasbro bajo licencia de Lucasfilm Ltd.<\/p>\n<p>Hasbro y todos los t\u00e9rminos relacionados son marcas registradas de Hasbro.<\/p>\n","protected":false},"excerpt":{"rendered":"<p>Volando un X-wing o un Snowspeeder, Luke Skywalker us\u00f3 su ic\u00f3nico casco en la batalla contra el Imperio.<\/p>\n","protected":false},"featured_media":2646,"comment_status":"open","ping_status":"closed","template":"","meta":[],"product_brand":[],"product_cat":[26],"product_tag":[],"class_list":{"0":"post-1895","1":"product","2":"type-product","3":"status-publish","4":"has-post-thumbnail","6":"product_cat-cascos","8":"first","9":"outofstock","10":"taxable","11":"shipping-taxable","12":"purchasable","13":"product-type-simple"},"_links":{"self":[{"href":"https:\/\/r2-toys.com\/index.php\/wp-json\/wp\/v2\/product\/1895","targetHints":{"allow":["GET"]}}],"collection":[{"href":"https:\/\/r2-toys.com\/index.php\/wp-json\/wp\/v2\/product"}],"about":[{"href":"https:\/\/r2-toys.com\/index.php\/wp-json\/wp\/v2\/types\/product"}],"replies":[{"embeddable":true,"href":"https:\/\/r2-toys.com\/index.php\/wp-json\/wp\/v2\/comments?post=1895"}],"wp:featuredmedia":[{"embeddable":true,"href":"https:\/\/r2-toys.com\/index.php\/wp-json\/wp\/v2\/media\/2646"}],"wp:attachment":[{"href":"https:\/\/r2-toys.com\/index.php\/wp-json\/wp\/v2\/media?parent=1895"}],"wp:term":[{"taxonomy":"product_brand","embeddable":true,"href":"https:\/\/r2-toys.com\/index.php\/wp-json\/wp\/v2\/product_brand?post=1895"},{"taxonomy":"product_cat","embeddable":true,"href":"https:\/\/r2-toys.com\/index.php\/wp-json\/wp\/v2\/product_cat?post=1895"},{"taxonomy":"product_tag","embeddable":true,"href":"https:\/\/r2-toys.com\/index.php\/wp-json\/wp\/v2\/product_tag?post=1895"}],"curies":[{"name":"wp","href":"https:\/\/api.w.org\/{rel}","templated":true}]}}