{"id":1897,"date":"2022-03-25T01:12:44","date_gmt":"2022-03-24T19:12:44","guid":{"rendered":"https:\/\/r2-toys.com\/?post_type=product&#038;p=1897"},"modified":"2026-01-05T21:26:24","modified_gmt":"2026-01-05T15:26:24","slug":"stormtrooper","status":"publish","type":"product","link":"https:\/\/r2-toys.com\/index.php\/product\/stormtrooper\/","title":{"rendered":"STORMTROOPER Helmet"},"content":{"rendered":"<p>Las legiones sin rostro de soldados que sirven al Imperio Gal\u00e1ctico, envueltos en una armadura blanca, son leales imperiales que se someten a un riguroso entrenamiento.<\/p>\n<p>Con una decoraci\u00f3n muy detallada, acolchado interior, ajustable y un cambiador de voz electr\u00f3nico.<\/p>\n<p>REQUIERE BATER\u00cdAS ALCALINAS AAA DE 1.5v. No incluidas.<\/p>\n<p>Edad recomendada: 14 a\u00f1os en adelante<\/p>\n<p>\u26a0\ufe0fADVERTENCIA: PELIGRO DE ASFIXIA &#8211; Piezas peque\u00f1as. No apto para ni\u00f1os menores de 14 a\u00f1os.<\/p>\n<p>Los productos Star Wars son producidos por Hasbro bajo licencia de Lucasfilm Ltd.<\/p>\n<p>Hasbro y todos los t\u00e9rminos relacionados son marcas registradas de Hasbro.<\/p>\n","protected":false},"excerpt":{"rendered":"<p>Las legiones sin rostro de soldados que sirven al Imperio Gal\u00e1ctico, envueltos en una armadura blanca, son leales imperiales que se someten a un riguroso entrenamiento.<\/p>\n","protected":false},"featured_media":2653,"comment_status":"open","ping_status":"closed","template":"","meta":[],"product_brand":[],"product_cat":[26],"product_tag":[],"class_list":{"0":"post-1897","1":"product","2":"type-product","3":"status-publish","4":"has-post-thumbnail","6":"product_cat-cascos","8":"first","9":"outofstock","10":"taxable","11":"shipping-taxable","12":"purchasable","13":"product-type-simple"},"_links":{"self":[{"href":"https:\/\/r2-toys.com\/index.php\/wp-json\/wp\/v2\/product\/1897","targetHints":{"allow":["GET"]}}],"collection":[{"href":"https:\/\/r2-toys.com\/index.php\/wp-json\/wp\/v2\/product"}],"about":[{"href":"https:\/\/r2-toys.com\/index.php\/wp-json\/wp\/v2\/types\/product"}],"replies":[{"embeddable":true,"href":"https:\/\/r2-toys.com\/index.php\/wp-json\/wp\/v2\/comments?post=1897"}],"wp:featuredmedia":[{"embeddable":true,"href":"https:\/\/r2-toys.com\/index.php\/wp-json\/wp\/v2\/media\/2653"}],"wp:attachment":[{"href":"https:\/\/r2-toys.com\/index.php\/wp-json\/wp\/v2\/media?parent=1897"}],"wp:term":[{"taxonomy":"product_brand","embeddable":true,"href":"https:\/\/r2-toys.com\/index.php\/wp-json\/wp\/v2\/product_brand?post=1897"},{"taxonomy":"product_cat","embeddable":true,"href":"https:\/\/r2-toys.com\/index.php\/wp-json\/wp\/v2\/product_cat?post=1897"},{"taxonomy":"product_tag","embeddable":true,"href":"https:\/\/r2-toys.com\/index.php\/wp-json\/wp\/v2\/product_tag?post=1897"}],"curies":[{"name":"wp","href":"https:\/\/api.w.org\/{rel}","templated":true}]}}