{"id":1898,"date":"2022-03-25T01:15:06","date_gmt":"2022-03-24T19:15:06","guid":{"rendered":"https:\/\/r2-toys.com\/?post_type=product&#038;p=1898"},"modified":"2026-03-02T22:28:54","modified_gmt":"2026-03-02T16:28:54","slug":"the-mandalorian-5","status":"publish","type":"product","link":"https:\/\/r2-toys.com\/index.php\/product\/the-mandalorian-5\/","title":{"rendered":"THE MANDALORIAN"},"content":{"rendered":"<p>Nadie est\u00e1 seguro de qui\u00e9n es El Mandaloriano, un cazarrecompensas formidable en una galaxia cada vez m\u00e1s peligrosa. Su cuerpo est\u00e1 protegido con una armadura beskar, su rostro est\u00e1 oculto detr\u00e1s de una m\u00e1scara con visera en forma de T y su pasado est\u00e1 envuelto en misterio.<\/p>\n<p>Con una decoraci\u00f3n muy detallada, acolchado interior, ajustable, con una luz t\u00e1ctica removible y luces interiores de bienvenida.<\/p>\n<p>REQUIERE BATER\u00cdAS ALCALINAS AAA DE 1.5v. No incluidas.<\/p>\n<p>Edad recomendada: 14 a\u00f1os en adelante<\/p>\n<p>\u26a0\ufe0fADVERTENCIA: PELIGRO DE ASFIXIA &#8211; Piezas peque\u00f1as. No apto para ni\u00f1os menores de 14 a\u00f1os.<\/p>\n<p>Los productos Star Wars son producidos por Hasbro bajo licencia de Lucasfilm Ltd.<\/p>\n<p>Hasbro y todos los t\u00e9rminos relacionados son marcas registradas de Hasbro.<\/p>\n","protected":false},"excerpt":{"rendered":"<p>Nadie est\u00e1 seguro de qui\u00e9n es El Mandaloriano, un cazarrecompensas formidable en una galaxia cada vez m\u00e1s peligrosa. Su cuerpo est\u00e1 protegido con una armadura beskar, su rostro est\u00e1 oculto detr\u00e1s de una m\u00e1scara con visera en forma de T y su pasado est\u00e1 envuelto en misterio.<\/p>\n","protected":false},"featured_media":2656,"comment_status":"open","ping_status":"closed","template":"","meta":[],"product_brand":[],"product_cat":[26],"product_tag":[],"class_list":{"0":"post-1898","1":"product","2":"type-product","3":"status-publish","4":"has-post-thumbnail","6":"product_cat-cascos","8":"first","9":"outofstock","10":"taxable","11":"shipping-taxable","12":"purchasable","13":"product-type-simple"},"_links":{"self":[{"href":"https:\/\/r2-toys.com\/index.php\/wp-json\/wp\/v2\/product\/1898","targetHints":{"allow":["GET"]}}],"collection":[{"href":"https:\/\/r2-toys.com\/index.php\/wp-json\/wp\/v2\/product"}],"about":[{"href":"https:\/\/r2-toys.com\/index.php\/wp-json\/wp\/v2\/types\/product"}],"replies":[{"embeddable":true,"href":"https:\/\/r2-toys.com\/index.php\/wp-json\/wp\/v2\/comments?post=1898"}],"wp:featuredmedia":[{"embeddable":true,"href":"https:\/\/r2-toys.com\/index.php\/wp-json\/wp\/v2\/media\/2656"}],"wp:attachment":[{"href":"https:\/\/r2-toys.com\/index.php\/wp-json\/wp\/v2\/media?parent=1898"}],"wp:term":[{"taxonomy":"product_brand","embeddable":true,"href":"https:\/\/r2-toys.com\/index.php\/wp-json\/wp\/v2\/product_brand?post=1898"},{"taxonomy":"product_cat","embeddable":true,"href":"https:\/\/r2-toys.com\/index.php\/wp-json\/wp\/v2\/product_cat?post=1898"},{"taxonomy":"product_tag","embeddable":true,"href":"https:\/\/r2-toys.com\/index.php\/wp-json\/wp\/v2\/product_tag?post=1898"}],"curies":[{"name":"wp","href":"https:\/\/api.w.org\/{rel}","templated":true}]}}