{"id":1899,"date":"2022-03-25T01:15:48","date_gmt":"2022-03-24T19:15:48","guid":{"rendered":"https:\/\/r2-toys.com\/?post_type=product&#038;p=1899"},"modified":"2024-05-03T06:53:05","modified_gmt":"2024-05-03T00:53:05","slug":"wedge-antilles","status":"publish","type":"product","link":"https:\/\/r2-toys.com\/index.php\/product\/wedge-antilles\/","title":{"rendered":"Wedge Antilles"},"content":{"rendered":"<p>Un talentoso joven piloto rebelde de Correllia, Wedge Antilles sobrevivi\u00f3 al ataque a la primera Estrella de la Muerte y vol\u00f3 un Snowspeeder en la defensa de la Base Echo en Hoth.<\/p>\n<p>Las luces LED sincronizadas dentro del visor simulan las explosiones de los veh\u00edculos enemigos y las 3 bocinas crean una experiencia de simulaci\u00f3n de batalla de sonido envolvente, con efectos especiales de disparo de energ\u00eda y comunicaci\u00f3n de R2-A3.<\/p>\n<p>Con una decoraci\u00f3n muy detallada y acolchado interior.<\/p>\n<p>REQUIERE BATER\u00cdAS ALCALINAS AAA DE 1.5v. No incluidas.<\/p>\n<p>Edad recomendada: 14 a\u00f1os en adelante<\/p>\n<p>\u26a0\ufe0fADVERTENCIA: PELIGRO DE ASFIXIA &#8211; Piezas peque\u00f1as. No apto para ni\u00f1os menores de 14 a\u00f1os.<\/p>\n<p>Los productos Star Wars son producidos por Hasbro bajo licencia de Lucasfilm Ltd.<\/p>\n<p>Hasbro y todos los t\u00e9rminos relacionados son marcas registradas de Hasbro.<\/p>\n","protected":false},"excerpt":{"rendered":"<p>Un talentoso joven piloto rebelde de Correllia, Wedge Antilles sobrevivi\u00f3 al ataque a la primera Estrella de la Muerte y vol\u00f3 un Snowspeeder en la defensa de la Base Echo en Hoth.<\/p>\n","protected":false},"featured_media":2659,"comment_status":"open","ping_status":"closed","template":"","meta":[],"product_brand":[],"product_cat":[26],"product_tag":[],"class_list":{"0":"post-1899","1":"product","2":"type-product","3":"status-publish","4":"has-post-thumbnail","6":"product_cat-cascos","8":"first","9":"outofstock","10":"taxable","11":"shipping-taxable","12":"purchasable","13":"product-type-simple"},"_links":{"self":[{"href":"https:\/\/r2-toys.com\/index.php\/wp-json\/wp\/v2\/product\/1899","targetHints":{"allow":["GET"]}}],"collection":[{"href":"https:\/\/r2-toys.com\/index.php\/wp-json\/wp\/v2\/product"}],"about":[{"href":"https:\/\/r2-toys.com\/index.php\/wp-json\/wp\/v2\/types\/product"}],"replies":[{"embeddable":true,"href":"https:\/\/r2-toys.com\/index.php\/wp-json\/wp\/v2\/comments?post=1899"}],"wp:featuredmedia":[{"embeddable":true,"href":"https:\/\/r2-toys.com\/index.php\/wp-json\/wp\/v2\/media\/2659"}],"wp:attachment":[{"href":"https:\/\/r2-toys.com\/index.php\/wp-json\/wp\/v2\/media?parent=1899"}],"wp:term":[{"taxonomy":"product_brand","embeddable":true,"href":"https:\/\/r2-toys.com\/index.php\/wp-json\/wp\/v2\/product_brand?post=1899"},{"taxonomy":"product_cat","embeddable":true,"href":"https:\/\/r2-toys.com\/index.php\/wp-json\/wp\/v2\/product_cat?post=1899"},{"taxonomy":"product_tag","embeddable":true,"href":"https:\/\/r2-toys.com\/index.php\/wp-json\/wp\/v2\/product_tag?post=1899"}],"curies":[{"name":"wp","href":"https:\/\/api.w.org\/{rel}","templated":true}]}}