{"id":1901,"date":"2022-03-26T07:17:11","date_gmt":"2022-03-26T01:17:11","guid":{"rendered":"https:\/\/r2-toys.com\/?post_type=product&#038;p=1901"},"modified":"2022-06-10T20:24:19","modified_gmt":"2022-06-10T14:24:19","slug":"at-st-bandai","status":"publish","type":"product","link":"https:\/\/r2-toys.com\/index.php\/product\/at-st-bandai\/","title":{"rendered":"AT-ST BANDAI"},"content":{"rendered":"<p>El AT-ST sirvi\u00f3 como una adici\u00f3n imperial de los campos de batalla en la Guerra Civil Gal\u00e1ctica. El veh\u00edculo de dos tripulantes est\u00e1 ligeramente armada con ca\u00f1ones l\u00e1ser montados al frente y lateralmente. El transporte de dos patas, sirve como veh\u00edculo de reconocimiento y patrulla. Los imperiales usaron AT-ST tanto en la Batalla de Hoth como en la Batalla de Endor.<\/p>\n<p>AT-ST escala 1:48 de pl\u00e1stico para armar a presi\u00f3n, cuenta con multiples detalles y funciones m\u00f3viles como:<span class=\"Apple-converted-space\">\u00a0 <\/span>Piernas articuladas, cabeza giratoria, dos figuras en el interior de la cabina y escotillas m\u00f3viles. Incluye una base tem\u00e1tica<span class=\"Apple-converted-space\">\u00a0 <\/span>para exhibici\u00f3n. No requiere pegamento e incluye calcoman\u00edas.<\/p>\n<p>Edad recomendada: 14 a\u00f1os en adelante<\/p>\n<p>\u26a0\ufe0fADVERTENCIA: PELIGRO DE ASFIXIA &#8211; Piezas peque\u00f1as. No apto para ni\u00f1os menores de 14 a\u00f1os.<\/p>\n<p>Los productos Star Wars son producidos por Bandai bajo licencia de Lucasfilm Ltd.<\/p>\n<p>Bandai y todos los t\u00e9rminos relacionados son marcas registradas de Bandai.<\/p>\n","protected":false},"excerpt":{"rendered":"<p>El AT-ST sirvi\u00f3 como una adici\u00f3n imperial de los campos de batalla en la Guerra Civil Gal\u00e1ctica. El veh\u00edculo de dos tripulantes est\u00e1 ligeramente armada con ca\u00f1ones l\u00e1ser montados al frente y lateralmente. El transporte de dos patas, sirve como veh\u00edculo de reconocimiento y patrulla. Los imperiales usaron AT-ST tanto en la Batalla de Hoth como en la Batalla de Endor.<\/p>\n","protected":false},"featured_media":2844,"comment_status":"open","ping_status":"closed","template":"","meta":[],"product_brand":[],"product_cat":[25],"product_tag":[],"class_list":{"0":"post-1901","1":"product","2":"type-product","3":"status-publish","4":"has-post-thumbnail","6":"product_cat-armables","8":"first","9":"instock","10":"taxable","11":"shipping-taxable","12":"purchasable","13":"product-type-simple"},"_links":{"self":[{"href":"https:\/\/r2-toys.com\/index.php\/wp-json\/wp\/v2\/product\/1901","targetHints":{"allow":["GET"]}}],"collection":[{"href":"https:\/\/r2-toys.com\/index.php\/wp-json\/wp\/v2\/product"}],"about":[{"href":"https:\/\/r2-toys.com\/index.php\/wp-json\/wp\/v2\/types\/product"}],"replies":[{"embeddable":true,"href":"https:\/\/r2-toys.com\/index.php\/wp-json\/wp\/v2\/comments?post=1901"}],"wp:featuredmedia":[{"embeddable":true,"href":"https:\/\/r2-toys.com\/index.php\/wp-json\/wp\/v2\/media\/2844"}],"wp:attachment":[{"href":"https:\/\/r2-toys.com\/index.php\/wp-json\/wp\/v2\/media?parent=1901"}],"wp:term":[{"taxonomy":"product_brand","embeddable":true,"href":"https:\/\/r2-toys.com\/index.php\/wp-json\/wp\/v2\/product_brand?post=1901"},{"taxonomy":"product_cat","embeddable":true,"href":"https:\/\/r2-toys.com\/index.php\/wp-json\/wp\/v2\/product_cat?post=1901"},{"taxonomy":"product_tag","embeddable":true,"href":"https:\/\/r2-toys.com\/index.php\/wp-json\/wp\/v2\/product_tag?post=1901"}],"curies":[{"name":"wp","href":"https:\/\/api.w.org\/{rel}","templated":true}]}}