{"id":1902,"date":"2022-03-26T05:03:44","date_gmt":"2022-03-25T23:03:44","guid":{"rendered":"https:\/\/r2-toys.com\/?post_type=product&#038;p=1902"},"modified":"2023-06-23T14:37:11","modified_gmt":"2023-06-23T08:37:11","slug":"bb-8-r2-d2","status":"publish","type":"product","link":"https:\/\/r2-toys.com\/index.php\/product\/bb-8-r2-d2\/","title":{"rendered":"BB-8 &#038; R2-D2"},"content":{"rendered":"<p>BB-8 un astromec\u00e1nico asustadizo pero leal, acompa\u00f1\u00f3 a Poe Dameron en muchas misiones para la Resistencia.<\/p>\n<p>R2-D2, droide astromec\u00e1nico confiable y vers\u00e1til, sirvi\u00f3 a Padm\u00e9 Amidala, Anakin Skywalker y Luke Skywalker, mostrando una gran valent\u00eda al rescatar a sus maestros y amigos de muchos peligros.<\/p>\n<p>Estas dos figuras de pl\u00e1stico escala 1:12 basadas en The Force Awakens incluye soporte de exhibici\u00f3n y calcoman\u00edas.<\/p>\n<p>La figura BB-8 realmente rueda al ser ensamblada, BB-8 mide aproximadamente 5.5cm y R2-D2 aproximadamente 9.15cm<span class=\"Apple-converted-space\">\u00a0 \u00a0<\/span><\/p>\n<p>Edad recomendada: 14 a\u00f1os en adelante<\/p>\n<p>\u26a0\ufe0fADVERTENCIA: PELIGRO DE ASFIXIA &#8211; Piezas peque\u00f1as. No apto para ni\u00f1os menores de 14 a\u00f1os.<\/p>\n<p>Los productos Star Wars son producidos por Bandai bajo licencia de Lucasfilm Ltd.<\/p>\n<p>Bandai y todos los t\u00e9rminos relacionados son marcas registradas de Bandai.<\/p>\n","protected":false},"excerpt":{"rendered":"<p>BB-8 un astromec\u00e1nico asustadizo pero leal, acompa\u00f1\u00f3 a Poe Dameron en muchas misiones para la Resistencia.<\/p>\n<p>R2-D2, droide astromec\u00e1nico confiable y vers\u00e1til, sirvi\u00f3 a Padm\u00e9 Amidala, Anakin Skywalker y Luke Skywalker, mostrando una gran valent\u00eda al rescatar a sus maestros y amigos de muchos peligros.<\/p>\n","protected":false},"featured_media":2846,"comment_status":"open","ping_status":"closed","template":"","meta":[],"product_brand":[],"product_cat":[25],"product_tag":[],"class_list":{"0":"post-1902","1":"product","2":"type-product","3":"status-publish","4":"has-post-thumbnail","6":"product_cat-armables","8":"first","9":"outofstock","10":"taxable","11":"shipping-taxable","12":"purchasable","13":"product-type-simple"},"_links":{"self":[{"href":"https:\/\/r2-toys.com\/index.php\/wp-json\/wp\/v2\/product\/1902","targetHints":{"allow":["GET"]}}],"collection":[{"href":"https:\/\/r2-toys.com\/index.php\/wp-json\/wp\/v2\/product"}],"about":[{"href":"https:\/\/r2-toys.com\/index.php\/wp-json\/wp\/v2\/types\/product"}],"replies":[{"embeddable":true,"href":"https:\/\/r2-toys.com\/index.php\/wp-json\/wp\/v2\/comments?post=1902"}],"wp:featuredmedia":[{"embeddable":true,"href":"https:\/\/r2-toys.com\/index.php\/wp-json\/wp\/v2\/media\/2846"}],"wp:attachment":[{"href":"https:\/\/r2-toys.com\/index.php\/wp-json\/wp\/v2\/media?parent=1902"}],"wp:term":[{"taxonomy":"product_brand","embeddable":true,"href":"https:\/\/r2-toys.com\/index.php\/wp-json\/wp\/v2\/product_brand?post=1902"},{"taxonomy":"product_cat","embeddable":true,"href":"https:\/\/r2-toys.com\/index.php\/wp-json\/wp\/v2\/product_cat?post=1902"},{"taxonomy":"product_tag","embeddable":true,"href":"https:\/\/r2-toys.com\/index.php\/wp-json\/wp\/v2\/product_tag?post=1902"}],"curies":[{"name":"wp","href":"https:\/\/api.w.org\/{rel}","templated":true}]}}