{"id":1903,"date":"2022-03-26T05:05:14","date_gmt":"2022-03-25T23:05:14","guid":{"rendered":"https:\/\/r2-toys.com\/?post_type=product&#038;p=1903"},"modified":"2023-06-08T21:39:46","modified_gmt":"2023-06-08T15:39:46","slug":"boba-fett","status":"publish","type":"product","link":"https:\/\/r2-toys.com\/index.php\/product\/boba-fett\/","title":{"rendered":"BOBA FETT"},"content":{"rendered":"<p>Fue considerado una vez como uno de los cazarrecompensas m\u00e1s temibles y certeros de la galaxia. Un clon gen\u00e9tico inalterado de su padre, el cazarrecompensas Jango Fett.<\/p>\n<p>Aunque Fett aparentemente muri\u00f3 en el pozo Sarlacc en Tatooine,<span class=\"Apple-converted-space\">\u00a0 <\/span>sobrevivi\u00f3 a la bestia y vivi\u00f3 para recuperar su armadura, apoder\u00e1ndose del trono en el Palacio de Jabba.<\/p>\n<p>Esta figura de pl\u00e1stico de armar escala 1:12 totalmente detallada, cuenta con base de montaje y rifle blaster, altura aproximada 15cm.<\/p>\n<p>Edad recomendada: 14 a\u00f1os en adelante<\/p>\n<p>\u26a0\ufe0fADVERTENCIA: PELIGRO DE ASFIXIA &#8211; Piezas peque\u00f1as. No apto para ni\u00f1os menores de 14 a\u00f1os.<\/p>\n<p>Los productos Star Wars son producidos por Bandai bajo licencia de Lucasfilm Ltd.<\/p>\n<p>Bandai y todos los t\u00e9rminos relacionados son marcas registradas de Bandai.<\/p>\n","protected":false},"excerpt":{"rendered":"<p>Fue considerado una vez como uno de los cazarrecompensas m\u00e1s temibles y certeros de la galaxia. Un clon gen\u00e9tico inalterado de su padre, el cazarrecompensas Jango Fett.<\/p>\n<p>Aunque Fett aparentemente muri\u00f3 en el pozo Sarlacc en Tatooine,<span class=\"Apple-converted-space\">\u00a0 <\/span>sobrevivi\u00f3 a la bestia y vivi\u00f3 para recuperar su armadura, apoder\u00e1ndose del trono en el Palacio de Jabba.<\/p>\n","protected":false},"featured_media":2849,"comment_status":"open","ping_status":"closed","template":"","meta":[],"product_brand":[],"product_cat":[25],"product_tag":[],"class_list":{"0":"post-1903","1":"product","2":"type-product","3":"status-publish","4":"has-post-thumbnail","6":"product_cat-armables","8":"first","9":"instock","10":"taxable","11":"shipping-taxable","12":"purchasable","13":"product-type-simple"},"_links":{"self":[{"href":"https:\/\/r2-toys.com\/index.php\/wp-json\/wp\/v2\/product\/1903","targetHints":{"allow":["GET"]}}],"collection":[{"href":"https:\/\/r2-toys.com\/index.php\/wp-json\/wp\/v2\/product"}],"about":[{"href":"https:\/\/r2-toys.com\/index.php\/wp-json\/wp\/v2\/types\/product"}],"replies":[{"embeddable":true,"href":"https:\/\/r2-toys.com\/index.php\/wp-json\/wp\/v2\/comments?post=1903"}],"wp:featuredmedia":[{"embeddable":true,"href":"https:\/\/r2-toys.com\/index.php\/wp-json\/wp\/v2\/media\/2849"}],"wp:attachment":[{"href":"https:\/\/r2-toys.com\/index.php\/wp-json\/wp\/v2\/media?parent=1903"}],"wp:term":[{"taxonomy":"product_brand","embeddable":true,"href":"https:\/\/r2-toys.com\/index.php\/wp-json\/wp\/v2\/product_brand?post=1903"},{"taxonomy":"product_cat","embeddable":true,"href":"https:\/\/r2-toys.com\/index.php\/wp-json\/wp\/v2\/product_cat?post=1903"},{"taxonomy":"product_tag","embeddable":true,"href":"https:\/\/r2-toys.com\/index.php\/wp-json\/wp\/v2\/product_tag?post=1903"}],"curies":[{"name":"wp","href":"https:\/\/api.w.org\/{rel}","templated":true}]}}