{"id":1904,"date":"2022-03-26T05:06:15","date_gmt":"2022-03-25T23:06:15","guid":{"rendered":"https:\/\/r2-toys.com\/?post_type=product&#038;p=1904"},"modified":"2024-05-22T07:39:32","modified_gmt":"2024-05-22T01:39:32","slug":"death-star-ii-destroyer","status":"publish","type":"product","link":"https:\/\/r2-toys.com\/index.php\/product\/death-star-ii-destroyer\/","title":{"rendered":"Death Star II &#038; Destroyer"},"content":{"rendered":"<p>Con la esperanza de aplastar la Rebeli\u00f3n , el Imperio comenz\u00f3 la construcci\u00f3n de una segunda Estrella de la Muerte cerca de Endor. El emperador Palpatine filtr\u00f3 informaci\u00f3n de su construcci\u00f3n a la Alianza, con la esperanza de atraer a las fuerzas rebeldes y destruirlas.<\/p>\n<p>El Destructor Estelar Imperial,<span class=\"Apple-converted-space\">\u00a0 <\/span>una nave repleta de armas, contaba con turbol\u00e1seres y rayos tractores. Su hangar en el vientre conten\u00eda cazas TIE fighter, naves de abordaje, unidades de asalto terrestre, sondas hiperespaciales o usarse para contener naves capturadas. Su presencia en un sistema marca asuntos de extrema importancia imperial.<\/p>\n<p>Este modelo de pl\u00e1stico se ensambla a presi\u00f3n y no requiere pintura ni pegamento. Los dos modelos completos se muestran en dos soportes de exhibici\u00f3n incluidos.<\/p>\n<p>Altamente detallados en escalas 1:2700000 y 1:14500 respectivamente.<\/p>\n<p>Edad recomendada: 14 a\u00f1os en adelante<\/p>\n<p>\u26a0\ufe0fADVERTENCIA: PELIGRO DE ASFIXIA &#8211; Piezas peque\u00f1as. No apto para ni\u00f1os menores de 14 a\u00f1os.<\/p>\n<p>Los productos Star Wars son producidos por Bandai bajo licencia de Lucasfilm Ltd.<\/p>\n<p>Hasbro y todos los t\u00e9rminos relacionados son marcas registradas de Bandai.<\/p>\n","protected":false},"excerpt":{"rendered":"<p>Con la esperanza de aplastar la Rebeli\u00f3n , el Imperio comenz\u00f3 la construcci\u00f3n de una segunda Estrella de la Muerte cerca de Endor. El emperador Palpatine filtr\u00f3 informaci\u00f3n de su construcci\u00f3n a la Alianza, con la esperanza de atraer a las fuerzas rebeldes y destruirlas.<\/p>\n<p>El Destructor Estelar Imperial,<span class=\"Apple-converted-space\">\u00a0 <\/span>una nave repleta de armas, contaba con turbol\u00e1seres y rayos tractores. Su hangar en el vientre conten\u00eda cazas TIE fighter, naves de abordaje, unidades de asalto terrestre, sondas hiperespaciales o usarse para contener naves capturadas. Su presencia en un sistema marca asuntos de extrema importancia imperial.<\/p>\n","protected":false},"featured_media":2853,"comment_status":"open","ping_status":"closed","template":"","meta":[],"product_brand":[],"product_cat":[25],"product_tag":[],"class_list":{"0":"post-1904","1":"product","2":"type-product","3":"status-publish","4":"has-post-thumbnail","6":"product_cat-armables","8":"first","9":"outofstock","10":"taxable","11":"shipping-taxable","12":"purchasable","13":"product-type-simple"},"_links":{"self":[{"href":"https:\/\/r2-toys.com\/index.php\/wp-json\/wp\/v2\/product\/1904","targetHints":{"allow":["GET"]}}],"collection":[{"href":"https:\/\/r2-toys.com\/index.php\/wp-json\/wp\/v2\/product"}],"about":[{"href":"https:\/\/r2-toys.com\/index.php\/wp-json\/wp\/v2\/types\/product"}],"replies":[{"embeddable":true,"href":"https:\/\/r2-toys.com\/index.php\/wp-json\/wp\/v2\/comments?post=1904"}],"wp:featuredmedia":[{"embeddable":true,"href":"https:\/\/r2-toys.com\/index.php\/wp-json\/wp\/v2\/media\/2853"}],"wp:attachment":[{"href":"https:\/\/r2-toys.com\/index.php\/wp-json\/wp\/v2\/media?parent=1904"}],"wp:term":[{"taxonomy":"product_brand","embeddable":true,"href":"https:\/\/r2-toys.com\/index.php\/wp-json\/wp\/v2\/product_brand?post=1904"},{"taxonomy":"product_cat","embeddable":true,"href":"https:\/\/r2-toys.com\/index.php\/wp-json\/wp\/v2\/product_cat?post=1904"},{"taxonomy":"product_tag","embeddable":true,"href":"https:\/\/r2-toys.com\/index.php\/wp-json\/wp\/v2\/product_tag?post=1904"}],"curies":[{"name":"wp","href":"https:\/\/api.w.org\/{rel}","templated":true}]}}