{"id":1905,"date":"2022-04-01T01:49:41","date_gmt":"2022-03-31T19:49:41","guid":{"rendered":"https:\/\/r2-toys.com\/?post_type=product&#038;p=1905"},"modified":"2022-06-10T20:23:58","modified_gmt":"2022-06-10T14:23:58","slug":"design-a-droid-bb-8-unit","status":"publish","type":"product","link":"https:\/\/r2-toys.com\/index.php\/product\/design-a-droid-bb-8-unit\/","title":{"rendered":"DESIGN A DROID BB-8 UNIT"},"content":{"rendered":"<p>BB-8 un astromec\u00e1nico asustadizo pero leal, acompa\u00f1\u00f3 a Poe Dameron en muchas misiones para la Resistencia.<\/p>\n<p>Personaliza los colores de tu unidad BB, cuenta con 2 accesorios y cuatro planillas de calcoman\u00edas para que lo decores a tu gusto, no necesita pegamento ni pintura<\/p>\n<p>Edad recomendada: 4 a\u00f1os en adelante<\/p>\n<p>\u26a0\ufe0fADVERTENCIA: PELIGRO DE ASFIXIA &#8211; Piezas peque\u00f1as. No apto para ni\u00f1os menores de 14 a\u00f1os.<\/p>\n<p>Los productos Star Wars son producidos por Hasbro bajo licencia de Lucasfilm Ltd.<\/p>\n<p>Hasbro y todos los t\u00e9rminos relacionados son marcas registradas de Hasbro.<\/p>\n","protected":false},"excerpt":{"rendered":"<p>BB-8 un astromec\u00e1nico asustadizo pero leal, acompa\u00f1\u00f3 a Poe Dameron en muchas misiones para la Resistencia.<\/p>\n","protected":false},"featured_media":4134,"comment_status":"open","ping_status":"closed","template":"","meta":[],"product_brand":[],"product_cat":[25],"product_tag":[],"class_list":{"0":"post-1905","1":"product","2":"type-product","3":"status-publish","4":"has-post-thumbnail","6":"product_cat-armables","8":"first","9":"instock","10":"taxable","11":"shipping-taxable","12":"purchasable","13":"product-type-simple"},"_links":{"self":[{"href":"https:\/\/r2-toys.com\/index.php\/wp-json\/wp\/v2\/product\/1905","targetHints":{"allow":["GET"]}}],"collection":[{"href":"https:\/\/r2-toys.com\/index.php\/wp-json\/wp\/v2\/product"}],"about":[{"href":"https:\/\/r2-toys.com\/index.php\/wp-json\/wp\/v2\/types\/product"}],"replies":[{"embeddable":true,"href":"https:\/\/r2-toys.com\/index.php\/wp-json\/wp\/v2\/comments?post=1905"}],"wp:featuredmedia":[{"embeddable":true,"href":"https:\/\/r2-toys.com\/index.php\/wp-json\/wp\/v2\/media\/4134"}],"wp:attachment":[{"href":"https:\/\/r2-toys.com\/index.php\/wp-json\/wp\/v2\/media?parent=1905"}],"wp:term":[{"taxonomy":"product_brand","embeddable":true,"href":"https:\/\/r2-toys.com\/index.php\/wp-json\/wp\/v2\/product_brand?post=1905"},{"taxonomy":"product_cat","embeddable":true,"href":"https:\/\/r2-toys.com\/index.php\/wp-json\/wp\/v2\/product_cat?post=1905"},{"taxonomy":"product_tag","embeddable":true,"href":"https:\/\/r2-toys.com\/index.php\/wp-json\/wp\/v2\/product_tag?post=1905"}],"curies":[{"name":"wp","href":"https:\/\/api.w.org\/{rel}","templated":true}]}}