{"id":1906,"date":"2022-03-26T05:07:07","date_gmt":"2022-03-25T23:07:07","guid":{"rendered":"https:\/\/r2-toys.com\/?post_type=product&#038;p=1906"},"modified":"2022-06-10T20:26:58","modified_gmt":"2022-06-10T14:26:58","slug":"desing-a-droid-r2-unit","status":"publish","type":"product","link":"https:\/\/r2-toys.com\/index.php\/product\/desing-a-droid-r2-unit\/","title":{"rendered":"DESING A DROID R2 UNIT"},"content":{"rendered":"<p>R2-D2, droide astromec\u00e1nico confiable y vers\u00e1til, sirvi\u00f3 a Padm\u00e9 Amidala, Anakin Skywalker y Luke Skywalker, mostrando una gran valent\u00eda al rescatar a sus maestros y amigos de muchos peligros.<\/p>\n<p>Personaliza los colores de tu unidad R2, cuenta con 2 accesorios y cuatro planillas de calcoman\u00edas para que lo decores a tu gusto, no necesita pegamento ni pintura.<\/p>\n<p>Edad recomendada: 4 a\u00f1os en adelante<\/p>\n<p>\u26a0\ufe0fADVERTENCIA: PELIGRO DE ASFIXIA &#8211; Piezas peque\u00f1as. No apto para ni\u00f1os menores de 14 a\u00f1os.<\/p>\n<p>Los productos Star Wars son producidos por Hasbro bajo licencia de Lucasfilm Ltd.<\/p>\n<p>Revell y todos los t\u00e9rminos relacionados son marcas registradas de Hasbro.<\/p>\n","protected":false},"excerpt":{"rendered":"<p>R2-D2, droide astromec\u00e1nico confiable y vers\u00e1til, sirvi\u00f3 a Padm\u00e9 Amidala, Anakin Skywalker y Luke Skywalker, mostrando una gran valent\u00eda al rescatar a sus maestros y amigos de muchos peligros.<\/p>\n","protected":false},"featured_media":2856,"comment_status":"open","ping_status":"closed","template":"","meta":[],"product_brand":[],"product_cat":[25],"product_tag":[],"class_list":{"0":"post-1906","1":"product","2":"type-product","3":"status-publish","4":"has-post-thumbnail","6":"product_cat-armables","8":"first","9":"instock","10":"taxable","11":"shipping-taxable","12":"purchasable","13":"product-type-simple"},"_links":{"self":[{"href":"https:\/\/r2-toys.com\/index.php\/wp-json\/wp\/v2\/product\/1906","targetHints":{"allow":["GET"]}}],"collection":[{"href":"https:\/\/r2-toys.com\/index.php\/wp-json\/wp\/v2\/product"}],"about":[{"href":"https:\/\/r2-toys.com\/index.php\/wp-json\/wp\/v2\/types\/product"}],"replies":[{"embeddable":true,"href":"https:\/\/r2-toys.com\/index.php\/wp-json\/wp\/v2\/comments?post=1906"}],"wp:featuredmedia":[{"embeddable":true,"href":"https:\/\/r2-toys.com\/index.php\/wp-json\/wp\/v2\/media\/2856"}],"wp:attachment":[{"href":"https:\/\/r2-toys.com\/index.php\/wp-json\/wp\/v2\/media?parent=1906"}],"wp:term":[{"taxonomy":"product_brand","embeddable":true,"href":"https:\/\/r2-toys.com\/index.php\/wp-json\/wp\/v2\/product_brand?post=1906"},{"taxonomy":"product_cat","embeddable":true,"href":"https:\/\/r2-toys.com\/index.php\/wp-json\/wp\/v2\/product_cat?post=1906"},{"taxonomy":"product_tag","embeddable":true,"href":"https:\/\/r2-toys.com\/index.php\/wp-json\/wp\/v2\/product_tag?post=1906"}],"curies":[{"name":"wp","href":"https:\/\/api.w.org\/{rel}","templated":true}]}}