{"id":1907,"date":"2022-03-26T05:08:37","date_gmt":"2022-03-25T23:08:37","guid":{"rendered":"https:\/\/r2-toys.com\/?post_type=product&#038;p=1907"},"modified":"2022-06-10T20:26:46","modified_gmt":"2022-06-10T14:26:46","slug":"kylo-rens-tie-fighter","status":"publish","type":"product","link":"https:\/\/r2-toys.com\/index.php\/product\/kylo-rens-tie-fighter\/","title":{"rendered":"Kylo Ren&#8217;s Tie Fighter"},"content":{"rendered":"<p>Con un dise\u00f1o basado en el<span class=\"Apple-converted-space\">\u00a0 <\/span>TIE Fighter y al TIE de Darth Vader, el TIE de Kylo Ren es un caza angular equipado con ca\u00f1ones l\u00e1ser y lanza misiles.<\/p>\n<p>Ren es un piloto experto, gracias a las habilidades heredadas de su padre. No hay otra nave de la Primera Orden como el silenciador TIE, y es una herramienta eficaz en la misi\u00f3n de Ren de destruir la Resistencia.<\/p>\n<p>Este modelo de pl\u00e1stico escala 1:70 se ensambla a presi\u00f3n con 20 piezas f\u00e1ciles de ensamblar, no se requiere pegamento, ni herramientas. Incluye a Kylo Ren<\/p>\n<p>Edad recomendada: 14 a\u00f1os en adelante<\/p>\n<p>\u26a0\ufe0fADVERTENCIA: PELIGRO DE ASFIXIA &#8211; Piezas peque\u00f1as. No apto para ni\u00f1os menores de 14 a\u00f1os.<\/p>\n<p>Los productos Star Wars son producidos por Revell bajo licencia de Lucasfilm Ltd.<\/p>\n<p>Revell y todos los t\u00e9rminos relacionados son marcas registradas de Revell.<\/p>\n","protected":false},"excerpt":{"rendered":"<p>Con un dise\u00f1o basado en el<span class=\"Apple-converted-space\">\u00a0 <\/span>TIE Fighter y al TIE de Darth Vader, el TIE de Kylo Ren es un caza angular equipado con ca\u00f1ones l\u00e1ser y lanza misiles.<\/p>\n<p>Ren es un piloto experto, gracias a las habilidades heredadas de su padre. No hay otra nave de la Primera Orden como el silenciador TIE, y es una herramienta eficaz en la misi\u00f3n de Ren de destruir la Resistencia.<\/p>\n","protected":false},"featured_media":2858,"comment_status":"open","ping_status":"closed","template":"","meta":[],"product_brand":[],"product_cat":[25],"product_tag":[],"class_list":{"0":"post-1907","1":"product","2":"type-product","3":"status-publish","4":"has-post-thumbnail","6":"product_cat-armables","8":"first","9":"instock","10":"taxable","11":"shipping-taxable","12":"purchasable","13":"product-type-simple"},"_links":{"self":[{"href":"https:\/\/r2-toys.com\/index.php\/wp-json\/wp\/v2\/product\/1907","targetHints":{"allow":["GET"]}}],"collection":[{"href":"https:\/\/r2-toys.com\/index.php\/wp-json\/wp\/v2\/product"}],"about":[{"href":"https:\/\/r2-toys.com\/index.php\/wp-json\/wp\/v2\/types\/product"}],"replies":[{"embeddable":true,"href":"https:\/\/r2-toys.com\/index.php\/wp-json\/wp\/v2\/comments?post=1907"}],"wp:featuredmedia":[{"embeddable":true,"href":"https:\/\/r2-toys.com\/index.php\/wp-json\/wp\/v2\/media\/2858"}],"wp:attachment":[{"href":"https:\/\/r2-toys.com\/index.php\/wp-json\/wp\/v2\/media?parent=1907"}],"wp:term":[{"taxonomy":"product_brand","embeddable":true,"href":"https:\/\/r2-toys.com\/index.php\/wp-json\/wp\/v2\/product_brand?post=1907"},{"taxonomy":"product_cat","embeddable":true,"href":"https:\/\/r2-toys.com\/index.php\/wp-json\/wp\/v2\/product_cat?post=1907"},{"taxonomy":"product_tag","embeddable":true,"href":"https:\/\/r2-toys.com\/index.php\/wp-json\/wp\/v2\/product_tag?post=1907"}],"curies":[{"name":"wp","href":"https:\/\/api.w.org\/{rel}","templated":true}]}}