{"id":1908,"date":"2022-03-26T05:10:54","date_gmt":"2022-03-25T23:10:54","guid":{"rendered":"https:\/\/r2-toys.com\/?post_type=product&#038;p=1908"},"modified":"2022-06-10T20:26:34","modified_gmt":"2022-06-10T14:26:34","slug":"landos-millenium-falcon","status":"publish","type":"product","link":"https:\/\/r2-toys.com\/index.php\/product\/landos-millenium-falcon\/","title":{"rendered":"Lando\u00b4s Millenium Falcon"},"content":{"rendered":"<p>Carguero ligero corelliano<span class=\"Apple-converted-space\">\u00a0 <\/span>modificado, el Halc\u00f3n Milenario es una leyenda en los c\u00edrculos de contrabandistas. Considerado la chatarra m\u00e1s r\u00e1pido de la galaxia que hizo el Kessel Run en menos de 12 parsecs. Ha jugado un papel en algunas de las mayores victorias de la Alianza Rebelde y la Nueva Rep\u00fablica.<\/p>\n<p>Este modelo de pl\u00e1stico escala 1:164 se ensambla a presi\u00f3n, no se requiere pegamento, ni herramientas.<\/p>\n<p>Edad recomendada: 14 a\u00f1os en adelante<\/p>\n<p>\u26a0\ufe0fADVERTENCIA: PELIGRO DE ASFIXIA &#8211; Piezas peque\u00f1as. No apto para ni\u00f1os menores de 14 a\u00f1os.<\/p>\n<p>Los productos Star Wars son producidos por Revell bajo licencia de Lucasfilm Ltd.<\/p>\n<p>Hasbro y todos los t\u00e9rminos relacionados son marcas registradas de Revell.<\/p>\n","protected":false},"excerpt":{"rendered":"<p>Carguero ligero corelliano<span class=\"Apple-converted-space\">\u00a0 <\/span>modificado, el Halc\u00f3n Milenario es una leyenda en los c\u00edrculos de contrabandistas. Considerado la chatarra m\u00e1s r\u00e1pido de la galaxia que hizo el Kessel Run en menos de 12 parsecs. Ha jugado un papel en algunas de las mayores victorias de la Alianza Rebelde y la Nueva Rep\u00fablica.<\/p>\n","protected":false},"featured_media":2861,"comment_status":"open","ping_status":"closed","template":"","meta":[],"product_brand":[],"product_cat":[25],"product_tag":[],"class_list":{"0":"post-1908","1":"product","2":"type-product","3":"status-publish","4":"has-post-thumbnail","6":"product_cat-armables","8":"first","9":"instock","10":"taxable","11":"shipping-taxable","12":"purchasable","13":"product-type-simple"},"_links":{"self":[{"href":"https:\/\/r2-toys.com\/index.php\/wp-json\/wp\/v2\/product\/1908","targetHints":{"allow":["GET"]}}],"collection":[{"href":"https:\/\/r2-toys.com\/index.php\/wp-json\/wp\/v2\/product"}],"about":[{"href":"https:\/\/r2-toys.com\/index.php\/wp-json\/wp\/v2\/types\/product"}],"replies":[{"embeddable":true,"href":"https:\/\/r2-toys.com\/index.php\/wp-json\/wp\/v2\/comments?post=1908"}],"wp:featuredmedia":[{"embeddable":true,"href":"https:\/\/r2-toys.com\/index.php\/wp-json\/wp\/v2\/media\/2861"}],"wp:attachment":[{"href":"https:\/\/r2-toys.com\/index.php\/wp-json\/wp\/v2\/media?parent=1908"}],"wp:term":[{"taxonomy":"product_brand","embeddable":true,"href":"https:\/\/r2-toys.com\/index.php\/wp-json\/wp\/v2\/product_brand?post=1908"},{"taxonomy":"product_cat","embeddable":true,"href":"https:\/\/r2-toys.com\/index.php\/wp-json\/wp\/v2\/product_cat?post=1908"},{"taxonomy":"product_tag","embeddable":true,"href":"https:\/\/r2-toys.com\/index.php\/wp-json\/wp\/v2\/product_tag?post=1908"}],"curies":[{"name":"wp","href":"https:\/\/api.w.org\/{rel}","templated":true}]}}