{"id":1913,"date":"2022-03-26T05:14:20","date_gmt":"2022-03-25T23:14:20","guid":{"rendered":"https:\/\/r2-toys.com\/?post_type=product&#038;p=1913"},"modified":"2023-06-23T14:36:32","modified_gmt":"2023-06-23T08:36:32","slug":"resistance-x-wing","status":"publish","type":"product","link":"https:\/\/r2-toys.com\/index.php\/product\/resistance-x-wing\/","title":{"rendered":"Resistance X-Wing"},"content":{"rendered":"<p>El T-70 X-Wing es la nave de combate insignia del Cuerpo de Cazas Estelares de la Resistencia. M\u00e1s r\u00e1pidos que los T-65 de la era de la Alianza, los X-Wing de la Resistencia son lo suficientemente maniobrables como para enfrentarse a los TIE fighter en combates a\u00e9reos, pero a\u00fan as\u00ed tienen una potencia de fuego considerable.<\/p>\n<p>Este modelo de pl\u00e1stico a escala 1:72<span class=\"Apple-converted-space\">\u00a0 <\/span>incre\u00edblemente detallado y de f\u00e1cil de armado. Incluyen soporte y calcoman\u00edas.<\/p>\n<p>Edad recomendada: 14 a\u00f1os en adelante<\/p>\n<p>\u26a0\ufe0fADVERTENCIA: PELIGRO DE ASFIXIA &#8211; Piezas peque\u00f1as. No apto para ni\u00f1os menores de 14 a\u00f1os.<\/p>\n<p>Los productos Star Wars son producidos por Bandai bajo licencia de Lucasfilm Ltd.<\/p>\n<p>Bandai y todos los t\u00e9rminos relacionados son marcas registradas de Bandai.<\/p>\n","protected":false},"excerpt":{"rendered":"<p>El T-70 X-Wing es la nave de combate insignia del Cuerpo de Cazas Estelares de la Resistencia. M\u00e1s r\u00e1pidos que los T-65 de la era de la Alianza, los X-Wing de la Resistencia son lo suficientemente maniobrables como para enfrentarse a los TIE fighter en combates a\u00e9reos, pero a\u00fan as\u00ed tienen una potencia de fuego considerable.<\/p>\n","protected":false},"featured_media":2867,"comment_status":"open","ping_status":"closed","template":"","meta":[],"product_brand":[],"product_cat":[25],"product_tag":[],"class_list":{"0":"post-1913","1":"product","2":"type-product","3":"status-publish","4":"has-post-thumbnail","6":"product_cat-armables","8":"first","9":"outofstock","10":"taxable","11":"shipping-taxable","12":"purchasable","13":"product-type-simple"},"_links":{"self":[{"href":"https:\/\/r2-toys.com\/index.php\/wp-json\/wp\/v2\/product\/1913","targetHints":{"allow":["GET"]}}],"collection":[{"href":"https:\/\/r2-toys.com\/index.php\/wp-json\/wp\/v2\/product"}],"about":[{"href":"https:\/\/r2-toys.com\/index.php\/wp-json\/wp\/v2\/types\/product"}],"replies":[{"embeddable":true,"href":"https:\/\/r2-toys.com\/index.php\/wp-json\/wp\/v2\/comments?post=1913"}],"wp:featuredmedia":[{"embeddable":true,"href":"https:\/\/r2-toys.com\/index.php\/wp-json\/wp\/v2\/media\/2867"}],"wp:attachment":[{"href":"https:\/\/r2-toys.com\/index.php\/wp-json\/wp\/v2\/media?parent=1913"}],"wp:term":[{"taxonomy":"product_brand","embeddable":true,"href":"https:\/\/r2-toys.com\/index.php\/wp-json\/wp\/v2\/product_brand?post=1913"},{"taxonomy":"product_cat","embeddable":true,"href":"https:\/\/r2-toys.com\/index.php\/wp-json\/wp\/v2\/product_cat?post=1913"},{"taxonomy":"product_tag","embeddable":true,"href":"https:\/\/r2-toys.com\/index.php\/wp-json\/wp\/v2\/product_tag?post=1913"}],"curies":[{"name":"wp","href":"https:\/\/api.w.org\/{rel}","templated":true}]}}