{"id":1914,"date":"2022-03-26T05:15:47","date_gmt":"2022-03-25T23:15:47","guid":{"rendered":"https:\/\/r2-toys.com\/?post_type=product&#038;p=1914"},"modified":"2025-12-12T00:34:42","modified_gmt":"2025-12-11T18:34:42","slug":"the-mandalorian-beskar-armor","status":"publish","type":"product","link":"https:\/\/r2-toys.com\/index.php\/product\/the-mandalorian-beskar-armor\/","title":{"rendered":"The Mandalorian (Beskar Armor)"},"content":{"rendered":"<p>Su cuerpo est\u00e1 protegido por una armadura Beskar, su rostro est\u00e1 oculto detr\u00e1s de una m\u00e1scara con visor en T y su pasado est\u00e1 envuelto en misterio. El solitario cazarrecompensas Din Djarin, con habilidades de combate avanzadas y protector de Grogu.<\/p>\n<p>Esta figura de pl\u00e1stico de armar escala 1:12 totalmente detallada y articulado, incluye numeroso accesorios como la Lanza de Beskar Puro, el Sable Oscuro, Capa, Blasters y manos intercambiables. , altura aproximada 15cm.<\/p>\n<p>Edad recomendada: 14 a\u00f1os en adelante<\/p>\n<p>\u26a0\ufe0fADVERTENCIA: PELIGRO DE ASFIXIA &#8211; Piezas peque\u00f1as. No apto para ni\u00f1os menores de 14 a\u00f1os.<\/p>\n<p>Los productos Star Wars son producidos por Bandai bajo licencia de Lucasfilm Ltd.<\/p>\n<p>Bandai y todos los t\u00e9rminos relacionados son marcas registradas de Bandai.<\/p>\n","protected":false},"excerpt":{"rendered":"<p>Su cuerpo est\u00e1 protegido por una armadura Beskar, su rostro est\u00e1 oculto detr\u00e1s de una m\u00e1scara con visor en T y su pasado est\u00e1 envuelto en misterio. El solitario cazarrecompensas Din Djarin, con habilidades de combate avanzadas y protector de Grogu.<\/p>\n","protected":false},"featured_media":2869,"comment_status":"open","ping_status":"closed","template":"","meta":[],"product_brand":[],"product_cat":[25],"product_tag":[],"class_list":{"0":"post-1914","1":"product","2":"type-product","3":"status-publish","4":"has-post-thumbnail","6":"product_cat-armables","8":"first","9":"instock","10":"taxable","11":"shipping-taxable","12":"purchasable","13":"product-type-simple"},"_links":{"self":[{"href":"https:\/\/r2-toys.com\/index.php\/wp-json\/wp\/v2\/product\/1914","targetHints":{"allow":["GET"]}}],"collection":[{"href":"https:\/\/r2-toys.com\/index.php\/wp-json\/wp\/v2\/product"}],"about":[{"href":"https:\/\/r2-toys.com\/index.php\/wp-json\/wp\/v2\/types\/product"}],"replies":[{"embeddable":true,"href":"https:\/\/r2-toys.com\/index.php\/wp-json\/wp\/v2\/comments?post=1914"}],"wp:featuredmedia":[{"embeddable":true,"href":"https:\/\/r2-toys.com\/index.php\/wp-json\/wp\/v2\/media\/2869"}],"wp:attachment":[{"href":"https:\/\/r2-toys.com\/index.php\/wp-json\/wp\/v2\/media?parent=1914"}],"wp:term":[{"taxonomy":"product_brand","embeddable":true,"href":"https:\/\/r2-toys.com\/index.php\/wp-json\/wp\/v2\/product_brand?post=1914"},{"taxonomy":"product_cat","embeddable":true,"href":"https:\/\/r2-toys.com\/index.php\/wp-json\/wp\/v2\/product_cat?post=1914"},{"taxonomy":"product_tag","embeddable":true,"href":"https:\/\/r2-toys.com\/index.php\/wp-json\/wp\/v2\/product_tag?post=1914"}],"curies":[{"name":"wp","href":"https:\/\/api.w.org\/{rel}","templated":true}]}}