{"id":1915,"date":"2022-03-26T05:18:12","date_gmt":"2022-03-25T23:18:12","guid":{"rendered":"https:\/\/r2-toys.com\/?post_type=product&#038;p=1915"},"modified":"2026-01-02T07:16:03","modified_gmt":"2026-01-02T01:16:03","slug":"tie-advanced-x-1","status":"publish","type":"product","link":"https:\/\/r2-toys.com\/index.php\/product\/tie-advanced-x-1\/","title":{"rendered":"Tie Advanced X 1"},"content":{"rendered":"<p>Darth Vader pilot\u00f3 este TIE Fighter experimental distintivo sobre la primera Estrella de la Muerte, usando sus ca\u00f1ones bl\u00e1ster y sus extra\u00f1as habilidades con la Fuerza para hacer estallar cazas rebeldes.<\/p>\n<p>Este modelo de pl\u00e1stico a escala 1:72 incre\u00edblemente detallado y de f\u00e1cil de armado. Incluyen soporte, dos figuras de Darth Vader: una sentada para pilotar el veh\u00edculo y otra de pie para exhibirla junto a \u00e9l, efectos l\u00e1ser, dos tipos de cabina y calcoman\u00edas.<\/p>\n<p>Edad recomendada: 14 a\u00f1os en adelante<\/p>\n<p>\u26a0\ufe0fADVERTENCIA: PELIGRO DE ASFIXIA &#8211; Piezas peque\u00f1as. No apto para ni\u00f1os menores de 14 a\u00f1os.<\/p>\n<p>Los productos Star Wars son producidos por Bandai bajo licencia de Lucasfilm Ltd.<\/p>\n<p>Bandai y todos los t\u00e9rminos relacionados son marcas registradas de Bandai.<\/p>\n","protected":false},"excerpt":{"rendered":"<p>Darth Vader pilot\u00f3 este TIE Fighter experimental distintivo sobre la primera Estrella de la Muerte, usando sus ca\u00f1ones bl\u00e1ster y sus extra\u00f1as habilidades con la Fuerza para hacer estallar cazas rebeldes.<\/p>\n","protected":false},"featured_media":2875,"comment_status":"open","ping_status":"closed","template":"","meta":[],"product_brand":[],"product_cat":[25],"product_tag":[],"class_list":{"0":"post-1915","1":"product","2":"type-product","3":"status-publish","4":"has-post-thumbnail","6":"product_cat-armables","8":"first","9":"instock","10":"taxable","11":"shipping-taxable","12":"purchasable","13":"product-type-simple"},"_links":{"self":[{"href":"https:\/\/r2-toys.com\/index.php\/wp-json\/wp\/v2\/product\/1915","targetHints":{"allow":["GET"]}}],"collection":[{"href":"https:\/\/r2-toys.com\/index.php\/wp-json\/wp\/v2\/product"}],"about":[{"href":"https:\/\/r2-toys.com\/index.php\/wp-json\/wp\/v2\/types\/product"}],"replies":[{"embeddable":true,"href":"https:\/\/r2-toys.com\/index.php\/wp-json\/wp\/v2\/comments?post=1915"}],"wp:featuredmedia":[{"embeddable":true,"href":"https:\/\/r2-toys.com\/index.php\/wp-json\/wp\/v2\/media\/2875"}],"wp:attachment":[{"href":"https:\/\/r2-toys.com\/index.php\/wp-json\/wp\/v2\/media?parent=1915"}],"wp:term":[{"taxonomy":"product_brand","embeddable":true,"href":"https:\/\/r2-toys.com\/index.php\/wp-json\/wp\/v2\/product_brand?post=1915"},{"taxonomy":"product_cat","embeddable":true,"href":"https:\/\/r2-toys.com\/index.php\/wp-json\/wp\/v2\/product_cat?post=1915"},{"taxonomy":"product_tag","embeddable":true,"href":"https:\/\/r2-toys.com\/index.php\/wp-json\/wp\/v2\/product_tag?post=1915"}],"curies":[{"name":"wp","href":"https:\/\/api.w.org\/{rel}","templated":true}]}}