{"id":1916,"date":"2022-03-26T05:17:32","date_gmt":"2022-03-25T23:17:32","guid":{"rendered":"https:\/\/r2-toys.com\/?post_type=product&#038;p=1916"},"modified":"2025-12-12T00:28:14","modified_gmt":"2025-12-11T18:28:14","slug":"tie-advanced-x-1-fighter-set-007","status":"publish","type":"product","link":"https:\/\/r2-toys.com\/index.php\/product\/tie-advanced-x-1-fighter-set-007\/","title":{"rendered":"Tie Advanced X 1 &#038; Fighter Set 007"},"content":{"rendered":"<p>Darth Vader pilot\u00f3 este TIE Fighter experimental distintivo sobre la primera Estrella de la Muerte, usando sus ca\u00f1ones bl\u00e1ster y sus extra\u00f1as habilidades con la Fuerza para hacer estallar cazas rebeldes.<\/p>\n<p>El TIE Fighter<span class=\"Apple-converted-space\">\u00a0 <\/span>fue el s\u00edmbolo inolvidable de la flota imperial. Llevados a bordo de Destructores Estelares,<span class=\"Apple-converted-space\">\u00a0 <\/span>eran veh\u00edculos de un solo piloto dise\u00f1ados para combates a\u00e9reos r\u00e1pidos.<\/p>\n<p>Este set incluye 2 modelos de pl\u00e1stico de cazas estelares a escala 1:144 incre\u00edblemente detallados y de f\u00e1cil de armado. Incluyen soporte y calcoman\u00edas<\/p>\n<p>Edad recomendada: 14 a\u00f1os en adelante<\/p>\n<p>\u26a0\ufe0fADVERTENCIA: PELIGRO DE ASFIXIA &#8211; Piezas peque\u00f1as. No apto para ni\u00f1os menores de 14 a\u00f1os.<\/p>\n<p>Los productos Star Wars son producidos por Bandai bajo licencia de Lucasfilm Ltd.<\/p>\n<p>Bandai y todos los t\u00e9rminos relacionados son marcas registradas de Bandai.<\/p>\n","protected":false},"excerpt":{"rendered":"<p>Darth Vader pilot\u00f3 este TIE Fighter experimental distintivo sobre la primera Estrella de la Muerte, usando sus ca\u00f1ones bl\u00e1ster y sus extra\u00f1as habilidades con la Fuerza para hacer estallar cazas rebeldes.<\/p>\n<p>El TIE Fighter<span class=\"Apple-converted-space\">\u00a0 <\/span>fue el s\u00edmbolo inolvidable de la flota imperial. Llevados a bordo de Destructores Estelares,<span class=\"Apple-converted-space\">\u00a0 <\/span>eran veh\u00edculos de un solo piloto dise\u00f1ados para combates a\u00e9reos r\u00e1pidos.<\/p>\n","protected":false},"featured_media":2874,"comment_status":"open","ping_status":"closed","template":"","meta":[],"product_brand":[],"product_cat":[25],"product_tag":[],"class_list":{"0":"post-1916","1":"product","2":"type-product","3":"status-publish","4":"has-post-thumbnail","6":"product_cat-armables","8":"first","9":"instock","10":"taxable","11":"shipping-taxable","12":"purchasable","13":"product-type-simple"},"_links":{"self":[{"href":"https:\/\/r2-toys.com\/index.php\/wp-json\/wp\/v2\/product\/1916","targetHints":{"allow":["GET"]}}],"collection":[{"href":"https:\/\/r2-toys.com\/index.php\/wp-json\/wp\/v2\/product"}],"about":[{"href":"https:\/\/r2-toys.com\/index.php\/wp-json\/wp\/v2\/types\/product"}],"replies":[{"embeddable":true,"href":"https:\/\/r2-toys.com\/index.php\/wp-json\/wp\/v2\/comments?post=1916"}],"wp:featuredmedia":[{"embeddable":true,"href":"https:\/\/r2-toys.com\/index.php\/wp-json\/wp\/v2\/media\/2874"}],"wp:attachment":[{"href":"https:\/\/r2-toys.com\/index.php\/wp-json\/wp\/v2\/media?parent=1916"}],"wp:term":[{"taxonomy":"product_brand","embeddable":true,"href":"https:\/\/r2-toys.com\/index.php\/wp-json\/wp\/v2\/product_brand?post=1916"},{"taxonomy":"product_cat","embeddable":true,"href":"https:\/\/r2-toys.com\/index.php\/wp-json\/wp\/v2\/product_cat?post=1916"},{"taxonomy":"product_tag","embeddable":true,"href":"https:\/\/r2-toys.com\/index.php\/wp-json\/wp\/v2\/product_tag?post=1916"}],"curies":[{"name":"wp","href":"https:\/\/api.w.org\/{rel}","templated":true}]}}