{"id":1917,"date":"2022-03-26T05:19:44","date_gmt":"2022-03-25T23:19:44","guid":{"rendered":"https:\/\/r2-toys.com\/?post_type=product&#038;p=1917"},"modified":"2025-12-12T00:19:56","modified_gmt":"2025-12-11T18:19:56","slug":"x-wing-starfighter-002","status":"publish","type":"product","link":"https:\/\/r2-toys.com\/index.php\/product\/x-wing-starfighter-002\/","title":{"rendered":"X-Wing Starfighter 002"},"content":{"rendered":"<p>Caza estelar vers\u00e1til de la Alianza Rebelde que equilibra la velocidad con la potencia de fuego. Equipado con cuatro ca\u00f1ones l\u00e1ser y dos lanzadores de torpedos de protones. Los motores \u00e1giles le dan al X-Wing una ventaja durante los combates a\u00e9reos.<\/p>\n<p>Este modelo de pl\u00e1stico a escala 1:44 aproximadamente de 9cm, incre\u00edblemente detallado y de f\u00e1cil de armado puede abrir y cerrar las alas. Incluyen soporte y calcoman\u00edas.<\/p>\n<p>Edad recomendada: 14 a\u00f1os en adelante<\/p>\n<p>\u26a0\ufe0fADVERTENCIA: PELIGRO DE ASFIXIA &#8211; Piezas peque\u00f1as. No apto para ni\u00f1os menores de 14 a\u00f1os.<\/p>\n<p>Los productos Star Wars son producidos por Bandai bajo licencia de Lucasfilm Ltd.<\/p>\n<p>Bandai y todos los t\u00e9rminos relacionados son marcas registradas de Bandai.<\/p>\n","protected":false},"excerpt":{"rendered":"<p>Caza estelar vers\u00e1til de la Alianza Rebelde que equilibra la velocidad con la potencia de fuego. Equipado con cuatro ca\u00f1ones l\u00e1ser y dos lanzadores de torpedos de protones. Los motores \u00e1giles le dan al X-Wing una ventaja durante los combates a\u00e9reos.<\/p>\n","protected":false},"featured_media":2876,"comment_status":"open","ping_status":"closed","template":"","meta":[],"product_brand":[],"product_cat":[25],"product_tag":[],"class_list":{"0":"post-1917","1":"product","2":"type-product","3":"status-publish","4":"has-post-thumbnail","6":"product_cat-armables","8":"first","9":"instock","10":"taxable","11":"shipping-taxable","12":"purchasable","13":"product-type-simple"},"_links":{"self":[{"href":"https:\/\/r2-toys.com\/index.php\/wp-json\/wp\/v2\/product\/1917","targetHints":{"allow":["GET"]}}],"collection":[{"href":"https:\/\/r2-toys.com\/index.php\/wp-json\/wp\/v2\/product"}],"about":[{"href":"https:\/\/r2-toys.com\/index.php\/wp-json\/wp\/v2\/types\/product"}],"replies":[{"embeddable":true,"href":"https:\/\/r2-toys.com\/index.php\/wp-json\/wp\/v2\/comments?post=1917"}],"wp:featuredmedia":[{"embeddable":true,"href":"https:\/\/r2-toys.com\/index.php\/wp-json\/wp\/v2\/media\/2876"}],"wp:attachment":[{"href":"https:\/\/r2-toys.com\/index.php\/wp-json\/wp\/v2\/media?parent=1917"}],"wp:term":[{"taxonomy":"product_brand","embeddable":true,"href":"https:\/\/r2-toys.com\/index.php\/wp-json\/wp\/v2\/product_brand?post=1917"},{"taxonomy":"product_cat","embeddable":true,"href":"https:\/\/r2-toys.com\/index.php\/wp-json\/wp\/v2\/product_cat?post=1917"},{"taxonomy":"product_tag","embeddable":true,"href":"https:\/\/r2-toys.com\/index.php\/wp-json\/wp\/v2\/product_tag?post=1917"}],"curies":[{"name":"wp","href":"https:\/\/api.w.org\/{rel}","templated":true}]}}