{"id":1919,"date":"2022-03-26T03:46:32","date_gmt":"2022-03-25T21:46:32","guid":{"rendered":"https:\/\/r2-toys.com\/?post_type=product&#038;p=1919"},"modified":"2022-06-13T08:00:07","modified_gmt":"2022-06-13T02:00:07","slug":"caja-trivia-star-wars","status":"publish","type":"product","link":"https:\/\/r2-toys.com\/index.php\/product\/caja-trivia-star-wars\/","title":{"rendered":"Caja Trivia Star Wars"},"content":{"rendered":"<p>Preguntas que pondr\u00e1n a prueba tus conocimientos sobre el universo de STAR WARS. Vu\u00e9lvete un experto y divi\u00e9rtete en familia.<\/p>\n<p>Incluye 189 tarjetas con 350 preguntas, 20 tarjetas de tus personajes favoritos y 1 instructivo de juego.<\/p>\n<p>Las trivias fomentan la memoria, retenci\u00f3n y el aprendizaje.<\/p>\n<p>Edad recomendada: 12 a\u00f1os en adelante<\/p>\n<p>\u26a0\ufe0fADVERTENCIA: PELIGRO DE ASFIXIA &#8211; Piezas peque\u00f1as. No apto para ni\u00f1os menores de 12 a\u00f1os.<\/p>\n<p>Los productos Star Wars son producidos bajo licencia de Lucasfilm Ltd. y Disney.<\/p>\n<p>Novelty y todos los t\u00e9rminos relacionados con este producto son marcas registradas de Novelty.<\/p>\n","protected":false},"excerpt":{"rendered":"<p>Preguntas que pondr\u00e1n a prueba tus conocimientos sobre el universo de STAR WARS. Vu\u00e9lvete un experto y divi\u00e9rtete en familia.<\/p>\n","protected":false},"featured_media":2805,"comment_status":"open","ping_status":"closed","template":"","meta":[],"product_brand":[],"product_cat":[34],"product_tag":[],"class_list":{"0":"post-1919","1":"product","2":"type-product","3":"status-publish","4":"has-post-thumbnail","6":"product_cat-accesorios","8":"first","9":"instock","10":"taxable","11":"shipping-taxable","12":"purchasable","13":"product-type-simple"},"_links":{"self":[{"href":"https:\/\/r2-toys.com\/index.php\/wp-json\/wp\/v2\/product\/1919","targetHints":{"allow":["GET"]}}],"collection":[{"href":"https:\/\/r2-toys.com\/index.php\/wp-json\/wp\/v2\/product"}],"about":[{"href":"https:\/\/r2-toys.com\/index.php\/wp-json\/wp\/v2\/types\/product"}],"replies":[{"embeddable":true,"href":"https:\/\/r2-toys.com\/index.php\/wp-json\/wp\/v2\/comments?post=1919"}],"wp:featuredmedia":[{"embeddable":true,"href":"https:\/\/r2-toys.com\/index.php\/wp-json\/wp\/v2\/media\/2805"}],"wp:attachment":[{"href":"https:\/\/r2-toys.com\/index.php\/wp-json\/wp\/v2\/media?parent=1919"}],"wp:term":[{"taxonomy":"product_brand","embeddable":true,"href":"https:\/\/r2-toys.com\/index.php\/wp-json\/wp\/v2\/product_brand?post=1919"},{"taxonomy":"product_cat","embeddable":true,"href":"https:\/\/r2-toys.com\/index.php\/wp-json\/wp\/v2\/product_cat?post=1919"},{"taxonomy":"product_tag","embeddable":true,"href":"https:\/\/r2-toys.com\/index.php\/wp-json\/wp\/v2\/product_tag?post=1919"}],"curies":[{"name":"wp","href":"https:\/\/api.w.org\/{rel}","templated":true}]}}