{"id":1920,"date":"2022-03-26T04:43:41","date_gmt":"2022-03-25T22:43:41","guid":{"rendered":"https:\/\/r2-toys.com\/?post_type=product&#038;p=1920"},"modified":"2022-06-13T07:58:47","modified_gmt":"2022-06-13T01:58:47","slug":"taza-casco-de-la-resistencia-poe-dameron","status":"publish","type":"product","link":"https:\/\/r2-toys.com\/index.php\/product\/taza-casco-de-la-resistencia-poe-dameron\/","title":{"rendered":"Taza Casco de la Resistencia (Poe Dameron)"},"content":{"rendered":"<p>Bellamente dise\u00f1ada para que sea una pieza coleccionable \u00fanica o el regalo perfecto. Basado en el Casco de Poe Dameron el mejor piloto de la resistencia.<\/p>\n<p>Esta taza de cer\u00e1mica no es apta para microondas, capacidad 591ml y se recomienda lavarla a mano.<\/p>\n<p>Edad recomendada: 12 a\u00f1os en adelante<\/p>\n<p>\u26a0\ufe0fADVERTENCIA: PELIGRO DE ASFIXIA &#8211; Piezas peque\u00f1as. No apto para ni\u00f1os menores de 12 a\u00f1os.<\/p>\n<p>Los productos Star Wars son producidos bajo licencia de Lucasfilm Ltd. y Disney.<\/p>\n<p>Vandor y todos los t\u00e9rminos relacionados con este producto son marcas registradas de Vandor.<\/p>\n","protected":false},"excerpt":{"rendered":"<p>Bellamente dise\u00f1ada para que sea una pieza coleccionable \u00fanica o el regalo perfecto. Basado en el Casco de Poe Dameron el mejor piloto de la resistencia.<\/p>\n<p>&nbsp;<\/p>\n","protected":false},"featured_media":2825,"comment_status":"open","ping_status":"closed","template":"","meta":[],"product_brand":[],"product_cat":[34],"product_tag":[],"class_list":{"0":"post-1920","1":"product","2":"type-product","3":"status-publish","4":"has-post-thumbnail","6":"product_cat-accesorios","8":"first","9":"instock","10":"taxable","11":"shipping-taxable","12":"purchasable","13":"product-type-simple"},"_links":{"self":[{"href":"https:\/\/r2-toys.com\/index.php\/wp-json\/wp\/v2\/product\/1920","targetHints":{"allow":["GET"]}}],"collection":[{"href":"https:\/\/r2-toys.com\/index.php\/wp-json\/wp\/v2\/product"}],"about":[{"href":"https:\/\/r2-toys.com\/index.php\/wp-json\/wp\/v2\/types\/product"}],"replies":[{"embeddable":true,"href":"https:\/\/r2-toys.com\/index.php\/wp-json\/wp\/v2\/comments?post=1920"}],"wp:featuredmedia":[{"embeddable":true,"href":"https:\/\/r2-toys.com\/index.php\/wp-json\/wp\/v2\/media\/2825"}],"wp:attachment":[{"href":"https:\/\/r2-toys.com\/index.php\/wp-json\/wp\/v2\/media?parent=1920"}],"wp:term":[{"taxonomy":"product_brand","embeddable":true,"href":"https:\/\/r2-toys.com\/index.php\/wp-json\/wp\/v2\/product_brand?post=1920"},{"taxonomy":"product_cat","embeddable":true,"href":"https:\/\/r2-toys.com\/index.php\/wp-json\/wp\/v2\/product_cat?post=1920"},{"taxonomy":"product_tag","embeddable":true,"href":"https:\/\/r2-toys.com\/index.php\/wp-json\/wp\/v2\/product_tag?post=1920"}],"curies":[{"name":"wp","href":"https:\/\/api.w.org\/{rel}","templated":true}]}}