{"id":1921,"date":"2022-03-26T04:45:40","date_gmt":"2022-03-25T22:45:40","guid":{"rendered":"https:\/\/r2-toys.com\/?post_type=product&#038;p=1921"},"modified":"2026-04-02T05:04:34","modified_gmt":"2026-04-01T23:04:34","slug":"star-wars-the-mandalorian-the-child-seated-in-pod-mug","status":"publish","type":"product","link":"https:\/\/r2-toys.com\/index.php\/product\/star-wars-the-mandalorian-the-child-seated-in-pod-mug\/","title":{"rendered":"Star Wars: The Mandalorian The Child Seated in Pod Mug"},"content":{"rendered":"<p>Incre\u00edble taza 3D de la criatura m\u00e1s tierna de la galaxia. Disfrute una bebida caliente o fr\u00eda en esta taza del tierno Grogu en su Vaina. Haga el regalo perfecto<\/p>\n<p>Esta taza de cer\u00e1mica no es apta para microondas, capacidad 591ml y se recomienda lavarla a mano.<\/p>\n<p>Edad recomendada: 12 a\u00f1os en adelante<\/p>\n<p>\u26a0\ufe0fADVERTENCIA: PELIGRO DE ASFIXIA &#8211; Piezas peque\u00f1as. No apto para ni\u00f1os menores de 12 a\u00f1os.<\/p>\n<p>Los productos Star Wars son producidos bajo licencia de Lucasfilm Ltd. y Disney.<\/p>\n<p>Todos los t\u00e9rminos relacionados con este producto son marcas registradas.<\/p>\n","protected":false},"excerpt":{"rendered":"<p>Incre\u00edble taza 3D de la criatura m\u00e1s tierna de la galaxia. Disfrute una bebida caliente o fr\u00eda en esta taza del tierno Grogu en su Vaina. Haga el regalo perfecto<\/p>\n","protected":false},"featured_media":2828,"comment_status":"open","ping_status":"closed","template":"","meta":[],"product_brand":[],"product_cat":[34],"product_tag":[],"class_list":{"0":"post-1921","1":"product","2":"type-product","3":"status-publish","4":"has-post-thumbnail","6":"product_cat-accesorios","8":"first","9":"outofstock","10":"taxable","11":"shipping-taxable","12":"purchasable","13":"product-type-simple"},"_links":{"self":[{"href":"https:\/\/r2-toys.com\/index.php\/wp-json\/wp\/v2\/product\/1921","targetHints":{"allow":["GET"]}}],"collection":[{"href":"https:\/\/r2-toys.com\/index.php\/wp-json\/wp\/v2\/product"}],"about":[{"href":"https:\/\/r2-toys.com\/index.php\/wp-json\/wp\/v2\/types\/product"}],"replies":[{"embeddable":true,"href":"https:\/\/r2-toys.com\/index.php\/wp-json\/wp\/v2\/comments?post=1921"}],"wp:featuredmedia":[{"embeddable":true,"href":"https:\/\/r2-toys.com\/index.php\/wp-json\/wp\/v2\/media\/2828"}],"wp:attachment":[{"href":"https:\/\/r2-toys.com\/index.php\/wp-json\/wp\/v2\/media?parent=1921"}],"wp:term":[{"taxonomy":"product_brand","embeddable":true,"href":"https:\/\/r2-toys.com\/index.php\/wp-json\/wp\/v2\/product_brand?post=1921"},{"taxonomy":"product_cat","embeddable":true,"href":"https:\/\/r2-toys.com\/index.php\/wp-json\/wp\/v2\/product_cat?post=1921"},{"taxonomy":"product_tag","embeddable":true,"href":"https:\/\/r2-toys.com\/index.php\/wp-json\/wp\/v2\/product_tag?post=1921"}],"curies":[{"name":"wp","href":"https:\/\/api.w.org\/{rel}","templated":true}]}}