{"id":1922,"date":"2022-03-26T04:46:30","date_gmt":"2022-03-25T22:46:30","guid":{"rendered":"https:\/\/r2-toys.com\/?post_type=product&#038;p=1922"},"modified":"2022-09-26T05:38:16","modified_gmt":"2022-09-25T23:38:16","slug":"gift-set-the-mandalorian","status":"publish","type":"product","link":"https:\/\/r2-toys.com\/index.php\/product\/gift-set-the-mandalorian\/","title":{"rendered":"Gift Set The Mandalorian"},"content":{"rendered":"<p>Set de regalo de el Mandalorian con incre\u00edbles detalles para el obsequio perfecto o para el mejor coleccionista, no puedes resistirte a la ternura de Grogu.<\/p>\n<p>Incluye:<\/p>\n<p>1 Taza Ceramica decorada de 591ml<\/p>\n<p>1 Par de Calcetines unitalla<\/p>\n<p>1 llavero<\/p>\n<p>Edad recomendada: 12 a\u00f1os en adelante<\/p>\n<p>\u26a0\ufe0fADVERTENCIA: PELIGRO DE ASFIXIA &#8211; Piezas peque\u00f1as. No apto para ni\u00f1os menores de 12 a\u00f1os.<\/p>\n<p>Los productos Star Wars son producidos bajo licencia de Lucasfilm Ltd. y Disney.<\/p>\n<p>CultureFly Todos los t\u00e9rminos relacionados con este producto son marcas registradas de CultureFly.<\/p>\n","protected":false},"excerpt":{"rendered":"<p>Set de regalo de el Mandalorian con incre\u00edbles detalles para el obsequio perfecto o para el mejor coleccionista, no puedes resistirte a la ternura de Grogu.<\/p>\n","protected":false},"featured_media":2830,"comment_status":"open","ping_status":"closed","template":"","meta":[],"product_brand":[],"product_cat":[34],"product_tag":[],"class_list":{"0":"post-1922","1":"product","2":"type-product","3":"status-publish","4":"has-post-thumbnail","6":"product_cat-accesorios","8":"first","9":"instock","10":"taxable","11":"shipping-taxable","12":"purchasable","13":"product-type-simple"},"_links":{"self":[{"href":"https:\/\/r2-toys.com\/index.php\/wp-json\/wp\/v2\/product\/1922","targetHints":{"allow":["GET"]}}],"collection":[{"href":"https:\/\/r2-toys.com\/index.php\/wp-json\/wp\/v2\/product"}],"about":[{"href":"https:\/\/r2-toys.com\/index.php\/wp-json\/wp\/v2\/types\/product"}],"replies":[{"embeddable":true,"href":"https:\/\/r2-toys.com\/index.php\/wp-json\/wp\/v2\/comments?post=1922"}],"wp:featuredmedia":[{"embeddable":true,"href":"https:\/\/r2-toys.com\/index.php\/wp-json\/wp\/v2\/media\/2830"}],"wp:attachment":[{"href":"https:\/\/r2-toys.com\/index.php\/wp-json\/wp\/v2\/media?parent=1922"}],"wp:term":[{"taxonomy":"product_brand","embeddable":true,"href":"https:\/\/r2-toys.com\/index.php\/wp-json\/wp\/v2\/product_brand?post=1922"},{"taxonomy":"product_cat","embeddable":true,"href":"https:\/\/r2-toys.com\/index.php\/wp-json\/wp\/v2\/product_cat?post=1922"},{"taxonomy":"product_tag","embeddable":true,"href":"https:\/\/r2-toys.com\/index.php\/wp-json\/wp\/v2\/product_tag?post=1922"}],"curies":[{"name":"wp","href":"https:\/\/api.w.org\/{rel}","templated":true}]}}