{"id":1923,"date":"2022-03-26T05:53:22","date_gmt":"2022-03-25T23:53:22","guid":{"rendered":"https:\/\/r2-toys.com\/?post_type=product&#038;p=1923"},"modified":"2024-12-01T08:54:12","modified_gmt":"2024-12-01T02:54:12","slug":"bocina-inalambrica-the-child","status":"publish","type":"product","link":"https:\/\/r2-toys.com\/index.php\/product\/bocina-inalambrica-the-child\/","title":{"rendered":"Bocina Inal\u00e1mbrica The Child"},"content":{"rendered":"<p>Bocina bluetooth basada en The Mandalorian con un detallado dise\u00f1o de Grogu en su vaina, con hasta 10 metros de alcance para escuchar tu m\u00fasica favorita de diferentes dispositivos compatibles.<\/p>\n<p>Bater\u00eda recargable de larga duraci\u00f3n y cable de carga USB incluido.<\/p>\n<p>Edad recomendada: 12 a\u00f1os en adelante<\/p>\n<p>\u26a0\ufe0fADVERTENCIA: PELIGRO DE ASFIXIA &#8211; Piezas peque\u00f1as. No apto para ni\u00f1os menores de 12 a\u00f1os.<\/p>\n<p>Los productos Star Wars son producidos bajo licencia de Lucasfilm Ltd. y Disney.<\/p>\n<p>eKids y todos los t\u00e9rminos relacionados con este producto son marcas registradas de eKids.<\/p>\n","protected":false},"excerpt":{"rendered":"<p>Bocina bluetooth basada en The Mandalorian con un detallado dise\u00f1o de Grogu en su vaina, con hasta 10 metros de alcance para escuchar tu m\u00fasica favorita de diferentes dispositivos compatibles.<\/p>\n","protected":false},"featured_media":2837,"comment_status":"open","ping_status":"closed","template":"","meta":[],"product_brand":[],"product_cat":[34],"product_tag":[],"class_list":{"0":"post-1923","1":"product","2":"type-product","3":"status-publish","4":"has-post-thumbnail","6":"product_cat-accesorios","8":"first","9":"outofstock","10":"taxable","11":"shipping-taxable","12":"purchasable","13":"product-type-simple"},"_links":{"self":[{"href":"https:\/\/r2-toys.com\/index.php\/wp-json\/wp\/v2\/product\/1923","targetHints":{"allow":["GET"]}}],"collection":[{"href":"https:\/\/r2-toys.com\/index.php\/wp-json\/wp\/v2\/product"}],"about":[{"href":"https:\/\/r2-toys.com\/index.php\/wp-json\/wp\/v2\/types\/product"}],"replies":[{"embeddable":true,"href":"https:\/\/r2-toys.com\/index.php\/wp-json\/wp\/v2\/comments?post=1923"}],"wp:featuredmedia":[{"embeddable":true,"href":"https:\/\/r2-toys.com\/index.php\/wp-json\/wp\/v2\/media\/2837"}],"wp:attachment":[{"href":"https:\/\/r2-toys.com\/index.php\/wp-json\/wp\/v2\/media?parent=1923"}],"wp:term":[{"taxonomy":"product_brand","embeddable":true,"href":"https:\/\/r2-toys.com\/index.php\/wp-json\/wp\/v2\/product_brand?post=1923"},{"taxonomy":"product_cat","embeddable":true,"href":"https:\/\/r2-toys.com\/index.php\/wp-json\/wp\/v2\/product_cat?post=1923"},{"taxonomy":"product_tag","embeddable":true,"href":"https:\/\/r2-toys.com\/index.php\/wp-json\/wp\/v2\/product_tag?post=1923"}],"curies":[{"name":"wp","href":"https:\/\/api.w.org\/{rel}","templated":true}]}}