{"id":1932,"date":"2022-03-26T03:48:14","date_gmt":"2022-03-25T21:48:14","guid":{"rendered":"https:\/\/r2-toys.com\/?post_type=product&#038;p=1932"},"modified":"2024-07-05T23:18:57","modified_gmt":"2024-07-05T17:18:57","slug":"millennium-falcon-wireless-charger-with-ac-adapter-exclusivo","status":"publish","type":"product","link":"https:\/\/r2-toys.com\/index.php\/product\/millennium-falcon-wireless-charger-with-ac-adapter-exclusivo\/","title":{"rendered":"Millennium Falcon Wireless Charger with AC Adapter Exclusivo"},"content":{"rendered":"<p>Cargador inal\u00e1mbrico replica de la chatarra mas r\u00e1pida del universo: El Halc\u00f3n Milenario. Tu tel\u00e9fono recargar\u00e1<span class=\"Apple-converted-space\">\u00a0 <\/span>a la velocidad de la luz, se ver\u00e1 s\u00faper elegante y genial en tu escritorio.<\/p>\n<p>Adem\u00e1s los propulsores brillan en azul cuando tu dispositivo est\u00e1 completamente cargado. La conexi\u00f3n es para puerto USB C y el cable de pared es standard.<\/p>\n<p>Edad recomendada: 12 a\u00f1os en adelante<\/p>\n<p>\u26a0\ufe0fADVERTENCIA: PELIGRO DE ASFIXIA &#8211; Piezas peque\u00f1as. No apto para ni\u00f1os menores de 12 a\u00f1os.<\/p>\n<p>Los productos Star Wars son producidos bajo licencia de Lucasfilm Ltd. y Disney.<\/p>\n<p>Gamestop y todos los t\u00e9rminos relacionados con este producto son marcas registradas de Gamestop.<\/p>\n","protected":false},"excerpt":{"rendered":"<p>Cargador inal\u00e1mbrico replica de la chatarra mas r\u00e1pida del universo: El Halc\u00f3n Milenario. Tu tel\u00e9fono recargar\u00e1<span class=\"Apple-converted-space\">\u00a0 <\/span>a la velocidad de la luz, se ver\u00e1 s\u00faper elegante y genial en tu escritorio.<\/p>\n","protected":false},"featured_media":2808,"comment_status":"open","ping_status":"closed","template":"","meta":[],"product_brand":[],"product_cat":[34],"product_tag":[],"class_list":{"0":"post-1932","1":"product","2":"type-product","3":"status-publish","4":"has-post-thumbnail","6":"product_cat-accesorios","8":"first","9":"outofstock","10":"taxable","11":"shipping-taxable","12":"purchasable","13":"product-type-simple"},"_links":{"self":[{"href":"https:\/\/r2-toys.com\/index.php\/wp-json\/wp\/v2\/product\/1932","targetHints":{"allow":["GET"]}}],"collection":[{"href":"https:\/\/r2-toys.com\/index.php\/wp-json\/wp\/v2\/product"}],"about":[{"href":"https:\/\/r2-toys.com\/index.php\/wp-json\/wp\/v2\/types\/product"}],"replies":[{"embeddable":true,"href":"https:\/\/r2-toys.com\/index.php\/wp-json\/wp\/v2\/comments?post=1932"}],"wp:featuredmedia":[{"embeddable":true,"href":"https:\/\/r2-toys.com\/index.php\/wp-json\/wp\/v2\/media\/2808"}],"wp:attachment":[{"href":"https:\/\/r2-toys.com\/index.php\/wp-json\/wp\/v2\/media?parent=1932"}],"wp:term":[{"taxonomy":"product_brand","embeddable":true,"href":"https:\/\/r2-toys.com\/index.php\/wp-json\/wp\/v2\/product_brand?post=1932"},{"taxonomy":"product_cat","embeddable":true,"href":"https:\/\/r2-toys.com\/index.php\/wp-json\/wp\/v2\/product_cat?post=1932"},{"taxonomy":"product_tag","embeddable":true,"href":"https:\/\/r2-toys.com\/index.php\/wp-json\/wp\/v2\/product_tag?post=1932"}],"curies":[{"name":"wp","href":"https:\/\/api.w.org\/{rel}","templated":true}]}}