{"id":1934,"date":"2022-03-26T04:39:04","date_gmt":"2022-03-25T22:39:04","guid":{"rendered":"https:\/\/r2-toys.com\/?post_type=product&#038;p=1934"},"modified":"2025-12-14T02:15:26","modified_gmt":"2025-12-13T20:15:26","slug":"tarro-de-porcelana-con-tapa-darth-vader","status":"publish","type":"product","link":"https:\/\/r2-toys.com\/index.php\/product\/tarro-de-porcelana-con-tapa-darth-vader\/","title":{"rendered":"Tarro de porcelana con tapa Darth Vader"},"content":{"rendered":"<p>Esta taza de cer\u00e1mica de Darth Vader es ideal para todo fan de Star Wars que busque donde tomar su bebida favorita. Con un dise\u00f1o elegante y muy original que incluye tapa para cualquier l\u00edquido. Perfecto para llevar al trabajo. Es un gran regalo para cualquier fan. Capacidad 385 ml.<\/p>\n<p>Edad recomendada: 12 a\u00f1os en adelante<\/p>\n<p>\u26a0\ufe0fADVERTENCIA: PELIGRO DE ASFIXIA &#8211; Piezas peque\u00f1as. No apto para ni\u00f1os menores de 12 a\u00f1os.<\/p>\n<p>Los productos Star Wars son producidos bajo licencia de Lucasfilm Ltd. y Disney.<\/p>\n<p>ZAK y todos los t\u00e9rminos relacionados con este producto son marcas registradas de ZAK.<\/p>\n","protected":false},"excerpt":{"rendered":"<p>Esta taza de cer\u00e1mica de Darth Vader es ideal para todo fan de Star Wars que busque donde tomar su bebida favorita. Con un dise\u00f1o elegante y muy original que incluye tapa para cualquier l\u00edquido. Perfecto para llevar al trabajo. Es un gran regalo para cualquier fan. Capacidad 385 ml.<\/p>\n<p>&nbsp;<\/p>\n","protected":false},"featured_media":2820,"comment_status":"open","ping_status":"closed","template":"","meta":[],"product_brand":[],"product_cat":[34],"product_tag":[],"class_list":{"0":"post-1934","1":"product","2":"type-product","3":"status-publish","4":"has-post-thumbnail","6":"product_cat-accesorios","8":"first","9":"instock","10":"taxable","11":"shipping-taxable","12":"purchasable","13":"product-type-simple"},"_links":{"self":[{"href":"https:\/\/r2-toys.com\/index.php\/wp-json\/wp\/v2\/product\/1934","targetHints":{"allow":["GET"]}}],"collection":[{"href":"https:\/\/r2-toys.com\/index.php\/wp-json\/wp\/v2\/product"}],"about":[{"href":"https:\/\/r2-toys.com\/index.php\/wp-json\/wp\/v2\/types\/product"}],"replies":[{"embeddable":true,"href":"https:\/\/r2-toys.com\/index.php\/wp-json\/wp\/v2\/comments?post=1934"}],"wp:featuredmedia":[{"embeddable":true,"href":"https:\/\/r2-toys.com\/index.php\/wp-json\/wp\/v2\/media\/2820"}],"wp:attachment":[{"href":"https:\/\/r2-toys.com\/index.php\/wp-json\/wp\/v2\/media?parent=1934"}],"wp:term":[{"taxonomy":"product_brand","embeddable":true,"href":"https:\/\/r2-toys.com\/index.php\/wp-json\/wp\/v2\/product_brand?post=1934"},{"taxonomy":"product_cat","embeddable":true,"href":"https:\/\/r2-toys.com\/index.php\/wp-json\/wp\/v2\/product_cat?post=1934"},{"taxonomy":"product_tag","embeddable":true,"href":"https:\/\/r2-toys.com\/index.php\/wp-json\/wp\/v2\/product_tag?post=1934"}],"curies":[{"name":"wp","href":"https:\/\/api.w.org\/{rel}","templated":true}]}}