{"id":1936,"date":"2022-03-26T04:41:44","date_gmt":"2022-03-25T22:41:44","guid":{"rendered":"https:\/\/r2-toys.com\/?post_type=product&#038;p=1936"},"modified":"2022-07-27T05:10:24","modified_gmt":"2022-07-26T23:10:24","slug":"juego-de-4-tarros-apilables-de-personajes-de-star-wars","status":"publish","type":"product","link":"https:\/\/r2-toys.com\/index.php\/product\/juego-de-4-tarros-apilables-de-personajes-de-star-wars\/","title":{"rendered":"Juego de 4 tarros apilables de personajes de Star Wars"},"content":{"rendered":"<p>Colecci\u00f3n de tarros de 330 ml con los dise\u00f1os de tus personajes favoritos, esta serie de tarros est\u00e1n hechos de cer\u00e1mica de alta calidad y estan listos para acompa\u00f1ar tus ma\u00f1anas en el desayuno o para adornar tu repisa, ahora en una encantadora presentaci\u00f3n apilable que ahorrara espacio sobre tu repisa y lucira fenomenal.<\/p>\n<p>Edad recomendada: 12 a\u00f1os en adelante<\/p>\n<p>\u26a0\ufe0fADVERTENCIA: PELIGRO DE ASFIXIA &#8211; Piezas peque\u00f1as. No apto para ni\u00f1os menores de 12 a\u00f1os.<\/p>\n<p>Los productos Star Wars son producidos bajo licencia de Lucasfilm Ltd. y Disney.<\/p>\n<p>ZAK y todos los t\u00e9rminos relacionados con este producto son marcas registradas de ZAK.<\/p>\n","protected":false},"excerpt":{"rendered":"<p>Colecci\u00f3n de tarros de 330 ml con los dise\u00f1os de tus personajes favoritos, esta serie de tarros est\u00e1n hechos de cer\u00e1mica de alta calidad y estan listos para acompa\u00f1ar tus ma\u00f1anas en el desayuno o para adornar tu repisa, ahora en una encantadora presentaci\u00f3n apilable que ahorrara espacio sobre tu repisa y lucira fenomenal.<\/p>\n","protected":false},"featured_media":2823,"comment_status":"open","ping_status":"closed","template":"","meta":[],"product_brand":[],"product_cat":[34],"product_tag":[],"class_list":{"0":"post-1936","1":"product","2":"type-product","3":"status-publish","4":"has-post-thumbnail","6":"product_cat-accesorios","8":"first","9":"instock","10":"taxable","11":"shipping-taxable","12":"purchasable","13":"product-type-simple"},"_links":{"self":[{"href":"https:\/\/r2-toys.com\/index.php\/wp-json\/wp\/v2\/product\/1936","targetHints":{"allow":["GET"]}}],"collection":[{"href":"https:\/\/r2-toys.com\/index.php\/wp-json\/wp\/v2\/product"}],"about":[{"href":"https:\/\/r2-toys.com\/index.php\/wp-json\/wp\/v2\/types\/product"}],"replies":[{"embeddable":true,"href":"https:\/\/r2-toys.com\/index.php\/wp-json\/wp\/v2\/comments?post=1936"}],"wp:featuredmedia":[{"embeddable":true,"href":"https:\/\/r2-toys.com\/index.php\/wp-json\/wp\/v2\/media\/2823"}],"wp:attachment":[{"href":"https:\/\/r2-toys.com\/index.php\/wp-json\/wp\/v2\/media?parent=1936"}],"wp:term":[{"taxonomy":"product_brand","embeddable":true,"href":"https:\/\/r2-toys.com\/index.php\/wp-json\/wp\/v2\/product_brand?post=1936"},{"taxonomy":"product_cat","embeddable":true,"href":"https:\/\/r2-toys.com\/index.php\/wp-json\/wp\/v2\/product_cat?post=1936"},{"taxonomy":"product_tag","embeddable":true,"href":"https:\/\/r2-toys.com\/index.php\/wp-json\/wp\/v2\/product_tag?post=1936"}],"curies":[{"name":"wp","href":"https:\/\/api.w.org\/{rel}","templated":true}]}}