{"id":1938,"date":"2022-03-26T07:20:25","date_gmt":"2022-03-26T01:20:25","guid":{"rendered":"https:\/\/r2-toys.com\/?post_type=product&#038;p=1938"},"modified":"2022-06-13T07:57:45","modified_gmt":"2022-06-13T01:57:45","slug":"tamagotchi-star-wars-r2-d2-white","status":"publish","type":"product","link":"https:\/\/r2-toys.com\/index.php\/product\/tamagotchi-star-wars-r2-d2-white\/","title":{"rendered":"Tamagotchi Star Wars R2-D2 White"},"content":{"rendered":"<p>Entrena R2-D2 para dominar diversas habilidades con R2-D2 TAMAGOTCHI.<span class=\"Apple-converted-space\">\u00a0 <\/span>Cuida de R2-D2 manteni\u00e9ndolo cargado, limpio y jugando dos mini-juegos (extinci\u00f3n de incendios y Dejarik &#8220;holocess&#8221;).<span class=\"Apple-converted-space\">\u00a0 <\/span>Hay 19 habilidades para R2-D2 por aprender y 7 mini-juegos desbloqueables, dependiendo de su nivel de habilidad. Aseg\u00farate de mantener tu R2-D2 feliz. Si lo descuides demasiado tiempo, los Jawas pueden llev\u00e1rselo.<\/p>\n<p>Incluye una cadena para llevar contigo a todas partes. Utiliza Pilas (2 x LR44) incluidas.<\/p>\n<p>Edad recomendada: 8 a\u00f1os en adelante<\/p>\n<p>\u26a0\ufe0fADVERTENCIA: PELIGRO DE ASFIXIA &#8211; Piezas peque\u00f1as. No apto para ni\u00f1os menores de 8 a\u00f1os.<\/p>\n<p>Los productos Star Wars son producidos por Bandai bajo licencia de Lucasfilm Ltd. y Disney.<\/p>\n<p>Bandai y todos los t\u00e9rminos relacionados son marcas registradas de Bandai.<\/p>\n","protected":false},"excerpt":{"rendered":"<p>Entrena R2-D2 para dominar diversas habilidades con R2-D2 TAMAGOTCHI.<span class=\"Apple-converted-space\">\u00a0 <\/span>Cuida de R2-D2 manteni\u00e9ndolo cargado, limpio y jugando dos mini-juegos (extinci\u00f3n de incendios y Dejarik &#8220;holocess&#8221;).<span class=\"Apple-converted-space\">\u00a0 <\/span>Hay 19 habilidades para R2-D2 por aprender y 7 mini-juegos desbloqueables, dependiendo de su nivel de habilidad. Aseg\u00farate de mantener tu R2-D2 feliz. Si lo descuides demasiado tiempo, los Jawas pueden llev\u00e1rselo.<\/p>\n","protected":false},"featured_media":2818,"comment_status":"open","ping_status":"closed","template":"","meta":[],"product_brand":[],"product_cat":[34],"product_tag":[],"class_list":{"0":"post-1938","1":"product","2":"type-product","3":"status-publish","4":"has-post-thumbnail","6":"product_cat-accesorios","8":"first","9":"instock","10":"taxable","11":"shipping-taxable","12":"purchasable","13":"product-type-simple"},"_links":{"self":[{"href":"https:\/\/r2-toys.com\/index.php\/wp-json\/wp\/v2\/product\/1938","targetHints":{"allow":["GET"]}}],"collection":[{"href":"https:\/\/r2-toys.com\/index.php\/wp-json\/wp\/v2\/product"}],"about":[{"href":"https:\/\/r2-toys.com\/index.php\/wp-json\/wp\/v2\/types\/product"}],"replies":[{"embeddable":true,"href":"https:\/\/r2-toys.com\/index.php\/wp-json\/wp\/v2\/comments?post=1938"}],"wp:featuredmedia":[{"embeddable":true,"href":"https:\/\/r2-toys.com\/index.php\/wp-json\/wp\/v2\/media\/2818"}],"wp:attachment":[{"href":"https:\/\/r2-toys.com\/index.php\/wp-json\/wp\/v2\/media?parent=1938"}],"wp:term":[{"taxonomy":"product_brand","embeddable":true,"href":"https:\/\/r2-toys.com\/index.php\/wp-json\/wp\/v2\/product_brand?post=1938"},{"taxonomy":"product_cat","embeddable":true,"href":"https:\/\/r2-toys.com\/index.php\/wp-json\/wp\/v2\/product_cat?post=1938"},{"taxonomy":"product_tag","embeddable":true,"href":"https:\/\/r2-toys.com\/index.php\/wp-json\/wp\/v2\/product_tag?post=1938"}],"curies":[{"name":"wp","href":"https:\/\/api.w.org\/{rel}","templated":true}]}}