{"id":1939,"date":"2022-03-31T04:07:36","date_gmt":"2022-03-30T22:07:36","guid":{"rendered":"https:\/\/r2-toys.com\/?post_type=product&#038;p=1939"},"modified":"2025-11-04T20:49:34","modified_gmt":"2025-11-04T14:49:34","slug":"set-5-bounty-hunters-celebrate-the-saga","status":"publish","type":"product","link":"https:\/\/r2-toys.com\/index.php\/product\/set-5-bounty-hunters-celebrate-the-saga\/","title":{"rendered":"Set 5 Bounty Hunters Celebrate the Saga"},"content":{"rendered":"<p>Trabajan para el mejor postor y persigue implacablemente a sus presas por el espacio hasta capturarlas o destruirlas.<\/p>\n<p>Juego de 5 figuras de acci\u00f3n Bounty Hunters a escala de 9.5cm, con m\u00faltiples puntos de articulaci\u00f3n, as\u00ed como accesorios inspirados en los personajes R5-P8, Jango Fett, Boba Fett, Bossk e IG-88.<\/p>\n<p>Edad recomendada: 4 a\u00f1os en adelante<\/p>\n<p>\u26a0\ufe0fADVERTENCIA: PELIGRO DE ASFIXIA &#8211; Piezas peque\u00f1as. No apto para ni\u00f1os menores de 4 a\u00f1os.<\/p>\n<p>Los productos Star Wars son producidos por Hasbro bajo licencia de Lucasfilm Ltd.<\/p>\n<p>Hasbro y todos los t\u00e9rminos relacionados son marcas registradas de Hasbro.<\/p>\n","protected":false},"excerpt":{"rendered":"<p>Trabajan para el mejor postor y persigue implacablemente a sus presas por el espacio hasta capturarlas o destruirlas.<\/p>\n","protected":false},"featured_media":3355,"comment_status":"open","ping_status":"closed","template":"","meta":[],"product_brand":[],"product_cat":[19],"product_tag":[],"class_list":{"0":"post-1939","1":"product","2":"type-product","3":"status-publish","4":"has-post-thumbnail","6":"product_cat-star-wars","8":"first","9":"outofstock","10":"taxable","11":"shipping-taxable","12":"purchasable","13":"product-type-simple"},"_links":{"self":[{"href":"https:\/\/r2-toys.com\/index.php\/wp-json\/wp\/v2\/product\/1939","targetHints":{"allow":["GET"]}}],"collection":[{"href":"https:\/\/r2-toys.com\/index.php\/wp-json\/wp\/v2\/product"}],"about":[{"href":"https:\/\/r2-toys.com\/index.php\/wp-json\/wp\/v2\/types\/product"}],"replies":[{"embeddable":true,"href":"https:\/\/r2-toys.com\/index.php\/wp-json\/wp\/v2\/comments?post=1939"}],"wp:featuredmedia":[{"embeddable":true,"href":"https:\/\/r2-toys.com\/index.php\/wp-json\/wp\/v2\/media\/3355"}],"wp:attachment":[{"href":"https:\/\/r2-toys.com\/index.php\/wp-json\/wp\/v2\/media?parent=1939"}],"wp:term":[{"taxonomy":"product_brand","embeddable":true,"href":"https:\/\/r2-toys.com\/index.php\/wp-json\/wp\/v2\/product_brand?post=1939"},{"taxonomy":"product_cat","embeddable":true,"href":"https:\/\/r2-toys.com\/index.php\/wp-json\/wp\/v2\/product_cat?post=1939"},{"taxonomy":"product_tag","embeddable":true,"href":"https:\/\/r2-toys.com\/index.php\/wp-json\/wp\/v2\/product_tag?post=1939"}],"curies":[{"name":"wp","href":"https:\/\/api.w.org\/{rel}","templated":true}]}}