{"id":1940,"date":"2022-03-31T04:18:36","date_gmt":"2022-03-30T22:18:36","guid":{"rendered":"https:\/\/r2-toys.com\/?post_type=product&#038;p=1940"},"modified":"2023-12-10T11:58:09","modified_gmt":"2023-12-10T05:58:09","slug":"chirrut-imwe-baze-malbus-force-link","status":"publish","type":"product","link":"https:\/\/r2-toys.com\/index.php\/product\/chirrut-imwe-baze-malbus-force-link\/","title":{"rendered":"Chirrut \u00cemwe \/ Baze Malbus Force Link"},"content":{"rendered":"<p>Chirrut \u00cemwe, profundamente espiritual, cree que todos los seres vivos est\u00e1n conectados a trav\u00e9s de la Fuerza. Sus ojos ciegos no le impiden ser un guerrero altamente calificado. Aunque carece de habilidades de la Fuerza, este monje guerrero ha perfeccionado rigurosamente su cuerpo a trav\u00e9s de una intensa disciplina f\u00edsica y mental.<\/p>\n<p>La dura realidad de su mundo natal ocupado por el Imperio ha convertido a Baze Malbus en un soldado pragm\u00e1tico y un gran tirador con su pesado ca\u00f1\u00f3n. Baze tiene una bravuconer\u00eda que ofrece un marcado contraste con el centro espiritual de su mejor amigo, Chirrut \u00cemwe.<\/p>\n<p>Un sistema de juego interactivo de Hasbro que brinda<span class=\"Apple-converted-space\">\u00a0 <\/span>efectos de sonido y<span class=\"Apple-converted-space\">\u00a0 <\/span>frases de las pel\u00edculas.<span class=\"Apple-converted-space\">\u00a0 <\/span>Use la tecnolog\u00eda port\u00e1til Wear Force Link (de venta por separado) para activar luces, sonidos y frases estas figura de 9.5cm, accesorios, veh\u00edculos y juegos activados por Force Link.<\/p>\n<p>Edad recomendada: 4 a\u00f1os en adelante<\/p>\n<p>\u26a0\ufe0fADVERTENCIA: PELIGRO DE ASFIXIA &#8211; Piezas peque\u00f1as. No apto para ni\u00f1os menores de 4 a\u00f1os.<\/p>\n<p>Los productos Star Wars son producidos por Hasbro bajo licencia de Lucasfilm Ltd.<\/p>\n<p>Hasbro y todos los t\u00e9rminos relacionados son marcas registradas de Hasbro.<\/p>\n","protected":false},"excerpt":{"rendered":"<p>Chirrut \u00cemwe, profundamente espiritual, cree que todos los seres vivos est\u00e1n conectados a trav\u00e9s de la Fuerza. Sus ojos ciegos no le impiden ser un guerrero altamente calificado. Aunque carece de habilidades de la Fuerza, este monje guerrero ha perfeccionado rigurosamente su cuerpo a trav\u00e9s de una intensa disciplina f\u00edsica y mental.<\/p>\n<p>&nbsp;<\/p>\n","protected":false},"featured_media":3357,"comment_status":"open","ping_status":"closed","template":"","meta":[],"product_brand":[],"product_cat":[19],"product_tag":[],"class_list":{"0":"post-1940","1":"product","2":"type-product","3":"status-publish","4":"has-post-thumbnail","6":"product_cat-star-wars","8":"first","9":"outofstock","10":"taxable","11":"shipping-taxable","12":"purchasable","13":"product-type-simple"},"_links":{"self":[{"href":"https:\/\/r2-toys.com\/index.php\/wp-json\/wp\/v2\/product\/1940","targetHints":{"allow":["GET"]}}],"collection":[{"href":"https:\/\/r2-toys.com\/index.php\/wp-json\/wp\/v2\/product"}],"about":[{"href":"https:\/\/r2-toys.com\/index.php\/wp-json\/wp\/v2\/types\/product"}],"replies":[{"embeddable":true,"href":"https:\/\/r2-toys.com\/index.php\/wp-json\/wp\/v2\/comments?post=1940"}],"wp:featuredmedia":[{"embeddable":true,"href":"https:\/\/r2-toys.com\/index.php\/wp-json\/wp\/v2\/media\/3357"}],"wp:attachment":[{"href":"https:\/\/r2-toys.com\/index.php\/wp-json\/wp\/v2\/media?parent=1940"}],"wp:term":[{"taxonomy":"product_brand","embeddable":true,"href":"https:\/\/r2-toys.com\/index.php\/wp-json\/wp\/v2\/product_brand?post=1940"},{"taxonomy":"product_cat","embeddable":true,"href":"https:\/\/r2-toys.com\/index.php\/wp-json\/wp\/v2\/product_cat?post=1940"},{"taxonomy":"product_tag","embeddable":true,"href":"https:\/\/r2-toys.com\/index.php\/wp-json\/wp\/v2\/product_tag?post=1940"}],"curies":[{"name":"wp","href":"https:\/\/api.w.org\/{rel}","templated":true}]}}