{"id":1942,"date":"2022-03-31T04:20:15","date_gmt":"2022-03-30T22:20:15","guid":{"rendered":"https:\/\/r2-toys.com\/?post_type=product&#038;p=1942"},"modified":"2022-09-26T04:30:23","modified_gmt":"2022-09-25T22:30:23","slug":"set-5-first-order-celebrate-the-saga","status":"publish","type":"product","link":"https:\/\/r2-toys.com\/index.php\/product\/set-5-first-order-celebrate-the-saga\/","title":{"rendered":"Set 5 First Order Celebrate the Saga"},"content":{"rendered":"<p>El surgimiento de la Nueva Rep\u00fablica redujo el<span class=\"Apple-converted-space\">\u00a0 <\/span>poderoso Imperio a un estado ruinoso acorralado por estrictos tratados de desarme y severas reparaciones. Pero en las Regiones Desconocidas de la galaxia, ex oficiales imperiales, nobles y tecn\u00f3logos planearon un regreso al poder, construyendo flotas y ej\u00e9rcitos en secreto. Este movimiento se convirti\u00f3 en la Primera Orden, gobernada por el L\u00edder Supremo Snoke, y ahora est\u00e1 lista para reclamar el legado imperial.<\/p>\n<p>Juego de 5 figuras de acci\u00f3n First Order a escala de 9.5cm, con m\u00faltiples puntos de articulaci\u00f3n, as\u00ed como accesorios inspirados en los personajes Flametrooper, Capit\u00e1n Phasma, General Hux y Oficial de Stormtroopers de la Primera Orden y BB-9E.<\/p>\n<p>Edad recomendada: 4 a\u00f1os en adelante<\/p>\n<p>\u26a0\ufe0fADVERTENCIA: PELIGRO DE ASFIXIA &#8211; Piezas peque\u00f1as. No apto para ni\u00f1os menores de 4 a\u00f1os.<\/p>\n<p>Los productos Star Wars son producidos por Hasbro bajo licencia de Lucasfilm Ltd.<\/p>\n<p>Hasbro y todos los t\u00e9rminos relacionados son marcas registradas de Hasbro.<\/p>\n","protected":false},"excerpt":{"rendered":"<p>El surgimiento de la Nueva Rep\u00fablica redujo el<span class=\"Apple-converted-space\">\u00a0 <\/span>poderoso Imperio a un estado ruinoso acorralado por estrictos tratados de desarme y severas reparaciones. Pero en las Regiones Desconocidas de la galaxia, ex oficiales imperiales, nobles y tecn\u00f3logos planearon un regreso al poder, construyendo flotas y ej\u00e9rcitos en secreto. Este movimiento se convirti\u00f3 en la Primera Orden, gobernada por el L\u00edder Supremo Snoke, y ahora est\u00e1 lista para reclamar el legado imperial.<\/p>\n","protected":false},"featured_media":3362,"comment_status":"open","ping_status":"closed","template":"","meta":[],"product_brand":[],"product_cat":[19],"product_tag":[],"class_list":{"0":"post-1942","1":"product","2":"type-product","3":"status-publish","4":"has-post-thumbnail","6":"product_cat-star-wars","8":"first","9":"instock","10":"taxable","11":"shipping-taxable","12":"purchasable","13":"product-type-simple"},"_links":{"self":[{"href":"https:\/\/r2-toys.com\/index.php\/wp-json\/wp\/v2\/product\/1942","targetHints":{"allow":["GET"]}}],"collection":[{"href":"https:\/\/r2-toys.com\/index.php\/wp-json\/wp\/v2\/product"}],"about":[{"href":"https:\/\/r2-toys.com\/index.php\/wp-json\/wp\/v2\/types\/product"}],"replies":[{"embeddable":true,"href":"https:\/\/r2-toys.com\/index.php\/wp-json\/wp\/v2\/comments?post=1942"}],"wp:featuredmedia":[{"embeddable":true,"href":"https:\/\/r2-toys.com\/index.php\/wp-json\/wp\/v2\/media\/3362"}],"wp:attachment":[{"href":"https:\/\/r2-toys.com\/index.php\/wp-json\/wp\/v2\/media?parent=1942"}],"wp:term":[{"taxonomy":"product_brand","embeddable":true,"href":"https:\/\/r2-toys.com\/index.php\/wp-json\/wp\/v2\/product_brand?post=1942"},{"taxonomy":"product_cat","embeddable":true,"href":"https:\/\/r2-toys.com\/index.php\/wp-json\/wp\/v2\/product_cat?post=1942"},{"taxonomy":"product_tag","embeddable":true,"href":"https:\/\/r2-toys.com\/index.php\/wp-json\/wp\/v2\/product_tag?post=1942"}],"curies":[{"name":"wp","href":"https:\/\/api.w.org\/{rel}","templated":true}]}}