{"id":1943,"date":"2022-03-31T04:21:39","date_gmt":"2022-03-30T22:21:39","guid":{"rendered":"https:\/\/r2-toys.com\/?post_type=product&#038;p=1943"},"modified":"2022-09-26T04:30:15","modified_gmt":"2022-09-25T22:30:15","slug":"set-5-galactic-empire-celebrate-the-saga","status":"publish","type":"product","link":"https:\/\/r2-toys.com\/index.php\/product\/set-5-galactic-empire-celebrate-the-saga\/","title":{"rendered":"Set 5 Galactic Empire Celebrate the Saga"},"content":{"rendered":"<p>El Imperio Gal\u00e1ctico gobern\u00f3 durante a\u00f1os a trav\u00e9s del miedo, la intimidaci\u00f3n y la tiran\u00eda, armado con una poderosa fuerza militar que incluye soldados de asalto, droides sonda, naves caza y la Estrella de la Muerte, el Imperio Gal\u00e1ctico parec\u00eda imparable y permanente.<\/p>\n<p>Juego de 5 figuras de acci\u00f3n Galactic Empire a escala de 9.5cm, con m\u00faltiples puntos de articulaci\u00f3n, as\u00ed como accesorios inspirados en los personajes TIE Fighter Pilot, Snowtrooper, Stormtrooper Squad Leader, Scout Trooper y R2-Q5<\/p>\n<p>Edad recomendada: 4 a\u00f1os en adelante<\/p>\n<p>\u26a0\ufe0fADVERTENCIA: PELIGRO DE ASFIXIA &#8211; Piezas peque\u00f1as. No apto para ni\u00f1os menores de 4 a\u00f1os.<\/p>\n<p>Los productos Star Wars son producidos por Hasbro bajo licencia de Lucasfilm Ltd.<\/p>\n<p>Hasbro y todos los t\u00e9rminos relacionados son marcas registradas de Hasbro.<\/p>\n","protected":false},"excerpt":{"rendered":"<p>El Imperio Gal\u00e1ctico gobern\u00f3 durante a\u00f1os a trav\u00e9s del miedo, la intimidaci\u00f3n y la tiran\u00eda, armado con una poderosa fuerza militar que incluye soldados de asalto, droides sonda, naves caza y la Estrella de la Muerte, el Imperio Gal\u00e1ctico parec\u00eda imparable y permanente.<\/p>\n","protected":false},"featured_media":3365,"comment_status":"open","ping_status":"closed","template":"","meta":[],"product_brand":[],"product_cat":[19],"product_tag":[],"class_list":{"0":"post-1943","1":"product","2":"type-product","3":"status-publish","4":"has-post-thumbnail","6":"product_cat-star-wars","8":"first","9":"instock","10":"taxable","11":"shipping-taxable","12":"purchasable","13":"product-type-simple"},"_links":{"self":[{"href":"https:\/\/r2-toys.com\/index.php\/wp-json\/wp\/v2\/product\/1943","targetHints":{"allow":["GET"]}}],"collection":[{"href":"https:\/\/r2-toys.com\/index.php\/wp-json\/wp\/v2\/product"}],"about":[{"href":"https:\/\/r2-toys.com\/index.php\/wp-json\/wp\/v2\/types\/product"}],"replies":[{"embeddable":true,"href":"https:\/\/r2-toys.com\/index.php\/wp-json\/wp\/v2\/comments?post=1943"}],"wp:featuredmedia":[{"embeddable":true,"href":"https:\/\/r2-toys.com\/index.php\/wp-json\/wp\/v2\/media\/3365"}],"wp:attachment":[{"href":"https:\/\/r2-toys.com\/index.php\/wp-json\/wp\/v2\/media?parent=1943"}],"wp:term":[{"taxonomy":"product_brand","embeddable":true,"href":"https:\/\/r2-toys.com\/index.php\/wp-json\/wp\/v2\/product_brand?post=1943"},{"taxonomy":"product_cat","embeddable":true,"href":"https:\/\/r2-toys.com\/index.php\/wp-json\/wp\/v2\/product_cat?post=1943"},{"taxonomy":"product_tag","embeddable":true,"href":"https:\/\/r2-toys.com\/index.php\/wp-json\/wp\/v2\/product_tag?post=1943"}],"curies":[{"name":"wp","href":"https:\/\/api.w.org\/{rel}","templated":true}]}}