{"id":1945,"date":"2022-03-31T04:22:56","date_gmt":"2022-03-30T22:22:56","guid":{"rendered":"https:\/\/r2-toys.com\/?post_type=product&#038;p=1945"},"modified":"2022-09-26T02:04:33","modified_gmt":"2022-09-25T20:04:33","slug":"gamorrean-guard-trilogy","status":"publish","type":"product","link":"https:\/\/r2-toys.com\/index.php\/product\/gamorrean-guard-trilogy\/","title":{"rendered":"Gamorrean Guard Trilogy"},"content":{"rendered":"<p>Corpulentos e intimidantes, que prefer\u00edan las hachas y otras armas primitivas, los gamorreanos a menudo eran utilizados como guardias por los hutts y otros capos del inframundo. Jabba the Hutt emple\u00f3 a una pandilla de musculosos gamorreanos para proteger su palacio en Tatooine.<\/p>\n<p>Esta figura de 9.5cm de la colecci\u00f3n Trilog\u00eda cuenta con un excelente dise\u00f1o e incluye accesorios<\/p>\n<p>Edad recomendada: 4 a\u00f1os en adelante<\/p>\n<p>\u26a0\ufe0fADVERTENCIA: PELIGRO DE ASFIXIA &#8211; Piezas peque\u00f1as. No apto para ni\u00f1os menores de 4 a\u00f1os.<\/p>\n<p>Los productos Star Wars son producidos por Hasbro bajo licencia de Lucasfilm Ltd.<\/p>\n<p>Hasbro y todos los t\u00e9rminos relacionados son marcas registradas de Hasbro.<\/p>\n","protected":false},"excerpt":{"rendered":"<p>Corpulentos e intimidantes, que prefer\u00edan las hachas y otras armas primitivas, los gamorreanos a menudo eran utilizados como guardias por los hutts y otros capos del inframundo. Jabba the Hutt emple\u00f3 a una pandilla de musculosos gamorreanos para proteger su palacio en Tatooine.<\/p>\n","protected":false},"featured_media":3368,"comment_status":"open","ping_status":"closed","template":"","meta":[],"product_brand":[],"product_cat":[19],"product_tag":[],"class_list":{"0":"post-1945","1":"product","2":"type-product","3":"status-publish","4":"has-post-thumbnail","6":"product_cat-star-wars","8":"first","9":"instock","10":"taxable","11":"shipping-taxable","12":"purchasable","13":"product-type-simple"},"_links":{"self":[{"href":"https:\/\/r2-toys.com\/index.php\/wp-json\/wp\/v2\/product\/1945","targetHints":{"allow":["GET"]}}],"collection":[{"href":"https:\/\/r2-toys.com\/index.php\/wp-json\/wp\/v2\/product"}],"about":[{"href":"https:\/\/r2-toys.com\/index.php\/wp-json\/wp\/v2\/types\/product"}],"replies":[{"embeddable":true,"href":"https:\/\/r2-toys.com\/index.php\/wp-json\/wp\/v2\/comments?post=1945"}],"wp:featuredmedia":[{"embeddable":true,"href":"https:\/\/r2-toys.com\/index.php\/wp-json\/wp\/v2\/media\/3368"}],"wp:attachment":[{"href":"https:\/\/r2-toys.com\/index.php\/wp-json\/wp\/v2\/media?parent=1945"}],"wp:term":[{"taxonomy":"product_brand","embeddable":true,"href":"https:\/\/r2-toys.com\/index.php\/wp-json\/wp\/v2\/product_brand?post=1945"},{"taxonomy":"product_cat","embeddable":true,"href":"https:\/\/r2-toys.com\/index.php\/wp-json\/wp\/v2\/product_cat?post=1945"},{"taxonomy":"product_tag","embeddable":true,"href":"https:\/\/r2-toys.com\/index.php\/wp-json\/wp\/v2\/product_tag?post=1945"}],"curies":[{"name":"wp","href":"https:\/\/api.w.org\/{rel}","templated":true}]}}