{"id":1946,"date":"2022-03-31T04:26:39","date_gmt":"2022-03-30T22:26:39","guid":{"rendered":"https:\/\/r2-toys.com\/?post_type=product&#038;p=1946"},"modified":"2023-11-19T04:19:02","modified_gmt":"2023-11-18T22:19:02","slug":"han-solo-boba-fett-force-link","status":"publish","type":"product","link":"https:\/\/r2-toys.com\/index.php\/product\/han-solo-boba-fett-force-link\/","title":{"rendered":"Han Solo \/ Boba fett Force Link"},"content":{"rendered":"<p>Han Solo surgi\u00f3 de una infancia empobrecida en las calles de Corellia para convertirse en uno de los h\u00e9roes de la Alianza Rebelde. Como capit\u00e1n del Halc\u00f3n Milenario, Han y su copiloto Chewbacca llegaron a creer en la causa de la libertad gal\u00e1ctica, uni\u00e9ndose a Luke Skywalker y la Princesa Leia Organa en la lucha contra el Imperio.<\/p>\n<p>Boba Fett Con su armadura mandaloriana personalizada, armamento letal y conducta silenciosa, era uno de los cazarrecompensas m\u00e1s temidos de la galaxia.<\/p>\n<p>Un sistema de juego interactivo de Hasbro que brinda<span class=\"Apple-converted-space\">\u00a0 <\/span>efectos de sonido y<span class=\"Apple-converted-space\">\u00a0 <\/span>frases de las pel\u00edculas.<span class=\"Apple-converted-space\">\u00a0 <\/span>Use la tecnolog\u00eda port\u00e1til Wear Force Link (de venta por separado) para activar luces, sonidos y frases estas figura de 9.5cm, accesorios, veh\u00edculos y juegos activados por Force Link. Incluye: 2 figuras y 4 accesorios<\/p>\n<p>Edad recomendada: 4 a\u00f1os en adelante<\/p>\n<p>\u26a0\ufe0fADVERTENCIA: PELIGRO DE ASFIXIA &#8211; Piezas peque\u00f1as. No apto para ni\u00f1os menores de 4 a\u00f1os.<\/p>\n<p>Los productos Star Wars son producidos por Hasbro bajo licencia de Lucasfilm Ltd.<\/p>\n<p>Hasbro y todos los t\u00e9rminos relacionados son marcas registradas de Hasbro.<\/p>\n","protected":false},"excerpt":{"rendered":"<p>Han Solo surgi\u00f3 de una infancia empobrecida en las calles de Corellia para convertirse en uno de los h\u00e9roes de la Alianza Rebelde. Como capit\u00e1n del Halc\u00f3n Milenario, Han y su copiloto Chewbacca llegaron a creer en la causa de la libertad gal\u00e1ctica, uni\u00e9ndose a Luke Skywalker y la Princesa Leia Organa en la lucha contra el Imperio.<\/p>\n<p>Boba Fett Con su armadura mandaloriana personalizada, armamento letal y conducta silenciosa, era uno de los cazarrecompensas m\u00e1s temidos de la galaxia.<\/p>\n","protected":false},"featured_media":3373,"comment_status":"open","ping_status":"closed","template":"","meta":[],"product_brand":[],"product_cat":[19],"product_tag":[],"class_list":{"0":"post-1946","1":"product","2":"type-product","3":"status-publish","4":"has-post-thumbnail","6":"product_cat-star-wars","8":"first","9":"outofstock","10":"taxable","11":"shipping-taxable","12":"purchasable","13":"product-type-simple"},"_links":{"self":[{"href":"https:\/\/r2-toys.com\/index.php\/wp-json\/wp\/v2\/product\/1946","targetHints":{"allow":["GET"]}}],"collection":[{"href":"https:\/\/r2-toys.com\/index.php\/wp-json\/wp\/v2\/product"}],"about":[{"href":"https:\/\/r2-toys.com\/index.php\/wp-json\/wp\/v2\/types\/product"}],"replies":[{"embeddable":true,"href":"https:\/\/r2-toys.com\/index.php\/wp-json\/wp\/v2\/comments?post=1946"}],"wp:featuredmedia":[{"embeddable":true,"href":"https:\/\/r2-toys.com\/index.php\/wp-json\/wp\/v2\/media\/3373"}],"wp:attachment":[{"href":"https:\/\/r2-toys.com\/index.php\/wp-json\/wp\/v2\/media?parent=1946"}],"wp:term":[{"taxonomy":"product_brand","embeddable":true,"href":"https:\/\/r2-toys.com\/index.php\/wp-json\/wp\/v2\/product_brand?post=1946"},{"taxonomy":"product_cat","embeddable":true,"href":"https:\/\/r2-toys.com\/index.php\/wp-json\/wp\/v2\/product_cat?post=1946"},{"taxonomy":"product_tag","embeddable":true,"href":"https:\/\/r2-toys.com\/index.php\/wp-json\/wp\/v2\/product_tag?post=1946"}],"curies":[{"name":"wp","href":"https:\/\/api.w.org\/{rel}","templated":true}]}}