{"id":1951,"date":"2022-03-31T04:41:25","date_gmt":"2022-03-30T22:41:25","guid":{"rendered":"https:\/\/r2-toys.com\/?post_type=product&#038;p=1951"},"modified":"2023-12-10T11:58:10","modified_gmt":"2023-12-10T05:58:10","slug":"rey-jedi-training-y-elite-preetorian-guard-force-link","status":"publish","type":"product","link":"https:\/\/r2-toys.com\/index.php\/product\/rey-jedi-training-y-elite-preetorian-guard-force-link\/","title":{"rendered":"Rey (Jedi Training) y Elite Preetorian Guard  Force Link"},"content":{"rendered":"<p>Rey es sensible a la Fuerza, fue una Jedi que luch\u00f3 por la Resistencia contra la Primera Orden durante la Era de la Nueva Rep\u00fablica. Aunque naci\u00f3 como Rey Palpatine, no era consciente de su linaje como nieta del Emperador Sheev Palpatine y se refiri\u00f3 a s\u00ed misma simplemente como Rey, creyendo que no era nadie.<\/p>\n<p>Praetorian Elite Guard, vestidos con una armadura roja, estos guerreros protegieron al L\u00edder Supremo Snoke, listo para enfrentar cualquier amenaza con una respuesta salvaje. La Guardia consist\u00eda en ocho centinelas.<\/p>\n<p>Un sistema de juego interactivo de Hasbro que brinda<span class=\"Apple-converted-space\">\u00a0 <\/span>efectos de sonido y<span class=\"Apple-converted-space\">\u00a0 <\/span>frases de las pel\u00edculas.<span class=\"Apple-converted-space\">\u00a0 <\/span>Use la tecnolog\u00eda port\u00e1til Wear Force Link (de venta por separado) para activar luces, sonidos y frases estas figura de 9.5cm, accesorios, veh\u00edculos y juegos activados por Force Link. Incluye: 2 figuras, 5 accesorios e instrucciones<\/p>\n<p>Edad recomendada: 4 a\u00f1os en adelante<\/p>\n<p>\u26a0\ufe0fADVERTENCIA: PELIGRO DE ASFIXIA &#8211; Piezas peque\u00f1as. No apto para ni\u00f1os menores de 4 a\u00f1os.<\/p>\n<p>Los productos Star Wars son producidos por Hasbro bajo licencia de Lucasfilm Ltd.<\/p>\n<p>Hasbro y todos los t\u00e9rminos relacionados son marcas registradas de Hasbro.<\/p>\n","protected":false},"excerpt":{"rendered":"<p>Rey es sensible a la Fuerza, fue una Jedi que luch\u00f3 por la Resistencia contra la Primera Orden durante la Era de la Nueva Rep\u00fablica. Aunque naci\u00f3 como Rey Palpatine, no era consciente de su linaje como nieta del Emperador Sheev Palpatine y se refiri\u00f3 a s\u00ed misma simplemente como Rey, creyendo que no era nadie.<\/p>\n<p>Praetorian Elite Guard, vestidos con una armadura roja, estos guerreros protegieron al L\u00edder Supremo Snoke, listo para enfrentar cualquier amenaza con una respuesta salvaje. La Guardia consist\u00eda en ocho centinelas.<\/p>\n<p>&nbsp;<\/p>\n","protected":false},"featured_media":3385,"comment_status":"open","ping_status":"closed","template":"","meta":[],"product_brand":[],"product_cat":[19],"product_tag":[],"class_list":{"0":"post-1951","1":"product","2":"type-product","3":"status-publish","4":"has-post-thumbnail","6":"product_cat-star-wars","8":"first","9":"outofstock","10":"taxable","11":"shipping-taxable","12":"purchasable","13":"product-type-simple"},"_links":{"self":[{"href":"https:\/\/r2-toys.com\/index.php\/wp-json\/wp\/v2\/product\/1951","targetHints":{"allow":["GET"]}}],"collection":[{"href":"https:\/\/r2-toys.com\/index.php\/wp-json\/wp\/v2\/product"}],"about":[{"href":"https:\/\/r2-toys.com\/index.php\/wp-json\/wp\/v2\/types\/product"}],"replies":[{"embeddable":true,"href":"https:\/\/r2-toys.com\/index.php\/wp-json\/wp\/v2\/comments?post=1951"}],"wp:featuredmedia":[{"embeddable":true,"href":"https:\/\/r2-toys.com\/index.php\/wp-json\/wp\/v2\/media\/3385"}],"wp:attachment":[{"href":"https:\/\/r2-toys.com\/index.php\/wp-json\/wp\/v2\/media?parent=1951"}],"wp:term":[{"taxonomy":"product_brand","embeddable":true,"href":"https:\/\/r2-toys.com\/index.php\/wp-json\/wp\/v2\/product_brand?post=1951"},{"taxonomy":"product_cat","embeddable":true,"href":"https:\/\/r2-toys.com\/index.php\/wp-json\/wp\/v2\/product_cat?post=1951"},{"taxonomy":"product_tag","embeddable":true,"href":"https:\/\/r2-toys.com\/index.php\/wp-json\/wp\/v2\/product_tag?post=1951"}],"curies":[{"name":"wp","href":"https:\/\/api.w.org\/{rel}","templated":true}]}}