{"id":1952,"date":"2022-03-31T04:30:37","date_gmt":"2022-03-30T22:30:37","guid":{"rendered":"https:\/\/r2-toys.com\/?post_type=product&#038;p=1952"},"modified":"2022-09-26T02:04:21","modified_gmt":"2022-09-25T20:04:21","slug":"r2-d2-trilogy","status":"publish","type":"product","link":"https:\/\/r2-toys.com\/index.php\/product\/r2-d2-trilogy\/","title":{"rendered":"R2-D2 Trilogy"},"content":{"rendered":"<p>Droide astromec\u00e1nico confiable y vers\u00e1til, sirvi\u00f3 a Padm\u00e9 Amidala, Anakin Skywalker y Luke Skywalker, mostrando una gran valent\u00eda al rescatar a sus maestros y amigos de muchos peligros.<\/p>\n<p>Esta figura de 9.5cm de la colecci\u00f3n Trilog\u00eda cuenta con un excelente dise\u00f1o e incluye accesorios<\/p>\n<p>Edad recomendada: 4 a\u00f1os en adelante<\/p>\n<p>\u26a0\ufe0fADVERTENCIA: PELIGRO DE ASFIXIA &#8211; Piezas peque\u00f1as. No apto para ni\u00f1os menores de 4 a\u00f1os.<\/p>\n<p>Los productos Star Wars son producidos por Hasbro bajo licencia de Lucasfilm Ltd.<\/p>\n<p>Hasbro y todos los t\u00e9rminos relacionados son marcas registradas de Hasbro.<\/p>\n","protected":false},"excerpt":{"rendered":"<p>Droide astromec\u00e1nico confiable y vers\u00e1til, sirvi\u00f3 a Padm\u00e9 Amidala, Anakin Skywalker y Luke Skywalker, mostrando una gran valent\u00eda al rescatar a sus maestros y amigos de muchos peligros.<\/p>\n","protected":false},"featured_media":3381,"comment_status":"open","ping_status":"closed","template":"","meta":[],"product_brand":[],"product_cat":[19],"product_tag":[],"class_list":{"0":"post-1952","1":"product","2":"type-product","3":"status-publish","4":"has-post-thumbnail","6":"product_cat-star-wars","8":"first","9":"instock","10":"taxable","11":"shipping-taxable","12":"purchasable","13":"product-type-simple"},"_links":{"self":[{"href":"https:\/\/r2-toys.com\/index.php\/wp-json\/wp\/v2\/product\/1952","targetHints":{"allow":["GET"]}}],"collection":[{"href":"https:\/\/r2-toys.com\/index.php\/wp-json\/wp\/v2\/product"}],"about":[{"href":"https:\/\/r2-toys.com\/index.php\/wp-json\/wp\/v2\/types\/product"}],"replies":[{"embeddable":true,"href":"https:\/\/r2-toys.com\/index.php\/wp-json\/wp\/v2\/comments?post=1952"}],"wp:featuredmedia":[{"embeddable":true,"href":"https:\/\/r2-toys.com\/index.php\/wp-json\/wp\/v2\/media\/3381"}],"wp:attachment":[{"href":"https:\/\/r2-toys.com\/index.php\/wp-json\/wp\/v2\/media?parent=1952"}],"wp:term":[{"taxonomy":"product_brand","embeddable":true,"href":"https:\/\/r2-toys.com\/index.php\/wp-json\/wp\/v2\/product_brand?post=1952"},{"taxonomy":"product_cat","embeddable":true,"href":"https:\/\/r2-toys.com\/index.php\/wp-json\/wp\/v2\/product_cat?post=1952"},{"taxonomy":"product_tag","embeddable":true,"href":"https:\/\/r2-toys.com\/index.php\/wp-json\/wp\/v2\/product_tag?post=1952"}],"curies":[{"name":"wp","href":"https:\/\/api.w.org\/{rel}","templated":true}]}}