{"id":1953,"date":"2022-03-31T04:42:45","date_gmt":"2022-03-30T22:42:45","guid":{"rendered":"https:\/\/r2-toys.com\/?post_type=product&#038;p=1953"},"modified":"2022-09-26T04:29:52","modified_gmt":"2022-09-25T22:29:52","slug":"celebrate-the-saga-toys-sith-action-figure-set-5-pack","status":"publish","type":"product","link":"https:\/\/r2-toys.com\/index.php\/product\/celebrate-the-saga-toys-sith-action-figure-set-5-pack\/","title":{"rendered":"Celebrate the Saga Toys Sith Action Figure Set 5-Pack"},"content":{"rendered":"<p>Una antigua orden de la Fuerza dedicada al lado oscuro, los Sith practican el odio, el enga\u00f1o y la codicia. Notables por sus sables de luz rojo, su vestimenta negra y el uso de sus sentimientos agresivos, los Sith buscan acumular poder.<\/p>\n<p>Juego de 5 figuras de acci\u00f3n Sith a escala de 9.5cm, con m\u00faltiples puntos de articulaci\u00f3n, as\u00ed como 7 accesorios inspirados en los personajes<span class=\"Apple-converted-space\">\u00a0 <\/span>Kylo Ren, Darth Vader, Darth Maul, Emperor Palpatine y TC-4.<\/p>\n<p>Edad recomendada: 4 a\u00f1os en adelante<\/p>\n<p>\u26a0\ufe0fADVERTENCIA: PELIGRO DE ASFIXIA &#8211; Piezas peque\u00f1as. No apto para ni\u00f1os menores de 4 a\u00f1os.<\/p>\n<p>Los productos Star Wars son producidos por Hasbro bajo licencia de Lucasfilm Ltd.<\/p>\n<p>Hasbro y todos los t\u00e9rminos relacionados son marcas registradas de Hasbro.<\/p>\n","protected":false},"excerpt":{"rendered":"<p>Una antigua orden de la Fuerza dedicada al lado oscuro, los Sith practican el odio, el enga\u00f1o y la codicia. Notables por sus sables de luz rojo, su vestimenta negra y el uso de sus sentimientos agresivos, los Sith buscan acumular poder.<\/p>\n","protected":false},"featured_media":3387,"comment_status":"open","ping_status":"closed","template":"","meta":[],"product_brand":[],"product_cat":[19],"product_tag":[],"class_list":{"0":"post-1953","1":"product","2":"type-product","3":"status-publish","4":"has-post-thumbnail","6":"product_cat-star-wars","8":"first","9":"instock","10":"taxable","11":"shipping-taxable","12":"purchasable","13":"product-type-simple"},"_links":{"self":[{"href":"https:\/\/r2-toys.com\/index.php\/wp-json\/wp\/v2\/product\/1953","targetHints":{"allow":["GET"]}}],"collection":[{"href":"https:\/\/r2-toys.com\/index.php\/wp-json\/wp\/v2\/product"}],"about":[{"href":"https:\/\/r2-toys.com\/index.php\/wp-json\/wp\/v2\/types\/product"}],"replies":[{"embeddable":true,"href":"https:\/\/r2-toys.com\/index.php\/wp-json\/wp\/v2\/comments?post=1953"}],"wp:featuredmedia":[{"embeddable":true,"href":"https:\/\/r2-toys.com\/index.php\/wp-json\/wp\/v2\/media\/3387"}],"wp:attachment":[{"href":"https:\/\/r2-toys.com\/index.php\/wp-json\/wp\/v2\/media?parent=1953"}],"wp:term":[{"taxonomy":"product_brand","embeddable":true,"href":"https:\/\/r2-toys.com\/index.php\/wp-json\/wp\/v2\/product_brand?post=1953"},{"taxonomy":"product_cat","embeddable":true,"href":"https:\/\/r2-toys.com\/index.php\/wp-json\/wp\/v2\/product_cat?post=1953"},{"taxonomy":"product_tag","embeddable":true,"href":"https:\/\/r2-toys.com\/index.php\/wp-json\/wp\/v2\/product_tag?post=1953"}],"curies":[{"name":"wp","href":"https:\/\/api.w.org\/{rel}","templated":true}]}}