{"id":1955,"date":"2022-03-31T04:06:08","date_gmt":"2022-03-30T22:06:08","guid":{"rendered":"https:\/\/r2-toys.com\/?post_type=product&#038;p=1955"},"modified":"2022-06-22T21:06:40","modified_gmt":"2022-06-22T15:06:40","slug":"boba-fett-galaxy-of-adventures","status":"publish","type":"product","link":"https:\/\/r2-toys.com\/index.php\/product\/boba-fett-galaxy-of-adventures\/","title":{"rendered":"Boba Fett Galaxy of Adventures"},"content":{"rendered":"<p>Una vez considerado como uno de los cazarrecompensas m\u00e1s temibles y capaces de la galaxia, Boba Fett aparentemente muri\u00f3 en el pozo Sarlacc en Tatooine. Fett ha sobrevivido a la bestia y ahora ha recuperado su distintiva armadura mandaloriana.<\/p>\n<p>Esta figura de 13cm de la colecci\u00f3n Galaxy of Adventures incluye m\u00faltiples articulaciones, dise\u00f1o de gran detalle y accesorios.<\/p>\n<p>Edad recomendada: 4 a\u00f1os en adelante<\/p>\n<p>\u26a0\ufe0fADVERTENCIA: PELIGRO DE ASFIXIA &#8211; Piezas peque\u00f1as. No apto para ni\u00f1os menores de 4 a\u00f1os.<\/p>\n<p>Los productos Star Wars son producidos por Hasbro bajo licencia de Lucasfilm Ltd.<\/p>\n<p>Hasbro y todos los t\u00e9rminos relacionados son marcas registradas de Hasbro.<\/p>\n","protected":false},"excerpt":{"rendered":"<p>Una vez considerado como uno de los cazarrecompensas m\u00e1s temibles y capaces de la galaxia, Boba Fett aparentemente muri\u00f3 en el pozo Sarlacc en Tatooine. Fett ha sobrevivido a la bestia y ahora ha recuperado su distintiva armadura mandaloriana.<\/p>\n","protected":false},"featured_media":3354,"comment_status":"open","ping_status":"closed","template":"","meta":[],"product_brand":[],"product_cat":[19],"product_tag":[],"class_list":{"0":"post-1955","1":"product","2":"type-product","3":"status-publish","4":"has-post-thumbnail","6":"product_cat-star-wars","8":"first","9":"instock","10":"taxable","11":"shipping-taxable","12":"purchasable","13":"product-type-simple"},"_links":{"self":[{"href":"https:\/\/r2-toys.com\/index.php\/wp-json\/wp\/v2\/product\/1955","targetHints":{"allow":["GET"]}}],"collection":[{"href":"https:\/\/r2-toys.com\/index.php\/wp-json\/wp\/v2\/product"}],"about":[{"href":"https:\/\/r2-toys.com\/index.php\/wp-json\/wp\/v2\/types\/product"}],"replies":[{"embeddable":true,"href":"https:\/\/r2-toys.com\/index.php\/wp-json\/wp\/v2\/comments?post=1955"}],"wp:featuredmedia":[{"embeddable":true,"href":"https:\/\/r2-toys.com\/index.php\/wp-json\/wp\/v2\/media\/3354"}],"wp:attachment":[{"href":"https:\/\/r2-toys.com\/index.php\/wp-json\/wp\/v2\/media?parent=1955"}],"wp:term":[{"taxonomy":"product_brand","embeddable":true,"href":"https:\/\/r2-toys.com\/index.php\/wp-json\/wp\/v2\/product_brand?post=1955"},{"taxonomy":"product_cat","embeddable":true,"href":"https:\/\/r2-toys.com\/index.php\/wp-json\/wp\/v2\/product_cat?post=1955"},{"taxonomy":"product_tag","embeddable":true,"href":"https:\/\/r2-toys.com\/index.php\/wp-json\/wp\/v2\/product_tag?post=1955"}],"curies":[{"name":"wp","href":"https:\/\/api.w.org\/{rel}","templated":true}]}}