{"id":1961,"date":"2022-03-31T12:40:24","date_gmt":"2022-03-31T06:40:24","guid":{"rendered":"https:\/\/r2-toys.com\/?post_type=product&#038;p=1961"},"modified":"2023-10-13T19:05:16","modified_gmt":"2023-10-13T13:05:16","slug":"chewie-the-ultimate-co-pilot","status":"publish","type":"product","link":"https:\/\/r2-toys.com\/index.php\/product\/chewie-the-ultimate-co-pilot\/","title":{"rendered":"Chewie the ultimate co-pilot"},"content":{"rendered":"<p>Guerrero Wookiee y copiloto de Han Solo desde hace mucho tiempo, Chewbacca contin\u00fao sirviendo como fiel primer oficial para llevar a cabo misiones audaces contra la Primera Orden detr\u00e1s de los controles del Halc\u00f3n Milenario. Conocido como Chewie por sus amigos m\u00e1s cercanos, form\u00f3 parte de un grupo central de rebeldes que restauraron la libertad de la galaxia durante el reinado del Imperio Gal\u00e1ctico.<\/p>\n<p>Antes de emprender tus aventuras intergal\u00e1cticas, necesitas un copiloto, y el mejor de la galaxia es Chewie. Este juguete interactivo tiene m\u00e1s de 100 combinaciones de sonido y movimiento, incluidas expresiones faciales, movimientos de cabeza y movimientos de brazos, todo activado por el tacto, el sonido y el movimiento.<\/p>\n<p>Puedes acariciar la cabeza de Chewie, presionar su barriga o hablar por el micr\u00f3fono en la parte delantera del juguete para obtener diferentes respuestas. Incluso cuando tocas m\u00fasica. Si presionas su barriga unas cuantas veces seguidas, desbloquear\u00e1s una sorpresa oculta, o de forma constante y emitir\u00e1 un gran rugido. Moverlo y sacudirlo, tambi\u00e9n provocar\u00e1 m\u00e1s sonidos y reacciones, y cuando llegue el momento de que Chewie descanse, acu\u00e9stelo boca arriba y cerrar\u00e1 los ojos para dormir despu\u00e9s de unos minutos.<\/p>\n<p>Esta peluda figura interactiva de 40cm de alto requiere 4 bater\u00edas AA incluidas, regularmente esta en modo TRY ME, por lo que se recomienda asegurar ponerlo en modo ON para activar todas las funciones<\/p>\n<p>Edad recomendada: 4 a\u00f1os en adelante<\/p>\n<p>\u26a0\ufe0fADVERTENCIA: PELIGRO DE ASFIXIA &#8211; Piezas peque\u00f1as. No apto para ni\u00f1os menores de 4 a\u00f1os.<\/p>\n<p>Los productos Star Wars son producidos por Hasbro bajo licencia de Lucasfilm Ltd. y Disney<\/p>\n<p>Hasbro y todos los t\u00e9rminos relacionados son marcas registradas de Hasbro.<\/p>\n","protected":false},"excerpt":{"rendered":"<p>Guerrero Wookiee y copiloto de Han Solo desde hace mucho tiempo, Chewbacca contin\u00fao sirviendo como fiel primer oficial para llevar a cabo misiones audaces contra la Primera Orden detr\u00e1s de los controles del Halc\u00f3n Milenario. Conocido como Chewie por sus amigos m\u00e1s cercanos, form\u00f3 parte de un grupo central de rebeldes que restauraron la libertad de la galaxia durante el reinado del Imperio Gal\u00e1ctico.<\/p>\n","protected":false},"featured_media":3752,"comment_status":"open","ping_status":"closed","template":"","meta":[],"product_brand":[],"product_cat":[33],"product_tag":[],"class_list":{"0":"post-1961","1":"product","2":"type-product","3":"status-publish","4":"has-post-thumbnail","6":"product_cat-otros","8":"first","9":"outofstock","10":"taxable","11":"shipping-taxable","12":"purchasable","13":"product-type-simple"},"_links":{"self":[{"href":"https:\/\/r2-toys.com\/index.php\/wp-json\/wp\/v2\/product\/1961","targetHints":{"allow":["GET"]}}],"collection":[{"href":"https:\/\/r2-toys.com\/index.php\/wp-json\/wp\/v2\/product"}],"about":[{"href":"https:\/\/r2-toys.com\/index.php\/wp-json\/wp\/v2\/types\/product"}],"replies":[{"embeddable":true,"href":"https:\/\/r2-toys.com\/index.php\/wp-json\/wp\/v2\/comments?post=1961"}],"wp:featuredmedia":[{"embeddable":true,"href":"https:\/\/r2-toys.com\/index.php\/wp-json\/wp\/v2\/media\/3752"}],"wp:attachment":[{"href":"https:\/\/r2-toys.com\/index.php\/wp-json\/wp\/v2\/media?parent=1961"}],"wp:term":[{"taxonomy":"product_brand","embeddable":true,"href":"https:\/\/r2-toys.com\/index.php\/wp-json\/wp\/v2\/product_brand?post=1961"},{"taxonomy":"product_cat","embeddable":true,"href":"https:\/\/r2-toys.com\/index.php\/wp-json\/wp\/v2\/product_cat?post=1961"},{"taxonomy":"product_tag","embeddable":true,"href":"https:\/\/r2-toys.com\/index.php\/wp-json\/wp\/v2\/product_tag?post=1961"}],"curies":[{"name":"wp","href":"https:\/\/api.w.org\/{rel}","templated":true}]}}