{"id":1962,"date":"2022-03-31T23:25:39","date_gmt":"2022-03-31T17:25:39","guid":{"rendered":"https:\/\/r2-toys.com\/?post_type=product&#038;p=1962"},"modified":"2024-05-29T09:02:01","modified_gmt":"2024-05-29T03:02:01","slug":"chopper-c1-10p-personalizable","status":"publish","type":"product","link":"https:\/\/r2-toys.com\/index.php\/product\/chopper-c1-10p-personalizable\/","title":{"rendered":"CHOPPER (C1-10P) personalizable"},"content":{"rendered":"<p>Chopper era el tripulante droide de The Ghost, apoyando a su equipo en todo, desde el mantenimiento de la nave hasta el combate y es un compa\u00f1ero leal de Hera Syndulla desde su ni\u00f1ez.<\/p>\n<p>Te encantar\u00e1 coleccionar y personalizar a tus amigos droides favoritos con estos encantadores personajes de peluche en escala de 15cm, los puedes llevar a donde sea como tus fieles droides.<\/p>\n<p>Edad recomendada: 4 a\u00f1os en adelante<\/p>\n<p>\u26a0\ufe0fADVERTENCIA: PELIGRO DE ASFIXIA &#8211; Piezas peque\u00f1as. No apto para ni\u00f1os menores de 4 a\u00f1os.<\/p>\n<p>Los productos Star Wars son producidos por Hasbro bajo licencia de Lucasfilm Ltd. y Disney<\/p>\n<p>Hasbro y todos los t\u00e9rminos relacionados son marcas registradas de Hasbro.<\/p>\n","protected":false},"excerpt":{"rendered":"<p>Chopper era el tripulante droide de The Ghost, apoyando a su equipo en todo, desde el mantenimiento de la nave hasta el combate y es un compa\u00f1ero leal de Hera Syndulla desde su ni\u00f1ez.<\/p>\n","protected":false},"featured_media":3987,"comment_status":"open","ping_status":"closed","template":"","meta":[],"product_brand":[],"product_cat":[33],"product_tag":[],"class_list":{"0":"post-1962","1":"product","2":"type-product","3":"status-publish","4":"has-post-thumbnail","6":"product_cat-otros","8":"first","9":"outofstock","10":"taxable","11":"shipping-taxable","12":"purchasable","13":"product-type-simple"},"_links":{"self":[{"href":"https:\/\/r2-toys.com\/index.php\/wp-json\/wp\/v2\/product\/1962","targetHints":{"allow":["GET"]}}],"collection":[{"href":"https:\/\/r2-toys.com\/index.php\/wp-json\/wp\/v2\/product"}],"about":[{"href":"https:\/\/r2-toys.com\/index.php\/wp-json\/wp\/v2\/types\/product"}],"replies":[{"embeddable":true,"href":"https:\/\/r2-toys.com\/index.php\/wp-json\/wp\/v2\/comments?post=1962"}],"wp:featuredmedia":[{"embeddable":true,"href":"https:\/\/r2-toys.com\/index.php\/wp-json\/wp\/v2\/media\/3987"}],"wp:attachment":[{"href":"https:\/\/r2-toys.com\/index.php\/wp-json\/wp\/v2\/media?parent=1962"}],"wp:term":[{"taxonomy":"product_brand","embeddable":true,"href":"https:\/\/r2-toys.com\/index.php\/wp-json\/wp\/v2\/product_brand?post=1962"},{"taxonomy":"product_cat","embeddable":true,"href":"https:\/\/r2-toys.com\/index.php\/wp-json\/wp\/v2\/product_cat?post=1962"},{"taxonomy":"product_tag","embeddable":true,"href":"https:\/\/r2-toys.com\/index.php\/wp-json\/wp\/v2\/product_tag?post=1962"}],"curies":[{"name":"wp","href":"https:\/\/api.w.org\/{rel}","templated":true}]}}