{"id":1964,"date":"2022-03-31T23:27:14","date_gmt":"2022-03-31T17:27:14","guid":{"rendered":"https:\/\/r2-toys.com\/?post_type=product&#038;p=1964"},"modified":"2022-06-10T20:41:44","modified_gmt":"2022-06-10T14:41:44","slug":"d-o-interactive-droid","status":"publish","type":"product","link":"https:\/\/r2-toys.com\/index.php\/product\/d-o-interactive-droid\/","title":{"rendered":"D-O Interactive Droid"},"content":{"rendered":"<p>El Droid interactivo D-O permitir\u00e1 jugar con un droide inspirado en el peque\u00f1o droide roller. Conduce a D-O usando la aplicaci\u00f3n descargable gratuita, o juega en uno de los m\u00faltiples modos, ya sea que D-O est\u00e9 descansando en la estaci\u00f3n de acoplamiento incluida o rodando por el suelo.<\/p>\n<p>El D-O Interactive Droid tiene una rueda autoequilibrante, cabeza m\u00f3vil y antenas, cuenta con ojos LED iluminados, efectos de sonido y decoraci\u00f3n premium inspirada en The Rise of Skywalker. Incluye: Droide, bola, cable de carga USB, estaci\u00f3n de acoplamiento extra\u00edble e instrucciones.<\/p>\n<p>\u2022 CONTROLA D-O CON LA APLICACI\u00d3N GRATUITA<\/p>\n<p>Consulte <a href=\"http:\/\/apps.hasbro.com\/\">apps.Hasbro.com<\/a> para conocer la disponibilidad, compatibilidad y fechas de actualizaci\u00f3n de las aplicaciones. Sitio web y aplicaci\u00f3n no disponibles en todos los idiomas\/pa\u00edses.<\/p>\n<p>Nota: Hasbro solo es responsable del contenido generado por Hasbro. Consulte los t\u00e9rminos y condiciones de terceros para obtener m\u00e1s informaci\u00f3n<\/p>\n<p>\u2022 BATER\u00cdA LIPO x1 3.7V 500mAh INCLUIDA. No reemplazable.<\/p>\n<p>Edad recomendada: 4 a\u00f1os en adelante<\/p>\n<p>\u26a0\ufe0fADVERTENCIA: PELIGRO DE ASFIXIA &#8211; Piezas peque\u00f1as. No apto para ni\u00f1os menores de 4 a\u00f1os.<\/p>\n<p>Los productos Star Wars son producidos por Hasbro bajo licencia de Lucasfilm Ltd. y Disney<\/p>\n<p>Hasbro y todos los t\u00e9rminos relacionados son marcas registradas de Hasbro.<\/p>\n","protected":false},"excerpt":{"rendered":"<p>El Droid interactivo D-O permitir\u00e1 jugar con un droide inspirado en el peque\u00f1o droide roller. Conduce a D-O usando la aplicaci\u00f3n descargable gratuita, o juega en uno de los m\u00faltiples modos, ya sea que D-O est\u00e9 descansando en la estaci\u00f3n de acoplamiento incluida o rodando por el suelo.<\/p>\n","protected":false},"featured_media":3992,"comment_status":"open","ping_status":"closed","template":"","meta":[],"product_brand":[],"product_cat":[33,19],"product_tag":[],"class_list":{"0":"post-1964","1":"product","2":"type-product","3":"status-publish","4":"has-post-thumbnail","6":"product_cat-otros","7":"product_cat-star-wars","9":"first","10":"instock","11":"taxable","12":"shipping-taxable","13":"purchasable","14":"product-type-simple"},"_links":{"self":[{"href":"https:\/\/r2-toys.com\/index.php\/wp-json\/wp\/v2\/product\/1964","targetHints":{"allow":["GET"]}}],"collection":[{"href":"https:\/\/r2-toys.com\/index.php\/wp-json\/wp\/v2\/product"}],"about":[{"href":"https:\/\/r2-toys.com\/index.php\/wp-json\/wp\/v2\/types\/product"}],"replies":[{"embeddable":true,"href":"https:\/\/r2-toys.com\/index.php\/wp-json\/wp\/v2\/comments?post=1964"}],"wp:featuredmedia":[{"embeddable":true,"href":"https:\/\/r2-toys.com\/index.php\/wp-json\/wp\/v2\/media\/3992"}],"wp:attachment":[{"href":"https:\/\/r2-toys.com\/index.php\/wp-json\/wp\/v2\/media?parent=1964"}],"wp:term":[{"taxonomy":"product_brand","embeddable":true,"href":"https:\/\/r2-toys.com\/index.php\/wp-json\/wp\/v2\/product_brand?post=1964"},{"taxonomy":"product_cat","embeddable":true,"href":"https:\/\/r2-toys.com\/index.php\/wp-json\/wp\/v2\/product_cat?post=1964"},{"taxonomy":"product_tag","embeddable":true,"href":"https:\/\/r2-toys.com\/index.php\/wp-json\/wp\/v2\/product_tag?post=1964"}],"curies":[{"name":"wp","href":"https:\/\/api.w.org\/{rel}","templated":true}]}}