{"id":1965,"date":"2022-03-31T23:30:50","date_gmt":"2022-03-31T17:30:50","guid":{"rendered":"https:\/\/r2-toys.com\/?post_type=product&#038;p=1965"},"modified":"2022-06-17T00:18:16","modified_gmt":"2022-06-16T18:18:16","slug":"general-grievous-tsmeu-6-wheel-bike-hotwheels","status":"publish","type":"product","link":"https:\/\/r2-toys.com\/index.php\/product\/general-grievous-tsmeu-6-wheel-bike-hotwheels\/","title":{"rendered":"GENERAL GRIEVOUS\u2019 TSMEU-6 WHEEL BIKE Hotwheels"},"content":{"rendered":"<p>TSMEU-6 fue el veh\u00edculo preferido por el General Grievous durante la invasi\u00f3n separatista de Utapau. Era un transporte r\u00e1pido y maniobrable. El TSMEU-6 era un veh\u00edculo de un solo pasajero, con un asiento junto a su rueda, y pod\u00eda alcanzar velocidades de hasta 330 kil\u00f3metros por hora al rodar, y 10 kil\u00f3metros por hora cuando corr\u00eda sobre sus patas retr\u00e1ctiles. Tambi\u00e9n ten\u00eda una potencia de fuego significativa, con un potente ca\u00f1\u00f3n l\u00e1ser doble.<\/p>\n<p>Veh\u00edculo a escala 1:64, fabricado en metal con muchos detalles inspirados en la pel\u00edcula Clone Wars.<\/p>\n<p>Edad recomendada: 4 a\u00f1os en adelante<\/p>\n<p>\u26a0\ufe0fADVERTENCIA: PELIGRO DE ASFIXIA &#8211; Piezas peque\u00f1as. No apto para ni\u00f1os menores de 4 a\u00f1os.<\/p>\n<p>Los productos Star Wars son producidos bajo licencia de Lucasfilm Ltd. y Disney<\/p>\n<p>Mattel, Hot Wheels y todos los t\u00e9rminos relacionados son marcas registradas de Mattel.<\/p>\n","protected":false},"excerpt":{"rendered":"<p>TSMEU-6 fue el veh\u00edculo preferido por el General Grievous durante la invasi\u00f3n separatista de Utapau. Era un transporte r\u00e1pido y maniobrable. El TSMEU-6 era un veh\u00edculo de un solo pasajero, con un asiento junto a su rueda, y pod\u00eda alcanzar velocidades de hasta 330 kil\u00f3metros por hora al rodar, y 10 kil\u00f3metros por hora cuando corr\u00eda sobre sus patas retr\u00e1ctiles. Tambi\u00e9n ten\u00eda una potencia de fuego significativa, con un potente ca\u00f1\u00f3n l\u00e1ser doble.<\/p>\n","protected":false},"featured_media":4003,"comment_status":"open","ping_status":"closed","template":"","meta":[],"product_brand":[],"product_cat":[33],"product_tag":[],"class_list":{"0":"post-1965","1":"product","2":"type-product","3":"status-publish","4":"has-post-thumbnail","6":"product_cat-otros","8":"first","9":"outofstock","10":"taxable","11":"shipping-taxable","12":"purchasable","13":"product-type-simple"},"_links":{"self":[{"href":"https:\/\/r2-toys.com\/index.php\/wp-json\/wp\/v2\/product\/1965","targetHints":{"allow":["GET"]}}],"collection":[{"href":"https:\/\/r2-toys.com\/index.php\/wp-json\/wp\/v2\/product"}],"about":[{"href":"https:\/\/r2-toys.com\/index.php\/wp-json\/wp\/v2\/types\/product"}],"replies":[{"embeddable":true,"href":"https:\/\/r2-toys.com\/index.php\/wp-json\/wp\/v2\/comments?post=1965"}],"wp:featuredmedia":[{"embeddable":true,"href":"https:\/\/r2-toys.com\/index.php\/wp-json\/wp\/v2\/media\/4003"}],"wp:attachment":[{"href":"https:\/\/r2-toys.com\/index.php\/wp-json\/wp\/v2\/media?parent=1965"}],"wp:term":[{"taxonomy":"product_brand","embeddable":true,"href":"https:\/\/r2-toys.com\/index.php\/wp-json\/wp\/v2\/product_brand?post=1965"},{"taxonomy":"product_cat","embeddable":true,"href":"https:\/\/r2-toys.com\/index.php\/wp-json\/wp\/v2\/product_cat?post=1965"},{"taxonomy":"product_tag","embeddable":true,"href":"https:\/\/r2-toys.com\/index.php\/wp-json\/wp\/v2\/product_tag?post=1965"}],"curies":[{"name":"wp","href":"https:\/\/api.w.org\/{rel}","templated":true}]}}