{"id":1981,"date":"2022-03-31T23:46:24","date_gmt":"2022-03-31T17:46:24","guid":{"rendered":"https:\/\/r2-toys.com\/?post_type=product&#038;p=1981"},"modified":"2022-06-10T20:37:10","modified_gmt":"2022-06-10T14:37:10","slug":"galactic-snackin-grogu","status":"publish","type":"product","link":"https:\/\/r2-toys.com\/index.php\/product\/galactic-snackin-grogu\/","title":{"rendered":"Galactic Snackin Grogu"},"content":{"rendered":"<p>Con toda una galaxia de funciones, incluyendo adorables sonidos, divertidos movimientos y accesorios interactivos, este juguete animatr\u00f3nico est\u00e1 listo para la acci\u00f3n y la aventura.<\/p>\n<p>Coloca cualquiera de los accesorios inspirados en la serie en su mano y \u00e9l reaccionar\u00e1 o un accesorio en su boca y \u00e9l emitir\u00e1 sonidos que simulan que come y que le agrada o desagrada la comida.<\/p>\n<p>Cuando Grogu quiera que lo tomes en tus brazos, \u00e9l extender\u00e1 los brazos, con la activaci\u00f3n de la Fuerza, el juguete Grogu realizar\u00e1 un movimiento de la Fuerza con ambas manos.<\/p>\n<p>Incluye efectos de sonido inspirados en la serie, ropa de textura suave, la cabeza, orejas, brazos se mueven y los ojos parpadean.<\/p>\n<p>La figura de 23cm incluye instructivo, 4 accesorios interactivos y m\u00e1s de 40 combinaciones de sonidos y movimientos.<\/p>\n<p>Edad recomendada: 4 a\u00f1os en adelante<\/p>\n<p>\u26a0\ufe0fADVERTENCIA: PELIGRO DE ASFIXIA &#8211; Piezas peque\u00f1as. No apto para ni\u00f1os menores de 4 a\u00f1os.<\/p>\n<p>Los productos Star Wars son producidos por Hasbro bajo licencia de Lucasfilm Ltd. y Disney<\/p>\n<p>Hasbro y todos los t\u00e9rminos relacionados son marcas registradas de Hasbro.<\/p>\n","protected":false},"excerpt":{"rendered":"<p>Con toda una galaxia de funciones, incluyendo adorables sonidos, divertidos movimientos y accesorios interactivos, este juguete animatr\u00f3nico est\u00e1 listo para la acci\u00f3n y la aventura.<\/p>\n<p>Coloca cualquiera de los accesorios inspirados en la serie en su mano y \u00e9l reaccionar\u00e1 o un accesorio en su boca y \u00e9l emitir\u00e1 sonidos que simulan que come y que le agrada o desagrada la comida.<\/p>\n<p>&nbsp;<\/p>\n","protected":false},"featured_media":4000,"comment_status":"open","ping_status":"closed","template":"","meta":[],"product_brand":[],"product_cat":[33],"product_tag":[],"class_list":{"0":"post-1981","1":"product","2":"type-product","3":"status-publish","4":"has-post-thumbnail","6":"product_cat-otros","8":"first","9":"instock","10":"taxable","11":"shipping-taxable","12":"purchasable","13":"product-type-simple"},"_links":{"self":[{"href":"https:\/\/r2-toys.com\/index.php\/wp-json\/wp\/v2\/product\/1981","targetHints":{"allow":["GET"]}}],"collection":[{"href":"https:\/\/r2-toys.com\/index.php\/wp-json\/wp\/v2\/product"}],"about":[{"href":"https:\/\/r2-toys.com\/index.php\/wp-json\/wp\/v2\/types\/product"}],"replies":[{"embeddable":true,"href":"https:\/\/r2-toys.com\/index.php\/wp-json\/wp\/v2\/comments?post=1981"}],"wp:featuredmedia":[{"embeddable":true,"href":"https:\/\/r2-toys.com\/index.php\/wp-json\/wp\/v2\/media\/4000"}],"wp:attachment":[{"href":"https:\/\/r2-toys.com\/index.php\/wp-json\/wp\/v2\/media?parent=1981"}],"wp:term":[{"taxonomy":"product_brand","embeddable":true,"href":"https:\/\/r2-toys.com\/index.php\/wp-json\/wp\/v2\/product_brand?post=1981"},{"taxonomy":"product_cat","embeddable":true,"href":"https:\/\/r2-toys.com\/index.php\/wp-json\/wp\/v2\/product_cat?post=1981"},{"taxonomy":"product_tag","embeddable":true,"href":"https:\/\/r2-toys.com\/index.php\/wp-json\/wp\/v2\/product_tag?post=1981"}],"curies":[{"name":"wp","href":"https:\/\/api.w.org\/{rel}","templated":true}]}}