{"id":1983,"date":"2022-03-31T23:38:09","date_gmt":"2022-03-31T17:38:09","guid":{"rendered":"https:\/\/r2-toys.com\/?post_type=product&#038;p=1983"},"modified":"2022-09-26T04:36:37","modified_gmt":"2022-09-25T22:36:37","slug":"peluche-petit-disney-chewbacca","status":"publish","type":"product","link":"https:\/\/r2-toys.com\/index.php\/product\/peluche-petit-disney-chewbacca\/","title":{"rendered":"Peluche Petit Disney Chewbacca"},"content":{"rendered":"<p>Guerrero Wookiee y copiloto de Han Solo desde hace mucho tiempo, Chewbacca contin\u00fao sirviendo como fiel primer oficial para llevar a cabo misiones audaces contra la Primera Orden detr\u00e1s de los controles del Halc\u00f3n Milenario. Conocido como Chewie por sus amigos m\u00e1s cercanos, form\u00f3 parte de un grupo central de rebeldes que restauraron la libertad de la galaxia durante el reinado del Imperio Gal\u00e1ctico.<\/p>\n<p>Peluche de 41 cm con facciones tiernas, afelpado, suave y relleno de delcr\u00f3n siliconizado.<\/p>\n<p>Edad recomendada: 4 a\u00f1os en adelante<\/p>\n<p>\u26a0\ufe0fADVERTENCIA: PELIGRO DE ASFIXIA &#8211; Piezas peque\u00f1as. No apto para ni\u00f1os menores de 4 a\u00f1os.<\/p>\n<p>Los productos Star Wars son producidos bajo licencia de Lucasfilm Ltd. y Disney<\/p>\n<p>Todos los t\u00e9rminos relacionados son marcas registradas.<\/p>\n","protected":false},"excerpt":{"rendered":"<p>Guerrero Wookiee y copiloto de Han Solo desde hace mucho tiempo, Chewbacca contin\u00fao sirviendo como fiel primer oficial para llevar a cabo misiones audaces contra la Primera Orden detr\u00e1s de los controles del Halc\u00f3n Milenario. Conocido como Chewie por sus amigos m\u00e1s cercanos, form\u00f3 parte de un grupo central de rebeldes que restauraron la libertad de la galaxia durante el reinado del Imperio Gal\u00e1ctico.<\/p>\n","protected":false},"featured_media":4013,"comment_status":"open","ping_status":"closed","template":"","meta":[],"product_brand":[],"product_cat":[33],"product_tag":[],"class_list":{"0":"post-1983","1":"product","2":"type-product","3":"status-publish","4":"has-post-thumbnail","6":"product_cat-otros","8":"first","9":"instock","10":"taxable","11":"shipping-taxable","12":"purchasable","13":"product-type-simple"},"_links":{"self":[{"href":"https:\/\/r2-toys.com\/index.php\/wp-json\/wp\/v2\/product\/1983","targetHints":{"allow":["GET"]}}],"collection":[{"href":"https:\/\/r2-toys.com\/index.php\/wp-json\/wp\/v2\/product"}],"about":[{"href":"https:\/\/r2-toys.com\/index.php\/wp-json\/wp\/v2\/types\/product"}],"replies":[{"embeddable":true,"href":"https:\/\/r2-toys.com\/index.php\/wp-json\/wp\/v2\/comments?post=1983"}],"wp:featuredmedia":[{"embeddable":true,"href":"https:\/\/r2-toys.com\/index.php\/wp-json\/wp\/v2\/media\/4013"}],"wp:attachment":[{"href":"https:\/\/r2-toys.com\/index.php\/wp-json\/wp\/v2\/media?parent=1983"}],"wp:term":[{"taxonomy":"product_brand","embeddable":true,"href":"https:\/\/r2-toys.com\/index.php\/wp-json\/wp\/v2\/product_brand?post=1983"},{"taxonomy":"product_cat","embeddable":true,"href":"https:\/\/r2-toys.com\/index.php\/wp-json\/wp\/v2\/product_cat?post=1983"},{"taxonomy":"product_tag","embeddable":true,"href":"https:\/\/r2-toys.com\/index.php\/wp-json\/wp\/v2\/product_tag?post=1983"}],"curies":[{"name":"wp","href":"https:\/\/api.w.org\/{rel}","templated":true}]}}