{"id":1987,"date":"2022-03-31T23:44:20","date_gmt":"2022-03-31T17:44:20","guid":{"rendered":"https:\/\/r2-toys.com\/?post_type=product&#038;p=1987"},"modified":"2022-06-10T20:37:50","modified_gmt":"2022-06-10T14:37:50","slug":"the-mandalorian-jewelery-set-exclusivo","status":"publish","type":"product","link":"https:\/\/r2-toys.com\/index.php\/product\/the-mandalorian-jewelery-set-exclusivo\/","title":{"rendered":"THE MANDALORIAN JEWELERY SET Exclusivo"},"content":{"rendered":"<p>Su cuerpo est\u00e1 protegido por una armadura Beskar, su rostro est\u00e1 oculto detr\u00e1s de una m\u00e1scara con visor en T y su pasado est\u00e1 envuelto en misterio.<\/p>\n<p>Este set incluye tres piezas distintas que los fan\u00e1ticos de la serie reconocer\u00e1n de inmediato. Eso incluye una r\u00e9plica port\u00e1til de la medalla Client Cog, como la que luce el leal al Imperio Gal\u00e1ctico de Werner Herzog, contiene una r\u00e9plica del cr\u00e9dito Beskar, que presenta la insignia Empire. Es un recordatorio de que el Imperio una vez lo posey\u00f3. Esa pieza rectangular de metal era sagrada para los mandalorianos.<\/p>\n<p>Tambi\u00e9n incluye un collar Mythosaur, que anteriormente era mejor conocido como el sello de Boba Fett. La leyenda dice que el mitosaurio gigante una vez corri\u00f3 desenfrenado sobre el planeta de Mandalore y el certificado de autenticidad.<\/p>\n<p>El conjunto tambi\u00e9n viene empaquetado &#8220;en una atractiva caja de coleccionista con tem\u00e1tica mandaloriana que es ideal para exhibir&#8221;. Cuenta con una pintura de un mitosaurio en la parte superior y el n\u00famero de producci\u00f3n. Un interior rojo tambi\u00e9n muestra un sello de mitosaurio negro rodeado de las palabras &#8220;Mandalorian Bounty Hunter&#8221;.<\/p>\n<p>Edad recomendada: 4 a\u00f1os en adelante<\/p>\n<p>\u26a0\ufe0fADVERTENCIA: PELIGRO DE ASFIXIA &#8211; Piezas peque\u00f1as. No apto para ni\u00f1os menores de 4 a\u00f1os.<\/p>\n<p>Los productos Star Wars son producidos por Hasbro bajo licencia de Lucasfilm Ltd. y Disney<\/p>\n<p>Hasbro, Gamestop y todos los t\u00e9rminos relacionados son marcas registradas Hasbro y Gamestop.<\/p>\n","protected":false},"excerpt":{"rendered":"<p>Su cuerpo est\u00e1 protegido por una armadura Beskar, su rostro est\u00e1 oculto detr\u00e1s de una m\u00e1scara con visor en T y su pasado est\u00e1 envuelto en misterio.<\/p>\n<p>Este set incluye tres piezas distintas que los fan\u00e1ticos de la serie reconocer\u00e1n de inmediato. Eso incluye una r\u00e9plica port\u00e1til de la medalla Client Cog, como la que luce el leal al Imperio Gal\u00e1ctico de Werner Herzog, contiene una r\u00e9plica del cr\u00e9dito Beskar, que presenta la insignia Empire. Es un recordatorio de que el Imperio una vez lo posey\u00f3. Esa pieza rectangular de metal era sagrada para los mandalorianos.<\/p>\n<p>Tambi\u00e9n incluye un collar Mythosaur, que anteriormente era mejor conocido como el sello de Boba Fett. La leyenda dice que el mitosaurio gigante una vez corri\u00f3 desenfrenado sobre el planeta de Mandalore y el certificado de autenticidad.<\/p>\n<p>El conjunto tambi\u00e9n viene empaquetado &#8220;en una atractiva caja de coleccionista con tem\u00e1tica mandaloriana que es ideal para exhibir&#8221;. Cuenta con una pintura de un mitosaurio en la parte superior y el n\u00famero de producci\u00f3n. Un interior rojo tambi\u00e9n muestra un sello de mitosaurio negro rodeado de las palabras &#8220;Mandalorian Bounty Hunter&#8221;.<\/p>\n","protected":false},"featured_media":4029,"comment_status":"open","ping_status":"closed","template":"","meta":[],"product_brand":[],"product_cat":[33],"product_tag":[],"class_list":{"0":"post-1987","1":"product","2":"type-product","3":"status-publish","4":"has-post-thumbnail","6":"product_cat-otros","8":"first","9":"instock","10":"taxable","11":"shipping-taxable","12":"purchasable","13":"product-type-simple"},"_links":{"self":[{"href":"https:\/\/r2-toys.com\/index.php\/wp-json\/wp\/v2\/product\/1987","targetHints":{"allow":["GET"]}}],"collection":[{"href":"https:\/\/r2-toys.com\/index.php\/wp-json\/wp\/v2\/product"}],"about":[{"href":"https:\/\/r2-toys.com\/index.php\/wp-json\/wp\/v2\/types\/product"}],"replies":[{"embeddable":true,"href":"https:\/\/r2-toys.com\/index.php\/wp-json\/wp\/v2\/comments?post=1987"}],"wp:featuredmedia":[{"embeddable":true,"href":"https:\/\/r2-toys.com\/index.php\/wp-json\/wp\/v2\/media\/4029"}],"wp:attachment":[{"href":"https:\/\/r2-toys.com\/index.php\/wp-json\/wp\/v2\/media?parent=1987"}],"wp:term":[{"taxonomy":"product_brand","embeddable":true,"href":"https:\/\/r2-toys.com\/index.php\/wp-json\/wp\/v2\/product_brand?post=1987"},{"taxonomy":"product_cat","embeddable":true,"href":"https:\/\/r2-toys.com\/index.php\/wp-json\/wp\/v2\/product_cat?post=1987"},{"taxonomy":"product_tag","embeddable":true,"href":"https:\/\/r2-toys.com\/index.php\/wp-json\/wp\/v2\/product_tag?post=1987"}],"curies":[{"name":"wp","href":"https:\/\/api.w.org\/{rel}","templated":true}]}}