{"id":1989,"date":"2022-03-31T23:41:46","date_gmt":"2022-03-31T17:41:46","guid":{"rendered":"https:\/\/r2-toys.com\/?post_type=product&#038;p=1989"},"modified":"2024-05-29T09:01:45","modified_gmt":"2024-05-29T03:01:45","slug":"r2-d2-personalizable","status":"publish","type":"product","link":"https:\/\/r2-toys.com\/index.php\/product\/r2-d2-personalizable\/","title":{"rendered":"R2-D2 personalizable"},"content":{"rendered":"<p>R2-D2, droide astromec\u00e1nico confiable y vers\u00e1til, sirvi\u00f3 a Padm\u00e9 Amidala, Anakin Skywalker y Luke Skywalker, mostrando una gran valent\u00eda al rescatar a sus maestros y amigos de muchos peligros.<\/p>\n<p>Te encantar\u00e1 coleccionar y personalizar a tus amigos droides favoritos con estos encantadores personajes de peluche en escala de 15cm, los puedes llevar a donde sea como tus fieles droides.<\/p>\n<p>Edad recomendada: 4 a\u00f1os en adelante<\/p>\n<p>\u26a0\ufe0fADVERTENCIA: PELIGRO DE ASFIXIA &#8211; Piezas peque\u00f1as. No apto para ni\u00f1os menores de 4 a\u00f1os.<\/p>\n<p>Los productos Star Wars son producidos por Hasbro bajo licencia de Lucasfilm Ltd. y Disney<\/p>\n<p>Hasbro y todos los t\u00e9rminos relacionados son marcas registradas de Hasbro.<\/p>\n","protected":false},"excerpt":{"rendered":"<p>R2-D2, droide astromec\u00e1nico confiable y vers\u00e1til, sirvi\u00f3 a Padm\u00e9 Amidala, Anakin Skywalker y Luke Skywalker, mostrando una gran valent\u00eda al rescatar a sus maestros y amigos de muchos peligros.<\/p>\n","protected":false},"featured_media":4018,"comment_status":"open","ping_status":"closed","template":"","meta":[],"product_brand":[],"product_cat":[33],"product_tag":[],"class_list":{"0":"post-1989","1":"product","2":"type-product","3":"status-publish","4":"has-post-thumbnail","6":"product_cat-otros","8":"first","9":"outofstock","10":"taxable","11":"shipping-taxable","12":"purchasable","13":"product-type-simple"},"_links":{"self":[{"href":"https:\/\/r2-toys.com\/index.php\/wp-json\/wp\/v2\/product\/1989","targetHints":{"allow":["GET"]}}],"collection":[{"href":"https:\/\/r2-toys.com\/index.php\/wp-json\/wp\/v2\/product"}],"about":[{"href":"https:\/\/r2-toys.com\/index.php\/wp-json\/wp\/v2\/types\/product"}],"replies":[{"embeddable":true,"href":"https:\/\/r2-toys.com\/index.php\/wp-json\/wp\/v2\/comments?post=1989"}],"wp:featuredmedia":[{"embeddable":true,"href":"https:\/\/r2-toys.com\/index.php\/wp-json\/wp\/v2\/media\/4018"}],"wp:attachment":[{"href":"https:\/\/r2-toys.com\/index.php\/wp-json\/wp\/v2\/media?parent=1989"}],"wp:term":[{"taxonomy":"product_brand","embeddable":true,"href":"https:\/\/r2-toys.com\/index.php\/wp-json\/wp\/v2\/product_brand?post=1989"},{"taxonomy":"product_cat","embeddable":true,"href":"https:\/\/r2-toys.com\/index.php\/wp-json\/wp\/v2\/product_cat?post=1989"},{"taxonomy":"product_tag","embeddable":true,"href":"https:\/\/r2-toys.com\/index.php\/wp-json\/wp\/v2\/product_tag?post=1989"}],"curies":[{"name":"wp","href":"https:\/\/api.w.org\/{rel}","templated":true}]}}