{"id":1990,"date":"2022-03-31T23:42:36","date_gmt":"2022-03-31T17:42:36","guid":{"rendered":"https:\/\/r2-toys.com\/?post_type=product&#038;p=1990"},"modified":"2022-06-17T00:18:16","modified_gmt":"2022-06-16T18:18:16","slug":"razor-crest-hotwheels","status":"publish","type":"product","link":"https:\/\/r2-toys.com\/index.php\/product\/razor-crest-hotwheels\/","title":{"rendered":"Razor Crest  Hotwheels"},"content":{"rendered":"<p>Una antigua nave militar utilizada para patrullar territorios locales en el tiempo anterior al Imperio, la Razor Crest sirve como transporte y alojamiento para el Mandalorian y Grogu.<\/p>\n<p>Veh\u00edculo a escala, fabricado en metal con muchos detalles inspirados en la serie The Mandalorian.<\/p>\n<p>Edad recomendada: 4 a\u00f1os en adelante<\/p>\n<p>\u26a0\ufe0fADVERTENCIA: PELIGRO DE ASFIXIA &#8211; Piezas peque\u00f1as. No apto para ni\u00f1os menores de 4 a\u00f1os.<\/p>\n<p>Los productos Star Wars son producidos por Mettel bajo licencia de Lucasfilm Ltd. y Disney<\/p>\n<p>Mattel, Hot Wheels y todos los t\u00e9rminos relacionados son marcas registradas de Mattel.<\/p>\n","protected":false},"excerpt":{"rendered":"<p>Una antigua nave militar utilizada para patrullar territorios locales en el tiempo anterior al Imperio, la Razor Crest sirve como transporte y alojamiento para el Mandalorian y Grogu.<\/p>\n","protected":false},"featured_media":4023,"comment_status":"open","ping_status":"closed","template":"","meta":[],"product_brand":[],"product_cat":[33],"product_tag":[],"class_list":{"0":"post-1990","1":"product","2":"type-product","3":"status-publish","4":"has-post-thumbnail","6":"product_cat-otros","8":"first","9":"outofstock","10":"taxable","11":"shipping-taxable","12":"purchasable","13":"product-type-simple"},"_links":{"self":[{"href":"https:\/\/r2-toys.com\/index.php\/wp-json\/wp\/v2\/product\/1990","targetHints":{"allow":["GET"]}}],"collection":[{"href":"https:\/\/r2-toys.com\/index.php\/wp-json\/wp\/v2\/product"}],"about":[{"href":"https:\/\/r2-toys.com\/index.php\/wp-json\/wp\/v2\/types\/product"}],"replies":[{"embeddable":true,"href":"https:\/\/r2-toys.com\/index.php\/wp-json\/wp\/v2\/comments?post=1990"}],"wp:featuredmedia":[{"embeddable":true,"href":"https:\/\/r2-toys.com\/index.php\/wp-json\/wp\/v2\/media\/4023"}],"wp:attachment":[{"href":"https:\/\/r2-toys.com\/index.php\/wp-json\/wp\/v2\/media?parent=1990"}],"wp:term":[{"taxonomy":"product_brand","embeddable":true,"href":"https:\/\/r2-toys.com\/index.php\/wp-json\/wp\/v2\/product_brand?post=1990"},{"taxonomy":"product_cat","embeddable":true,"href":"https:\/\/r2-toys.com\/index.php\/wp-json\/wp\/v2\/product_cat?post=1990"},{"taxonomy":"product_tag","embeddable":true,"href":"https:\/\/r2-toys.com\/index.php\/wp-json\/wp\/v2\/product_tag?post=1990"}],"curies":[{"name":"wp","href":"https:\/\/api.w.org\/{rel}","templated":true}]}}